{"id":773,"date":"2019-03-21T10:00:52","date_gmt":"2019-03-21T09:00:52","guid":{"rendered":"https:\/\/landvanfluwel.nl\/?page_id=773"},"modified":"2026-03-18T14:34:25","modified_gmt":"2026-03-18T13:34:25","slug":"adres-routebeschrijving","status":"publish","type":"page","link":"https:\/\/landvanfluwel.nl\/de\/adres-routebeschrijving\/","title":{"rendered":"Adresse und Wegbeschreibung"},"content":{"rendered":"<p>Das beste Abenteuer an der Noord-Hollandse-K\u00fcste erleben Sie in Sint Maartenszee!<\/p>\n<p>Land van Fluwel ist mit dem Fahrrad oder dem Auto gut erreichbar. Es gibt zahlreiche kostenlose Parkpl\u00e4tze am Park und eine Fahrradladestation.<\/p>\n<p>Vom 30. M\u00e4rz bis 5. Juni 2026 ist die Belkmerweg auf der Petten-Seite in Richtung uns gesperrt. Sie k\u00f6nnen bequem \u00fcber die N9 fahren und die Ausfahrt zur Sint Maartenszee nehmen; von dort ist die Belkmerweg ge\u00f6ffnet und Sie erreichen uns!<\/p>\n<p><strong>Adresse Land van Fluwel<\/strong><br \/>\nBelkmerweg 65<br \/>\n1753 GD, Sint Maartenszee<br \/>\nNoord-Holland, Niederlande<br \/>\nT: 0224-562555<\/p>\n<p><strong>Richtungen<\/strong><\/p>\n<p><iframe src=\"https:\/\/www.google.com\/maps\/embed?pb=!1m18!1m12!1m3!1d2413.3184807188786!2d4.689843515361257!3d52.78056502463891!2m3!1f0!2f0!3f0!3m2!1i1024!2i768!4f13.1!3m3!1m2!1s0x47cf5acca4a3b555%3A0xd002c30eba1327bc!2sLand+van+Fluwel+Pannenkoekenrestaurant+%26+Avonturenparadijs!5e0!3m2!1snl!2snl!4v1552910171076\" width=\"600\" height=\"450\" frameborder=\"0\" allowfullscreen=\"allowfullscreen\" data-mce-fragment=\"1\"><\/iframe><\/p>\n<p><strong>Gratis Parkpl\u00e4tze<\/strong><\/p>\n<div class=\"wp-menu-name\">Es gibt ausreichend kostenlose Parkpl\u00e4tze vor Ort.<\/div>\n<p><strong>\u00d6ffnungszeiten<\/strong><\/p>\n<table style=\"width: 100%;\">\n<tbody>\n<tr>\n<td style=\"width: 30%; border: 1px solid black; padding: 5px;\"><\/td>\n<td style=\"width: 45%; border: 1px solid black; padding: 5px;\"><strong>\u00d6ffnungstage\u00a0<\/strong><\/td>\n<td style=\"width: 25%; border: 1px solid black; padding: 5px;\"><strong>\u00d6ffnungszeiten\u00a0<\/strong><\/td>\n<\/tr>\n<tr>\n<td style=\"border: 1px solid black; padding: 5px;\">21. M\u00e4rz bis August 2026<\/td>\n<td style=\"border: 1px solid black; padding: 5px;\">T\u00e4glich<\/td>\n<td style=\"border: 1px solid black; padding: 5px;\">10:00 - 18:00 Uhr<\/td>\n<\/tr>\n<tr>\n<td style=\"border: 1px solid black; padding: 5px;\">September und Oktober 2026*<\/td>\n<td style=\"border: 1px solid black; padding: 5px;\">Mittwoch \u2013 Sonntag<\/td>\n<td style=\"border: 1px solid black; padding: 5px;\">10:00 - 18:00 Uhr<\/td>\n<\/tr>\n<\/tbody>\n<\/table>\n<p><em>*In den Herbstferien t\u00e4glich ge\u00f6ffnet.<br \/>\n<\/em><\/p>\n<p><strong>Treue Vierbeiner\u00a0<\/strong><\/p>\n<p>Auch Hunde sind im Land van Fluwel an der kurzen Leine willkommen. Nehmen Sie Hundetaschen mit und verlassen Sie den Park aufger\u00e4umt.<\/p>","protected":false},"excerpt":{"rendered":"<p>Het leukste avontuur beleef je aan de Noord-Hollandse kust in Sint Maartenszee! Land van Fluwel is goed te bereiken met de fiets of de auto. Op het park is voldoende gratis parkeergelegenheid en er is een fietsoplaadpunt. 30 maart t\/m 5 juni 2026 is de Belkmerweg aan de kant van Petten naar ons toe gesloten, [&hellip;]<\/p>\n","protected":false},"author":3,"featured_media":2712,"parent":0,"menu_order":0,"comment_status":"closed","ping_status":"closed","template":"","meta":{"footnotes":""},"class_list":["post-773","page","type-page","status-publish","has-post-thumbnail","hentry"],"yoast_head":"<!-- This site is optimized with the Yoast SEO plugin v27.4 - https:\/\/yoast.com\/product\/yoast-seo-wordpress\/ -->\n<title>Adres &amp; Routebeschrijving (Gratis parkeren) - Land van Fluwel<\/title>\n<meta name=\"description\" content=\"Avonturenpark Land van Fluwel ligt aan de Noord-Hollandse kust in Sint Maartenszee (15 min. vanaf Alkmaar). Er is voldoende gratis parkeergelegenheid.\" \/>\n<meta name=\"robots\" content=\"index, follow, max-snippet:-1, max-image-preview:large, max-video-preview:-1\" \/>\n<link rel=\"canonical\" href=\"https:\/\/landvanfluwel.nl\/de\/adres-routebeschrijving\/\" \/>\n<meta property=\"og:locale\" content=\"de_DE\" \/>\n<meta property=\"og:type\" content=\"article\" \/>\n<meta property=\"og:title\" content=\"Adres &amp; Routebeschrijving (Gratis parkeren) - Land van Fluwel\" \/>\n<meta property=\"og:description\" content=\"Avonturenpark Land van Fluwel ligt aan de Noord-Hollandse kust in Sint Maartenszee (15 min. vanaf Alkmaar). Er is voldoende gratis parkeergelegenheid.\" \/>\n<meta property=\"og:url\" content=\"https:\/\/landvanfluwel.nl\/de\/adres-routebeschrijving\/\" \/>\n<meta property=\"og:site_name\" content=\"Land van Fluwel\" \/>\n<meta property=\"article:modified_time\" content=\"2026-03-18T13:34:25+00:00\" \/>\n<meta property=\"og:image\" content=\"https:\/\/landvanfluwel.nl\/wp-content\/uploads\/2023\/06\/Land-van-Fluwel-Avonturenparadijs-16-min-scaled.jpg\" \/>\n\t<meta property=\"og:image:width\" content=\"2560\" \/>\n\t<meta property=\"og:image:height\" content=\"1707\" \/>\n\t<meta property=\"og:image:type\" content=\"image\/jpeg\" \/>\n<meta name=\"twitter:card\" content=\"summary_large_image\" \/>\n<meta name=\"twitter:label1\" content=\"Gesch\u00e4tzte Lesezeit\" \/>\n\t<meta name=\"twitter:data1\" content=\"1\u00a0Minute\" \/>\n<script type=\"application\/ld+json\" class=\"yoast-schema-graph\">{\"@context\":\"https:\\\/\\\/schema.org\",\"@graph\":[{\"@type\":\"WebPage\",\"@id\":\"https:\\\/\\\/landvanfluwel.nl\\\/adres-routebeschrijving\\\/\",\"url\":\"https:\\\/\\\/landvanfluwel.nl\\\/adres-routebeschrijving\\\/\",\"name\":\"Adres & Routebeschrijving (Gratis parkeren) - Land van Fluwel\",\"isPartOf\":{\"@id\":\"https:\\\/\\\/landvanfluwel.nl\\\/#website\"},\"primaryImageOfPage\":{\"@id\":\"https:\\\/\\\/landvanfluwel.nl\\\/adres-routebeschrijving\\\/#primaryimage\"},\"image\":{\"@id\":\"https:\\\/\\\/landvanfluwel.nl\\\/adres-routebeschrijving\\\/#primaryimage\"},\"thumbnailUrl\":\"https:\\\/\\\/landvanfluwel.nl\\\/wp-content\\\/uploads\\\/2023\\\/06\\\/Land-van-Fluwel-Avonturenparadijs-16-min-scaled.jpg\",\"datePublished\":\"2019-03-21T09:00:52+00:00\",\"dateModified\":\"2026-03-18T13:34:25+00:00\",\"description\":\"Avonturenpark Land van Fluwel ligt aan de Noord-Hollandse kust in Sint Maartenszee (15 min. vanaf Alkmaar). Er is voldoende gratis parkeergelegenheid.\",\"breadcrumb\":{\"@id\":\"https:\\\/\\\/landvanfluwel.nl\\\/adres-routebeschrijving\\\/#breadcrumb\"},\"inLanguage\":\"de\",\"potentialAction\":[{\"@type\":\"ReadAction\",\"target\":[\"https:\\\/\\\/landvanfluwel.nl\\\/adres-routebeschrijving\\\/\"]}]},{\"@type\":\"ImageObject\",\"inLanguage\":\"de\",\"@id\":\"https:\\\/\\\/landvanfluwel.nl\\\/adres-routebeschrijving\\\/#primaryimage\",\"url\":\"https:\\\/\\\/landvanfluwel.nl\\\/wp-content\\\/uploads\\\/2023\\\/06\\\/Land-van-Fluwel-Avonturenparadijs-16-min-scaled.jpg\",\"contentUrl\":\"https:\\\/\\\/landvanfluwel.nl\\\/wp-content\\\/uploads\\\/2023\\\/06\\\/Land-van-Fluwel-Avonturenparadijs-16-min-scaled.jpg\",\"width\":2560,\"height\":1707},{\"@type\":\"BreadcrumbList\",\"@id\":\"https:\\\/\\\/landvanfluwel.nl\\\/adres-routebeschrijving\\\/#breadcrumb\",\"itemListElement\":[{\"@type\":\"ListItem\",\"position\":1,\"name\":\"Home\",\"item\":\"https:\\\/\\\/landvanfluwel.nl\\\/\"},{\"@type\":\"ListItem\",\"position\":2,\"name\":\"Adres &#038; Routebeschrijving\"}]},{\"@type\":\"WebSite\",\"@id\":\"https:\\\/\\\/landvanfluwel.nl\\\/#website\",\"url\":\"https:\\\/\\\/landvanfluwel.nl\\\/\",\"name\":\"Land van Fluwel\",\"description\":\"Beleef het Avontuur!\",\"publisher\":{\"@id\":\"https:\\\/\\\/landvanfluwel.nl\\\/#organization\"},\"potentialAction\":[{\"@type\":\"SearchAction\",\"target\":{\"@type\":\"EntryPoint\",\"urlTemplate\":\"https:\\\/\\\/landvanfluwel.nl\\\/?s={search_term_string}\"},\"query-input\":{\"@type\":\"PropertyValueSpecification\",\"valueRequired\":true,\"valueName\":\"search_term_string\"}}],\"inLanguage\":\"de\"},{\"@type\":\"Organization\",\"@id\":\"https:\\\/\\\/landvanfluwel.nl\\\/#organization\",\"name\":\"Land van Fluwel\",\"url\":\"https:\\\/\\\/landvanfluwel.nl\\\/\",\"logo\":{\"@type\":\"ImageObject\",\"inLanguage\":\"de\",\"@id\":\"https:\\\/\\\/landvanfluwel.nl\\\/#\\\/schema\\\/logo\\\/image\\\/\",\"url\":\"https:\\\/\\\/landvanfluwel.nl\\\/wp-content\\\/uploads\\\/2018\\\/03\\\/cropped-logo_landvanfluwel-1.png\",\"contentUrl\":\"https:\\\/\\\/landvanfluwel.nl\\\/wp-content\\\/uploads\\\/2018\\\/03\\\/cropped-logo_landvanfluwel-1.png\",\"width\":100,\"height\":119,\"caption\":\"Land van Fluwel\"},\"image\":{\"@id\":\"https:\\\/\\\/landvanfluwel.nl\\\/#\\\/schema\\\/logo\\\/image\\\/\"}}]}<\/script>\n<!-- \/ Yoast SEO plugin. -->","yoast_head_json":{"title":"Adresse und Wegbeschreibung (kostenloses Parken) \u2013 Land van Fluwel","description":"Der Abenteuerpark Land van Fluwel liegt an der Noord-Hollandse-K\u00fcste in Sint Maartenszee (15 Minuten von Alkmaar entfernt). Es gibt jede Menge kostenlose Parkpl\u00e4tze.","robots":{"index":"index","follow":"follow","max-snippet":"max-snippet:-1","max-image-preview":"max-image-preview:large","max-video-preview":"max-video-preview:-1"},"canonical":"https:\/\/landvanfluwel.nl\/de\/adres-routebeschrijving\/","og_locale":"de_DE","og_type":"article","og_title":"Adres & Routebeschrijving (Gratis parkeren) - Land van Fluwel","og_description":"Avonturenpark Land van Fluwel ligt aan de Noord-Hollandse kust in Sint Maartenszee (15 min. vanaf Alkmaar). Er is voldoende gratis parkeergelegenheid.","og_url":"https:\/\/landvanfluwel.nl\/de\/adres-routebeschrijving\/","og_site_name":"Land van Fluwel","article_modified_time":"2026-03-18T13:34:25+00:00","og_image":[{"width":2560,"height":1707,"url":"https:\/\/landvanfluwel.nl\/wp-content\/uploads\/2023\/06\/Land-van-Fluwel-Avonturenparadijs-16-min-scaled.jpg","type":"image\/jpeg"}],"twitter_card":"summary_large_image","twitter_misc":{"Gesch\u00e4tzte Lesezeit":"1\u00a0Minute"},"schema":{"@context":"https:\/\/schema.org","@graph":[{"@type":"WebPage","@id":"https:\/\/landvanfluwel.nl\/adres-routebeschrijving\/","url":"https:\/\/landvanfluwel.nl\/adres-routebeschrijving\/","name":"Adresse und Wegbeschreibung (kostenloses Parken) \u2013 Land van Fluwel","isPartOf":{"@id":"https:\/\/landvanfluwel.nl\/#website"},"primaryImageOfPage":{"@id":"https:\/\/landvanfluwel.nl\/adres-routebeschrijving\/#primaryimage"},"image":{"@id":"https:\/\/landvanfluwel.nl\/adres-routebeschrijving\/#primaryimage"},"thumbnailUrl":"https:\/\/landvanfluwel.nl\/wp-content\/uploads\/2023\/06\/Land-van-Fluwel-Avonturenparadijs-16-min-scaled.jpg","datePublished":"2019-03-21T09:00:52+00:00","dateModified":"2026-03-18T13:34:25+00:00","description":"Der Abenteuerpark Land van Fluwel liegt an der Noord-Hollandse-K\u00fcste in Sint Maartenszee (15 Minuten von Alkmaar entfernt). Es gibt jede Menge kostenlose Parkpl\u00e4tze.","breadcrumb":{"@id":"https:\/\/landvanfluwel.nl\/adres-routebeschrijving\/#breadcrumb"},"inLanguage":"de","potentialAction":[{"@type":"ReadAction","target":["https:\/\/landvanfluwel.nl\/adres-routebeschrijving\/"]}]},{"@type":"ImageObject","inLanguage":"de","@id":"https:\/\/landvanfluwel.nl\/adres-routebeschrijving\/#primaryimage","url":"https:\/\/landvanfluwel.nl\/wp-content\/uploads\/2023\/06\/Land-van-Fluwel-Avonturenparadijs-16-min-scaled.jpg","contentUrl":"https:\/\/landvanfluwel.nl\/wp-content\/uploads\/2023\/06\/Land-van-Fluwel-Avonturenparadijs-16-min-scaled.jpg","width":2560,"height":1707},{"@type":"BreadcrumbList","@id":"https:\/\/landvanfluwel.nl\/adres-routebeschrijving\/#breadcrumb","itemListElement":[{"@type":"ListItem","position":1,"name":"Home","item":"https:\/\/landvanfluwel.nl\/"},{"@type":"ListItem","position":2,"name":"Adres &#038; Routebeschrijving"}]},{"@type":"WebSite","@id":"https:\/\/landvanfluwel.nl\/#website","url":"https:\/\/landvanfluwel.nl\/","name":"Land van Fluwel","description":"Erleben Sie das Abenteuer!","publisher":{"@id":"https:\/\/landvanfluwel.nl\/#organization"},"potentialAction":[{"@type":"SearchAction","target":{"@type":"EntryPoint","urlTemplate":"https:\/\/landvanfluwel.nl\/?s={search_term_string}"},"query-input":{"@type":"PropertyValueSpecification","valueRequired":true,"valueName":"search_term_string"}}],"inLanguage":"de"},{"@type":"Organization","@id":"https:\/\/landvanfluwel.nl\/#organization","name":"Land van Fluwel","url":"https:\/\/landvanfluwel.nl\/","logo":{"@type":"ImageObject","inLanguage":"de","@id":"https:\/\/landvanfluwel.nl\/#\/schema\/logo\/image\/","url":"https:\/\/landvanfluwel.nl\/wp-content\/uploads\/2018\/03\/cropped-logo_landvanfluwel-1.png","contentUrl":"https:\/\/landvanfluwel.nl\/wp-content\/uploads\/2018\/03\/cropped-logo_landvanfluwel-1.png","width":100,"height":119,"caption":"Land van Fluwel"},"image":{"@id":"https:\/\/landvanfluwel.nl\/#\/schema\/logo\/image\/"}}]}},"_links":{"self":[{"href":"https:\/\/landvanfluwel.nl\/de\/wp-json\/wp\/v2\/pages\/773","targetHints":{"allow":["GET"]}}],"collection":[{"href":"https:\/\/landvanfluwel.nl\/de\/wp-json\/wp\/v2\/pages"}],"about":[{"href":"https:\/\/landvanfluwel.nl\/de\/wp-json\/wp\/v2\/types\/page"}],"author":[{"embeddable":true,"href":"https:\/\/landvanfluwel.nl\/de\/wp-json\/wp\/v2\/users\/3"}],"replies":[{"embeddable":true,"href":"https:\/\/landvanfluwel.nl\/de\/wp-json\/wp\/v2\/comments?post=773"}],"version-history":[{"count":0,"href":"https:\/\/landvanfluwel.nl\/de\/wp-json\/wp\/v2\/pages\/773\/revisions"}],"wp:featuredmedia":[{"embeddable":true,"href":"https:\/\/landvanfluwel.nl\/de\/wp-json\/wp\/v2\/media\/2712"}],"wp:attachment":[{"href":"https:\/\/landvanfluwel.nl\/de\/wp-json\/wp\/v2\/media?parent=773"}],"curies":[{"name":"wp","href":"https:\/\/api.w.org\/{rel}","templated":true}]}}