{"id":723,"date":"2019-03-19T12:17:39","date_gmt":"2019-03-19T11:17:39","guid":{"rendered":"https:\/\/landvanfluwel.nl\/?page_id=723"},"modified":"2026-03-31T10:13:47","modified_gmt":"2026-03-31T08:13:47","slug":"restaurant-de-kneinsberg","status":"publish","type":"page","link":"https:\/\/landvanfluwel.nl\/de\/restaurant-de-kneinsberg\/","title":{"rendered":"Restaurant \u201eDe Kneinsberg\u201c"},"content":{"rendered":"<p>\u201cDe Kneinsberg, der Ort f\u00fcr k\u00f6stliche Pfannkuchen und andere Leckereien! Verw\u00f6hnen Sie sich auf unserer himmlischen Terrasse oder im alten Bauernhaus. Genie\u00dfen Sie leckere Mittagsgerichte und vieles mehr. Reservieren Sie im Voraus f\u00fcr ein k\u00f6stliches BBQ oder <a href=\"https:\/\/landvanfluwel.nl\/de\/high-tea\/\">High Tea<\/a>. Sie sind herzlich willkommen, auch ohne den Park zu betreten.<\/p>\n<ul>\n<li><a href=\"https:\/\/landvanfluwel.nl\/wp-content\/uploads\/2026\/03\/Menukaart-2026-6.pdf\"><span style=\"text-decoration: underline;\"><strong>Speisekarte<\/strong><\/span><\/a><span style=\"text-decoration: underline;\"><strong><br \/>\n<\/strong><\/span><\/li>\n<\/ul>\n<blockquote><p>Was f\u00fcr ein Mega-Pfannkuchen!<\/p><\/blockquote>\n<p>Reservierungen verhindern Entt\u00e4uschungen und k\u00f6nnen unter 0224-562555 oder vorgenommen werden <a href=\"mailto:info@landvanfluwel.nl\">info@landvanfluwel.nl<\/a>. Wir w\u00fcrden uns freuen, Sie zu sehen!<\/p>\n\n\t\t<style type=\"text\/css\">\n\t\t\t#gallery-1 {\n\t\t\t\tmargin: auto;\n\t\t\t}\n\t\t\t#gallery-1 .gallery-item {\n\t\t\t\tfloat: left;\n\t\t\t\tmargin-top: 10px;\n\t\t\t\ttext-align: center;\n\t\t\t\twidth: 33%;\n\t\t\t}\n\t\t\t#gallery-1 img {\n\t\t\t\tborder: 2px solid #cfcfcf;\n\t\t\t}\n\t\t\t#gallery-1 .gallery-caption {\n\t\t\t\tmargin-left: 0;\n\t\t\t}\n\t\t\t\/* see gallery_shortcode() in wp-includes\/media.php *\/\n\t\t<\/style>\n\t\t<div id='gallery-1' class='gallery galleryid-723 gallery-columns-3 gallery-size-thumbnail'><dl class='gallery-item'>\n\t\t\t<dt class='gallery-icon portrait'>\n\t\t\t\t<a href='https:\/\/landvanfluwel.nl\/de\/land-van-fluwel-avonturenparadijs-106\/'><img decoding=\"async\" width=\"150\" height=\"150\" src=\"https:\/\/landvanfluwel.nl\/wp-content\/uploads\/2025\/05\/Land-van-Fluwel-avonturenparadijs-106-150x150.jpg\" class=\"attachment-thumbnail size-thumbnail\" alt=\"\" aria-describedby=\"gallery-1-4285\" \/><\/a>\n\t\t\t<\/dt>\n\t\t\t\t<dd class='wp-caption-text gallery-caption' id='gallery-1-4285'>\n\t\t\t\tPfannkuchen\n\t\t\t\t<\/dd><\/dl><dl class='gallery-item'>\n\t\t\t<dt class='gallery-icon landscape'>\n\t\t\t\t<a href='https:\/\/landvanfluwel.nl\/de\/land-van-fluwel-avonturenparadijs-105\/'><img decoding=\"async\" width=\"150\" height=\"150\" src=\"https:\/\/landvanfluwel.nl\/wp-content\/uploads\/2025\/05\/Land-van-Fluwel-avonturenparadijs-105-150x150.jpg\" class=\"attachment-thumbnail size-thumbnail\" alt=\"\" \/><\/a>\n\t\t\t<\/dt><\/dl><dl class='gallery-item'>\n\t\t\t<dt class='gallery-icon portrait'>\n\t\t\t\t<a href='https:\/\/landvanfluwel.nl\/de\/land-van-fluwel-avonturenparadijs-120\/'><img decoding=\"async\" width=\"150\" height=\"150\" src=\"https:\/\/landvanfluwel.nl\/wp-content\/uploads\/2025\/05\/Land-van-Fluwel-avonturenparadijs-120-150x150.jpg\" class=\"attachment-thumbnail size-thumbnail\" alt=\"\" \/><\/a>\n\t\t\t<\/dt><\/dl><br style=\"clear: both\" \/><dl class='gallery-item'>\n\t\t\t<dt class='gallery-icon landscape'>\n\t\t\t\t<a href='https:\/\/landvanfluwel.nl\/de\/land-van-fluwel-avonturenparadijs-58\/'><img loading=\"lazy\" decoding=\"async\" width=\"150\" height=\"150\" src=\"https:\/\/landvanfluwel.nl\/wp-content\/uploads\/2025\/05\/Land-van-Fluwel-avonturenparadijs-58-150x150.jpg\" class=\"attachment-thumbnail size-thumbnail\" alt=\"\" aria-describedby=\"gallery-1-4273\" \/><\/a>\n\t\t\t<\/dt>\n\t\t\t\t<dd class='wp-caption-text gallery-caption' id='gallery-1-4273'>\n\t\t\t\tHintere Terrasse\n\t\t\t\t<\/dd><\/dl>\n\t\t\t<br style='clear: both' \/>\n\t\t<\/div>","protected":false},"excerpt":{"rendered":"<p>&#8220;De Kneinsberg, d\u00e9 plek voor smakelijke pannenkoeken en andere lekkernijen! Verwen jezelf op ons paradijselijke terras of binnen in de oude stolp. Geniet van heerlijke lunchgerechten en meer. Reserveer vooraf een heerlijke BBQ of High tea. Je bent welkom, ook zonder het park te betreden. Menukaart Wat een mega pannenkoek! Reserveren voorkomt teleurstellingen en kan [&hellip;]<\/p>\n","protected":false},"author":3,"featured_media":2314,"parent":0,"menu_order":0,"comment_status":"closed","ping_status":"closed","template":"","meta":{"footnotes":""},"class_list":["post-723","page","type-page","status-publish","has-post-thumbnail","hentry"],"yoast_head":"<!-- This site is optimized with the Yoast SEO plugin v27.3 - https:\/\/yoast.com\/product\/yoast-seo-wordpress\/ -->\n<title>Restaurant &#039;De Kneinsberg&#039;, bourgondisch eten &amp; drinken - Land van Fluwel<\/title>\n<meta name=\"description\" content=\"Bourgondisch eten en drinken! Naast 40 soorten pannenkoeken en heerlijke lunchgerechten presenteren we vol trots onze Bourgondische Biefstuk en een kaasfondue om je vingers bij af te likken!\" \/>\n<meta name=\"robots\" content=\"index, follow, max-snippet:-1, max-image-preview:large, max-video-preview:-1\" \/>\n<link rel=\"canonical\" href=\"https:\/\/landvanfluwel.nl\/de\/restaurant-de-kneinsberg\/\" \/>\n<meta property=\"og:locale\" content=\"de_DE\" \/>\n<meta property=\"og:type\" content=\"article\" \/>\n<meta property=\"og:title\" content=\"Restaurant &#039;De Kneinsberg&#039;, bourgondisch eten &amp; drinken - Land van Fluwel\" \/>\n<meta property=\"og:description\" content=\"Bourgondisch eten en drinken! Naast 40 soorten pannenkoeken en heerlijke lunchgerechten presenteren we vol trots onze Bourgondische Biefstuk en een kaasfondue om je vingers bij af te likken!\" \/>\n<meta property=\"og:url\" content=\"https:\/\/landvanfluwel.nl\/de\/restaurant-de-kneinsberg\/\" \/>\n<meta property=\"og:site_name\" content=\"Land van Fluwel\" \/>\n<meta property=\"article:modified_time\" content=\"2026-03-31T08:13:47+00:00\" \/>\n<meta property=\"og:image\" content=\"https:\/\/landvanfluwel.nl\/wp-content\/uploads\/2022\/05\/Schermafbeelding-2020-06-24-om-15.31.55.png\" \/>\n\t<meta property=\"og:image:width\" content=\"1024\" \/>\n\t<meta property=\"og:image:height\" content=\"574\" \/>\n\t<meta property=\"og:image:type\" content=\"image\/png\" \/>\n<meta name=\"twitter:card\" content=\"summary_large_image\" \/>\n<meta name=\"twitter:label1\" content=\"Gesch\u00e4tzte Lesezeit\" \/>\n\t<meta name=\"twitter:data1\" content=\"1\u00a0Minute\" \/>\n<script type=\"application\/ld+json\" class=\"yoast-schema-graph\">{\"@context\":\"https:\\\/\\\/schema.org\",\"@graph\":[{\"@type\":\"WebPage\",\"@id\":\"https:\\\/\\\/landvanfluwel.nl\\\/restaurant-de-kneinsberg\\\/\",\"url\":\"https:\\\/\\\/landvanfluwel.nl\\\/restaurant-de-kneinsberg\\\/\",\"name\":\"Restaurant 'De Kneinsberg', bourgondisch eten & drinken - Land van Fluwel\",\"isPartOf\":{\"@id\":\"https:\\\/\\\/landvanfluwel.nl\\\/#website\"},\"primaryImageOfPage\":{\"@id\":\"https:\\\/\\\/landvanfluwel.nl\\\/restaurant-de-kneinsberg\\\/#primaryimage\"},\"image\":{\"@id\":\"https:\\\/\\\/landvanfluwel.nl\\\/restaurant-de-kneinsberg\\\/#primaryimage\"},\"thumbnailUrl\":\"https:\\\/\\\/landvanfluwel.nl\\\/wp-content\\\/uploads\\\/2022\\\/05\\\/Schermafbeelding-2020-06-24-om-15.31.55.png\",\"datePublished\":\"2019-03-19T11:17:39+00:00\",\"dateModified\":\"2026-03-31T08:13:47+00:00\",\"description\":\"Bourgondisch eten en drinken! Naast 40 soorten pannenkoeken en heerlijke lunchgerechten presenteren we vol trots onze Bourgondische Biefstuk en een kaasfondue om je vingers bij af te likken!\",\"breadcrumb\":{\"@id\":\"https:\\\/\\\/landvanfluwel.nl\\\/restaurant-de-kneinsberg\\\/#breadcrumb\"},\"inLanguage\":\"de\",\"potentialAction\":[{\"@type\":\"ReadAction\",\"target\":[\"https:\\\/\\\/landvanfluwel.nl\\\/restaurant-de-kneinsberg\\\/\"]}]},{\"@type\":\"ImageObject\",\"inLanguage\":\"de\",\"@id\":\"https:\\\/\\\/landvanfluwel.nl\\\/restaurant-de-kneinsberg\\\/#primaryimage\",\"url\":\"https:\\\/\\\/landvanfluwel.nl\\\/wp-content\\\/uploads\\\/2022\\\/05\\\/Schermafbeelding-2020-06-24-om-15.31.55.png\",\"contentUrl\":\"https:\\\/\\\/landvanfluwel.nl\\\/wp-content\\\/uploads\\\/2022\\\/05\\\/Schermafbeelding-2020-06-24-om-15.31.55.png\",\"width\":2868,\"height\":1608},{\"@type\":\"BreadcrumbList\",\"@id\":\"https:\\\/\\\/landvanfluwel.nl\\\/restaurant-de-kneinsberg\\\/#breadcrumb\",\"itemListElement\":[{\"@type\":\"ListItem\",\"position\":1,\"name\":\"Home\",\"item\":\"https:\\\/\\\/landvanfluwel.nl\\\/\"},{\"@type\":\"ListItem\",\"position\":2,\"name\":\"Restaurant &#8216;De Kneinsberg&#8217;\"}]},{\"@type\":\"WebSite\",\"@id\":\"https:\\\/\\\/landvanfluwel.nl\\\/#website\",\"url\":\"https:\\\/\\\/landvanfluwel.nl\\\/\",\"name\":\"Land van Fluwel\",\"description\":\"Beleef het Avontuur!\",\"publisher\":{\"@id\":\"https:\\\/\\\/landvanfluwel.nl\\\/#organization\"},\"potentialAction\":[{\"@type\":\"SearchAction\",\"target\":{\"@type\":\"EntryPoint\",\"urlTemplate\":\"https:\\\/\\\/landvanfluwel.nl\\\/?s={search_term_string}\"},\"query-input\":{\"@type\":\"PropertyValueSpecification\",\"valueRequired\":true,\"valueName\":\"search_term_string\"}}],\"inLanguage\":\"de\"},{\"@type\":\"Organization\",\"@id\":\"https:\\\/\\\/landvanfluwel.nl\\\/#organization\",\"name\":\"Land van Fluwel\",\"url\":\"https:\\\/\\\/landvanfluwel.nl\\\/\",\"logo\":{\"@type\":\"ImageObject\",\"inLanguage\":\"de\",\"@id\":\"https:\\\/\\\/landvanfluwel.nl\\\/#\\\/schema\\\/logo\\\/image\\\/\",\"url\":\"https:\\\/\\\/landvanfluwel.nl\\\/wp-content\\\/uploads\\\/2018\\\/03\\\/cropped-logo_landvanfluwel-1.png\",\"contentUrl\":\"https:\\\/\\\/landvanfluwel.nl\\\/wp-content\\\/uploads\\\/2018\\\/03\\\/cropped-logo_landvanfluwel-1.png\",\"width\":100,\"height\":119,\"caption\":\"Land van Fluwel\"},\"image\":{\"@id\":\"https:\\\/\\\/landvanfluwel.nl\\\/#\\\/schema\\\/logo\\\/image\\\/\"}}]}<\/script>\n<!-- \/ Yoast SEO plugin. -->","yoast_head_json":{"title":"Restaurant &#039;De Kneinsberg&#039;, burgundische Speisen und Getr\u00e4nke - Land van Fluwel","description":"Burgundische Speisen und Getr\u00e4nke! Neben 40 Pfannkuchensorten und k\u00f6stlichen Mittagsgerichten pr\u00e4sentieren wir Ihnen stolz unser Burgundersteak und ein k\u00f6stliches K\u00e4sefondue!","robots":{"index":"index","follow":"follow","max-snippet":"max-snippet:-1","max-image-preview":"max-image-preview:large","max-video-preview":"max-video-preview:-1"},"canonical":"https:\/\/landvanfluwel.nl\/de\/restaurant-de-kneinsberg\/","og_locale":"de_DE","og_type":"article","og_title":"Restaurant 'De Kneinsberg', bourgondisch eten & drinken - Land van Fluwel","og_description":"Bourgondisch eten en drinken! Naast 40 soorten pannenkoeken en heerlijke lunchgerechten presenteren we vol trots onze Bourgondische Biefstuk en een kaasfondue om je vingers bij af te likken!","og_url":"https:\/\/landvanfluwel.nl\/de\/restaurant-de-kneinsberg\/","og_site_name":"Land van Fluwel","article_modified_time":"2026-03-31T08:13:47+00:00","og_image":[{"url":"https:\/\/landvanfluwel.nl\/wp-content\/uploads\/2022\/05\/Schermafbeelding-2020-06-24-om-15.31.55.png","width":1024,"height":574,"type":"image\/png"}],"twitter_card":"summary_large_image","twitter_misc":{"Gesch\u00e4tzte Lesezeit":"1\u00a0Minute"},"schema":{"@context":"https:\/\/schema.org","@graph":[{"@type":"WebPage","@id":"https:\/\/landvanfluwel.nl\/restaurant-de-kneinsberg\/","url":"https:\/\/landvanfluwel.nl\/restaurant-de-kneinsberg\/","name":"Restaurant &#039;De Kneinsberg&#039;, burgundische Speisen und Getr\u00e4nke - Land van Fluwel","isPartOf":{"@id":"https:\/\/landvanfluwel.nl\/#website"},"primaryImageOfPage":{"@id":"https:\/\/landvanfluwel.nl\/restaurant-de-kneinsberg\/#primaryimage"},"image":{"@id":"https:\/\/landvanfluwel.nl\/restaurant-de-kneinsberg\/#primaryimage"},"thumbnailUrl":"https:\/\/landvanfluwel.nl\/wp-content\/uploads\/2022\/05\/Schermafbeelding-2020-06-24-om-15.31.55.png","datePublished":"2019-03-19T11:17:39+00:00","dateModified":"2026-03-31T08:13:47+00:00","description":"Burgundische Speisen und Getr\u00e4nke! Neben 40 Pfannkuchensorten und k\u00f6stlichen Mittagsgerichten pr\u00e4sentieren wir Ihnen stolz unser Burgundersteak und ein k\u00f6stliches K\u00e4sefondue!","breadcrumb":{"@id":"https:\/\/landvanfluwel.nl\/restaurant-de-kneinsberg\/#breadcrumb"},"inLanguage":"de","potentialAction":[{"@type":"ReadAction","target":["https:\/\/landvanfluwel.nl\/restaurant-de-kneinsberg\/"]}]},{"@type":"ImageObject","inLanguage":"de","@id":"https:\/\/landvanfluwel.nl\/restaurant-de-kneinsberg\/#primaryimage","url":"https:\/\/landvanfluwel.nl\/wp-content\/uploads\/2022\/05\/Schermafbeelding-2020-06-24-om-15.31.55.png","contentUrl":"https:\/\/landvanfluwel.nl\/wp-content\/uploads\/2022\/05\/Schermafbeelding-2020-06-24-om-15.31.55.png","width":2868,"height":1608},{"@type":"BreadcrumbList","@id":"https:\/\/landvanfluwel.nl\/restaurant-de-kneinsberg\/#breadcrumb","itemListElement":[{"@type":"ListItem","position":1,"name":"Home","item":"https:\/\/landvanfluwel.nl\/"},{"@type":"ListItem","position":2,"name":"Restaurant &#8216;De Kneinsberg&#8217;"}]},{"@type":"WebSite","@id":"https:\/\/landvanfluwel.nl\/#website","url":"https:\/\/landvanfluwel.nl\/","name":"Land van Fluwel","description":"Erleben Sie das Abenteuer!","publisher":{"@id":"https:\/\/landvanfluwel.nl\/#organization"},"potentialAction":[{"@type":"SearchAction","target":{"@type":"EntryPoint","urlTemplate":"https:\/\/landvanfluwel.nl\/?s={search_term_string}"},"query-input":{"@type":"PropertyValueSpecification","valueRequired":true,"valueName":"search_term_string"}}],"inLanguage":"de"},{"@type":"Organization","@id":"https:\/\/landvanfluwel.nl\/#organization","name":"Land van Fluwel","url":"https:\/\/landvanfluwel.nl\/","logo":{"@type":"ImageObject","inLanguage":"de","@id":"https:\/\/landvanfluwel.nl\/#\/schema\/logo\/image\/","url":"https:\/\/landvanfluwel.nl\/wp-content\/uploads\/2018\/03\/cropped-logo_landvanfluwel-1.png","contentUrl":"https:\/\/landvanfluwel.nl\/wp-content\/uploads\/2018\/03\/cropped-logo_landvanfluwel-1.png","width":100,"height":119,"caption":"Land van Fluwel"},"image":{"@id":"https:\/\/landvanfluwel.nl\/#\/schema\/logo\/image\/"}}]}},"_links":{"self":[{"href":"https:\/\/landvanfluwel.nl\/de\/wp-json\/wp\/v2\/pages\/723","targetHints":{"allow":["GET"]}}],"collection":[{"href":"https:\/\/landvanfluwel.nl\/de\/wp-json\/wp\/v2\/pages"}],"about":[{"href":"https:\/\/landvanfluwel.nl\/de\/wp-json\/wp\/v2\/types\/page"}],"author":[{"embeddable":true,"href":"https:\/\/landvanfluwel.nl\/de\/wp-json\/wp\/v2\/users\/3"}],"replies":[{"embeddable":true,"href":"https:\/\/landvanfluwel.nl\/de\/wp-json\/wp\/v2\/comments?post=723"}],"version-history":[{"count":1,"href":"https:\/\/landvanfluwel.nl\/de\/wp-json\/wp\/v2\/pages\/723\/revisions"}],"predecessor-version":[{"id":4739,"href":"https:\/\/landvanfluwel.nl\/de\/wp-json\/wp\/v2\/pages\/723\/revisions\/4739"}],"wp:featuredmedia":[{"embeddable":true,"href":"https:\/\/landvanfluwel.nl\/de\/wp-json\/wp\/v2\/media\/2314"}],"wp:attachment":[{"href":"https:\/\/landvanfluwel.nl\/de\/wp-json\/wp\/v2\/media?parent=723"}],"curies":[{"name":"wp","href":"https:\/\/api.w.org\/{rel}","templated":true}]}}