{"id":71,"date":"2018-03-07T13:51:38","date_gmt":"2018-03-07T13:51:38","guid":{"rendered":"https:\/\/landvanfluwel.nl\/?page_id=71"},"modified":"2022-10-17T12:24:56","modified_gmt":"2022-10-17T10:24:56","slug":"blote-voetenpad","status":"publish","type":"page","link":"https:\/\/landvanfluwel.nl\/de\/blote-voetenpad\/","title":{"rendered":"Entdecken"},"content":{"rendered":"<p>Ziehen Sie Ihre mutigen Schuhe aus und sp\u00fcren Sie die Freiheit des Barfu\u00dflaufens! Hier erleben Sie einen wundervollen Tag im Noord-Holland. Auf diesem anspruchsvollen 1 Kilometer langen Barfu\u00dfpfad k\u00f6nnen Sie durch unseren gesamten Park schlendern und die Natur bis in die Zehenspitzen sp\u00fcren. Stechen, basteln und lassen Sie sich von diesem Abenteuer verf\u00fchren.<\/p>\n<p>Ein Barfu\u00dfpfad ist ein speziell angelegter Weg zum Barfu\u00dflaufen durch die Natur. Sie gehen auf verschiedenen harten und weichen Untergr\u00fcnden wie Gras, Sand, Steinen, Holz usw. Barfu\u00dflaufen hat laut Arzt A. Vogel eine wohltuende Wirkung auf K\u00f6rper und Geist.<\/p>\n<blockquote><p>Das beste Abenteuer f\u00fcr Jung und Alt!<\/p><\/blockquote>\n<p><img fetchpriority=\"high\" decoding=\"async\" class=\"alignnone wp-image-477\" src=\"https:\/\/landvanfluwel.nl\/wp-content\/uploads\/2018\/05\/WhatsApp-Image-2018-05-14-at-16.17.39-1-300x225.jpeg\" alt=\"\" width=\"540\" height=\"405\" \/><\/p>\n<p>Gehen Sie den Barfu\u00dfpfad mit Ihrer Familie, w\u00e4hrend einer Kinderparty, einem Schulausflug oder mit Freunden. W\u00e4hlen Sie, welches Abenteuer am besten zu Ihnen passt. Der Barfu\u00dfpfad verl\u00e4uft quer durch unseren gesamten Park. Steigen Sie auf dem Aussichtsturm in gro\u00dfe H\u00f6hen, gehen Sie auf Stelzen, steigen Sie \u00fcber Baumst\u00e4mme, ohne ins Wasser zu fallen, und sp\u00fcren Sie den Sumpf zwischen Ihren Zehen.<\/p>\n<p>Unterwegs werden Ihnen sch\u00f6ne Geschichten aus der Region vorgestellt, die in die Route des Barfu\u00dfpfades eingebaut sind. Sie werden durch unseren eigenen Noord-Hollands-Kanal waten, \u00fcber den westfriesischen Omringdijk wandern, durch den Wildrijk wandern und schlie\u00dflich herausfinden, warum die Gebiete rund um Land van Fluwel regelm\u00e4\u00dfig \u00fcberflutet werden.<\/p>\n<p>Der Barfu\u00dfpfad wurde erm\u00f6glicht durch:<\/p>\n<p><img decoding=\"async\" class=\"alignnone size-medium wp-image-516\" src=\"https:\/\/landvanfluwel.nl\/wp-content\/uploads\/2018\/06\/image001-300x59.jpg\" alt=\"\" width=\"300\" height=\"59\" srcset=\"https:\/\/landvanfluwel.nl\/wp-content\/uploads\/2018\/06\/image001-300x59.jpg 300w, https:\/\/landvanfluwel.nl\/wp-content\/uploads\/2018\/06\/image001.jpg 440w\" sizes=\"(max-width: 300px) 100vw, 300px\" \/><\/p>","protected":false},"excerpt":{"rendered":"<p>Trek je stoute schoenen uit en voel de vrijheid van lopen op blote voeten! Een heerlijk dagje uit in Noord-Holland beleef je hier. Op dit uitdagende blotevoetenpad van 1 kilometer struin je over ons gehele park en voel je de natuur tot in je tenen. Priek, prut en laat je verleiden tot dit avontuur. Een [&hellip;]<\/p>\n","protected":false},"author":1,"featured_media":163,"parent":0,"menu_order":0,"comment_status":"closed","ping_status":"closed","template":"","meta":{"footnotes":""},"class_list":["post-71","page","type-page","status-publish","has-post-thumbnail","hentry"],"yoast_head":"<!-- This site is optimized with the Yoast SEO plugin v27.4 - https:\/\/yoast.com\/product\/yoast-seo-wordpress\/ -->\n<title>Ontdek het park (Noord-Holland) - Land van Fluwel<\/title>\n<meta name=\"description\" content=\"Trek je stoute schoenen uit en voel de vrijheid van lopen op blote voeten! Op ons blotevoetenpad struin je over ons weidse park en voel je de natuur tot in je tenen.\" \/>\n<meta name=\"robots\" content=\"index, follow, max-snippet:-1, max-image-preview:large, max-video-preview:-1\" \/>\n<link rel=\"canonical\" href=\"https:\/\/landvanfluwel.nl\/de\/blote-voetenpad\/\" \/>\n<meta property=\"og:locale\" content=\"de_DE\" \/>\n<meta property=\"og:type\" content=\"article\" \/>\n<meta property=\"og:title\" content=\"Ontdek het park (Noord-Holland) - Land van Fluwel\" \/>\n<meta property=\"og:description\" content=\"Trek je stoute schoenen uit en voel de vrijheid van lopen op blote voeten! Op ons blotevoetenpad struin je over ons weidse park en voel je de natuur tot in je tenen.\" \/>\n<meta property=\"og:url\" content=\"https:\/\/landvanfluwel.nl\/de\/blote-voetenpad\/\" \/>\n<meta property=\"og:site_name\" content=\"Land van Fluwel\" \/>\n<meta property=\"article:modified_time\" content=\"2022-10-17T10:24:56+00:00\" \/>\n<meta property=\"og:image\" content=\"https:\/\/landvanfluwel.nl\/wp-content\/uploads\/2018\/03\/Blote-Voetenpad-Land-van-Fluwel-e1581416807945.jpg\" \/>\n\t<meta property=\"og:image:width\" content=\"1620\" \/>\n\t<meta property=\"og:image:height\" content=\"891\" \/>\n\t<meta property=\"og:image:type\" content=\"image\/jpeg\" \/>\n<meta name=\"twitter:card\" content=\"summary_large_image\" \/>\n<meta name=\"twitter:label1\" content=\"Gesch\u00e4tzte Lesezeit\" \/>\n\t<meta name=\"twitter:data1\" content=\"1\u00a0Minute\" \/>\n<script type=\"application\/ld+json\" class=\"yoast-schema-graph\">{\"@context\":\"https:\\\/\\\/schema.org\",\"@graph\":[{\"@type\":\"WebPage\",\"@id\":\"https:\\\/\\\/landvanfluwel.nl\\\/blote-voetenpad\\\/\",\"url\":\"https:\\\/\\\/landvanfluwel.nl\\\/blote-voetenpad\\\/\",\"name\":\"Ontdek het park (Noord-Holland) - Land van Fluwel\",\"isPartOf\":{\"@id\":\"https:\\\/\\\/landvanfluwel.nl\\\/#website\"},\"primaryImageOfPage\":{\"@id\":\"https:\\\/\\\/landvanfluwel.nl\\\/blote-voetenpad\\\/#primaryimage\"},\"image\":{\"@id\":\"https:\\\/\\\/landvanfluwel.nl\\\/blote-voetenpad\\\/#primaryimage\"},\"thumbnailUrl\":\"https:\\\/\\\/landvanfluwel.nl\\\/wp-content\\\/uploads\\\/2018\\\/03\\\/Blote-Voetenpad-Land-van-Fluwel-e1581416807945.jpg\",\"datePublished\":\"2018-03-07T13:51:38+00:00\",\"dateModified\":\"2022-10-17T10:24:56+00:00\",\"description\":\"Trek je stoute schoenen uit en voel de vrijheid van lopen op blote voeten! Op ons blotevoetenpad struin je over ons weidse park en voel je de natuur tot in je tenen.\",\"breadcrumb\":{\"@id\":\"https:\\\/\\\/landvanfluwel.nl\\\/blote-voetenpad\\\/#breadcrumb\"},\"inLanguage\":\"de\",\"potentialAction\":[{\"@type\":\"ReadAction\",\"target\":[\"https:\\\/\\\/landvanfluwel.nl\\\/blote-voetenpad\\\/\"]}]},{\"@type\":\"ImageObject\",\"inLanguage\":\"de\",\"@id\":\"https:\\\/\\\/landvanfluwel.nl\\\/blote-voetenpad\\\/#primaryimage\",\"url\":\"https:\\\/\\\/landvanfluwel.nl\\\/wp-content\\\/uploads\\\/2018\\\/03\\\/Blote-Voetenpad-Land-van-Fluwel-e1581416807945.jpg\",\"contentUrl\":\"https:\\\/\\\/landvanfluwel.nl\\\/wp-content\\\/uploads\\\/2018\\\/03\\\/Blote-Voetenpad-Land-van-Fluwel-e1581416807945.jpg\",\"width\":1620,\"height\":891,\"caption\":\"Blote Voetenpad Land van Fluwel\"},{\"@type\":\"BreadcrumbList\",\"@id\":\"https:\\\/\\\/landvanfluwel.nl\\\/blote-voetenpad\\\/#breadcrumb\",\"itemListElement\":[{\"@type\":\"ListItem\",\"position\":1,\"name\":\"Home\",\"item\":\"https:\\\/\\\/landvanfluwel.nl\\\/\"},{\"@type\":\"ListItem\",\"position\":2,\"name\":\"Ontdek het park\"}]},{\"@type\":\"WebSite\",\"@id\":\"https:\\\/\\\/landvanfluwel.nl\\\/#website\",\"url\":\"https:\\\/\\\/landvanfluwel.nl\\\/\",\"name\":\"Land van Fluwel\",\"description\":\"Beleef het Avontuur!\",\"publisher\":{\"@id\":\"https:\\\/\\\/landvanfluwel.nl\\\/#organization\"},\"potentialAction\":[{\"@type\":\"SearchAction\",\"target\":{\"@type\":\"EntryPoint\",\"urlTemplate\":\"https:\\\/\\\/landvanfluwel.nl\\\/?s={search_term_string}\"},\"query-input\":{\"@type\":\"PropertyValueSpecification\",\"valueRequired\":true,\"valueName\":\"search_term_string\"}}],\"inLanguage\":\"de\"},{\"@type\":\"Organization\",\"@id\":\"https:\\\/\\\/landvanfluwel.nl\\\/#organization\",\"name\":\"Land van Fluwel\",\"url\":\"https:\\\/\\\/landvanfluwel.nl\\\/\",\"logo\":{\"@type\":\"ImageObject\",\"inLanguage\":\"de\",\"@id\":\"https:\\\/\\\/landvanfluwel.nl\\\/#\\\/schema\\\/logo\\\/image\\\/\",\"url\":\"https:\\\/\\\/landvanfluwel.nl\\\/wp-content\\\/uploads\\\/2018\\\/03\\\/cropped-logo_landvanfluwel-1.png\",\"contentUrl\":\"https:\\\/\\\/landvanfluwel.nl\\\/wp-content\\\/uploads\\\/2018\\\/03\\\/cropped-logo_landvanfluwel-1.png\",\"width\":100,\"height\":119,\"caption\":\"Land van Fluwel\"},\"image\":{\"@id\":\"https:\\\/\\\/landvanfluwel.nl\\\/#\\\/schema\\\/logo\\\/image\\\/\"}}]}<\/script>\n<!-- \/ Yoast SEO plugin. -->","yoast_head_json":{"title":"Entdecken Sie den Park (Noord-Holland) - Land van Fluwel","description":"Ziehen Sie Ihre mutigen Schuhe aus und sp\u00fcren Sie die Freiheit des Barfu\u00dflaufens! Auf unserem Barfu\u00dfpfad k\u00f6nnen Sie durch unseren weitl\u00e4ufigen Park schlendern und die Natur bis in die Zehenspitzen sp\u00fcren.","robots":{"index":"index","follow":"follow","max-snippet":"max-snippet:-1","max-image-preview":"max-image-preview:large","max-video-preview":"max-video-preview:-1"},"canonical":"https:\/\/landvanfluwel.nl\/de\/blote-voetenpad\/","og_locale":"de_DE","og_type":"article","og_title":"Ontdek het park (Noord-Holland) - Land van Fluwel","og_description":"Trek je stoute schoenen uit en voel de vrijheid van lopen op blote voeten! Op ons blotevoetenpad struin je over ons weidse park en voel je de natuur tot in je tenen.","og_url":"https:\/\/landvanfluwel.nl\/de\/blote-voetenpad\/","og_site_name":"Land van Fluwel","article_modified_time":"2022-10-17T10:24:56+00:00","og_image":[{"width":1620,"height":891,"url":"https:\/\/landvanfluwel.nl\/wp-content\/uploads\/2018\/03\/Blote-Voetenpad-Land-van-Fluwel-e1581416807945.jpg","type":"image\/jpeg"}],"twitter_card":"summary_large_image","twitter_misc":{"Gesch\u00e4tzte Lesezeit":"1\u00a0Minute"},"schema":{"@context":"https:\/\/schema.org","@graph":[{"@type":"WebPage","@id":"https:\/\/landvanfluwel.nl\/blote-voetenpad\/","url":"https:\/\/landvanfluwel.nl\/blote-voetenpad\/","name":"Entdecken Sie den Park (Noord-Holland) - Land van Fluwel","isPartOf":{"@id":"https:\/\/landvanfluwel.nl\/#website"},"primaryImageOfPage":{"@id":"https:\/\/landvanfluwel.nl\/blote-voetenpad\/#primaryimage"},"image":{"@id":"https:\/\/landvanfluwel.nl\/blote-voetenpad\/#primaryimage"},"thumbnailUrl":"https:\/\/landvanfluwel.nl\/wp-content\/uploads\/2018\/03\/Blote-Voetenpad-Land-van-Fluwel-e1581416807945.jpg","datePublished":"2018-03-07T13:51:38+00:00","dateModified":"2022-10-17T10:24:56+00:00","description":"Ziehen Sie Ihre mutigen Schuhe aus und sp\u00fcren Sie die Freiheit des Barfu\u00dflaufens! Auf unserem Barfu\u00dfpfad k\u00f6nnen Sie durch unseren weitl\u00e4ufigen Park schlendern und die Natur bis in die Zehenspitzen sp\u00fcren.","breadcrumb":{"@id":"https:\/\/landvanfluwel.nl\/blote-voetenpad\/#breadcrumb"},"inLanguage":"de","potentialAction":[{"@type":"ReadAction","target":["https:\/\/landvanfluwel.nl\/blote-voetenpad\/"]}]},{"@type":"ImageObject","inLanguage":"de","@id":"https:\/\/landvanfluwel.nl\/blote-voetenpad\/#primaryimage","url":"https:\/\/landvanfluwel.nl\/wp-content\/uploads\/2018\/03\/Blote-Voetenpad-Land-van-Fluwel-e1581416807945.jpg","contentUrl":"https:\/\/landvanfluwel.nl\/wp-content\/uploads\/2018\/03\/Blote-Voetenpad-Land-van-Fluwel-e1581416807945.jpg","width":1620,"height":891,"caption":"Blote Voetenpad Land van Fluwel"},{"@type":"BreadcrumbList","@id":"https:\/\/landvanfluwel.nl\/blote-voetenpad\/#breadcrumb","itemListElement":[{"@type":"ListItem","position":1,"name":"Home","item":"https:\/\/landvanfluwel.nl\/"},{"@type":"ListItem","position":2,"name":"Ontdek het park"}]},{"@type":"WebSite","@id":"https:\/\/landvanfluwel.nl\/#website","url":"https:\/\/landvanfluwel.nl\/","name":"Land van Fluwel","description":"Erleben Sie das Abenteuer!","publisher":{"@id":"https:\/\/landvanfluwel.nl\/#organization"},"potentialAction":[{"@type":"SearchAction","target":{"@type":"EntryPoint","urlTemplate":"https:\/\/landvanfluwel.nl\/?s={search_term_string}"},"query-input":{"@type":"PropertyValueSpecification","valueRequired":true,"valueName":"search_term_string"}}],"inLanguage":"de"},{"@type":"Organization","@id":"https:\/\/landvanfluwel.nl\/#organization","name":"Land van Fluwel","url":"https:\/\/landvanfluwel.nl\/","logo":{"@type":"ImageObject","inLanguage":"de","@id":"https:\/\/landvanfluwel.nl\/#\/schema\/logo\/image\/","url":"https:\/\/landvanfluwel.nl\/wp-content\/uploads\/2018\/03\/cropped-logo_landvanfluwel-1.png","contentUrl":"https:\/\/landvanfluwel.nl\/wp-content\/uploads\/2018\/03\/cropped-logo_landvanfluwel-1.png","width":100,"height":119,"caption":"Land van Fluwel"},"image":{"@id":"https:\/\/landvanfluwel.nl\/#\/schema\/logo\/image\/"}}]}},"_links":{"self":[{"href":"https:\/\/landvanfluwel.nl\/de\/wp-json\/wp\/v2\/pages\/71","targetHints":{"allow":["GET"]}}],"collection":[{"href":"https:\/\/landvanfluwel.nl\/de\/wp-json\/wp\/v2\/pages"}],"about":[{"href":"https:\/\/landvanfluwel.nl\/de\/wp-json\/wp\/v2\/types\/page"}],"author":[{"embeddable":true,"href":"https:\/\/landvanfluwel.nl\/de\/wp-json\/wp\/v2\/users\/1"}],"replies":[{"embeddable":true,"href":"https:\/\/landvanfluwel.nl\/de\/wp-json\/wp\/v2\/comments?post=71"}],"version-history":[{"count":0,"href":"https:\/\/landvanfluwel.nl\/de\/wp-json\/wp\/v2\/pages\/71\/revisions"}],"wp:featuredmedia":[{"embeddable":true,"href":"https:\/\/landvanfluwel.nl\/de\/wp-json\/wp\/v2\/media\/163"}],"wp:attachment":[{"href":"https:\/\/landvanfluwel.nl\/de\/wp-json\/wp\/v2\/media?parent=71"}],"curies":[{"name":"wp","href":"https:\/\/api.w.org\/{rel}","templated":true}]}}