{"id":4533,"date":"2025-11-28T15:04:11","date_gmt":"2025-11-28T14:04:11","guid":{"rendered":"https:\/\/landvanfluwel.nl\/?page_id=4533"},"modified":"2025-11-28T15:04:11","modified_gmt":"2025-11-28T14:04:11","slug":"privacyverklaring","status":"publish","type":"page","link":"https:\/\/landvanfluwel.nl\/de\/privacyverklaring\/","title":{"rendered":"Datenschutzerkl\u00e4rung"},"content":{"rendered":"<p><strong>Einf\u00fchrung<\/strong><\/p>\n<p>Bei Land van Fluwel legen wir Wert auf Ihre Privatsph\u00e4re. Wir wissen Ihr Vertrauen zu sch\u00e4tzen, das Sie uns mit der Weitergabe Ihrer Daten entgegenbringen, und sehen es als unsere Verantwortung an, Ihre Daten zu sch\u00fctzen. Wenn Sie unsere Website besuchen oder unsere Dienste nutzen, verarbeiten wir bestimmte personenbezogene Daten. Diese Erkl\u00e4rung erl\u00e4utert kurz und verst\u00e4ndlich, welche Daten wir erheben und wie wir sie verarbeiten.<\/p>\n<p><strong>Welche Daten wir verarbeiten<\/strong><\/p>\n<p>Wir verarbeiten personenbezogene Daten, die Sie uns bei einer Reservierung oder Bestellung mitteilen, wie beispielsweise Ihren Namen, Ihre E-Mail-Adresse und Ihre Telefonnummer. Dar\u00fcber hinaus erfassen wir automatisch Daten wie Ihre IP-Adresse, technische Informationen zur Nutzung unserer Website sowie Cookies, die uns helfen, die einwandfreie Funktion und Leistung der Website zu gew\u00e4hrleisten.<br \/>\nSie k\u00f6nnen Ihre pers\u00f6nlichen Daten jederzeit einsehen, korrigieren oder l\u00f6schen.<\/p>\n<p><strong>Warum wir Ihre Daten verarbeiten<\/strong><\/p>\n<p>Wir verarbeiten Ihre Daten ausschlie\u00dflich zur ordnungsgem\u00e4\u00dfen Erbringung unserer Dienstleistungen. Dies umfasst die Bearbeitung von Reservierungen und Bestellungen, die Beantwortung von Fragen, die Verbesserung unserer Website und die Gew\u00e4hrleistung der Sicherheit in unseren R\u00e4umlichkeiten.<\/p>\n<p><strong>Dritte<\/strong><\/p>\n<p>Wir geben personenbezogene Daten nicht an Dritte weiter. Ausgenommen hiervon sind Dienstleister, die uns bei der Erbringung unserer Leistungen unterst\u00fctzen, wie beispielsweise Zahlungs- und Ticketsysteme sowie Google-Dienste. Diese Dienstleister d\u00fcrfen die Daten ausschlie\u00dflich f\u00fcr den Zweck verwenden, f\u00fcr den sie uns bereitgestellt wurden, und nicht f\u00fcr andere Zwecke.<\/p>\n<p><strong>Cookies<\/strong><\/p>\n<p>Unsere Website verwendet Cookies, um Einblicke in die Nutzung der Website zu gewinnen. Diese Erkenntnisse werden analysiert und zur Verbesserung der Funktionalit\u00e4t genutzt.<br \/>\nWir k\u00f6nnen sehen, wie die Website genutzt wird, und Berichte \u00fcber die Website-Aktivit\u00e4ten erstellen.<\/p>\n<p>Sie k\u00f6nnen Cookies \u00fcber Ihre Browsereinstellungen deaktivieren, aber die Website funktioniert dann m\u00f6glicherweise nicht mehr einwandfrei.<\/p>\n<p><strong>Kontakt<\/strong><\/p>\n<p>Wenn Sie Fragen zu dieser Datenschutzerkl\u00e4rung oder zu Ihren personenbezogenen Daten haben, wenden Sie sich bitte an: Land van Fluwel<br \/>\nBelkmerweg 65<br \/>\n0224-562555<br \/>\ninfo@landvanfluwel.nl<\/p>","protected":false},"excerpt":{"rendered":"<p>Inleiding Bij Land van Fluwel vinden wij uw privacy belangrijk. Wij waarderen het vertrouwen dat u in ons heeft op het moment dat u uw gegevens met ons deelt en zien het als onze verantwoordelijkheid uw gegevens te beschermen. Wanneer u onze website bezoekt of gebruikmaakt van onze diensten, verwerken wij bepaalde persoonsgegevens. In deze [&hellip;]<\/p>\n","protected":false},"author":5,"featured_media":4275,"parent":0,"menu_order":0,"comment_status":"closed","ping_status":"closed","template":"","meta":{"footnotes":""},"class_list":["post-4533","page","type-page","status-publish","has-post-thumbnail","hentry"],"yoast_head":"<!-- This site is optimized with the Yoast SEO plugin v27.4 - https:\/\/yoast.com\/product\/yoast-seo-wordpress\/ -->\n<title>Privacyverklaring - Land van Fluwel<\/title>\n<meta name=\"description\" content=\"Land van Fluwel verwerkt je persoonsgegevens uitsluitend om onze diensten goed uit te voeren en gaat hier zorgvuldig mee om.\" \/>\n<meta name=\"robots\" content=\"index, follow, max-snippet:-1, max-image-preview:large, max-video-preview:-1\" \/>\n<link rel=\"canonical\" href=\"https:\/\/landvanfluwel.nl\/de\/privacyverklaring\/\" \/>\n<meta property=\"og:locale\" content=\"de_DE\" \/>\n<meta property=\"og:type\" content=\"article\" \/>\n<meta property=\"og:title\" content=\"Privacyverklaring - Land van Fluwel\" \/>\n<meta property=\"og:description\" content=\"Land van Fluwel verwerkt je persoonsgegevens uitsluitend om onze diensten goed uit te voeren en gaat hier zorgvuldig mee om.\" \/>\n<meta property=\"og:url\" content=\"https:\/\/landvanfluwel.nl\/de\/privacyverklaring\/\" \/>\n<meta property=\"og:site_name\" content=\"Land van Fluwel\" \/>\n<meta property=\"og:image\" content=\"https:\/\/landvanfluwel.nl\/wp-content\/uploads\/2025\/05\/Land-van-Fluwel-avonturenparadijs-66.jpg\" \/>\n\t<meta property=\"og:image:width\" content=\"2048\" \/>\n\t<meta property=\"og:image:height\" content=\"1365\" \/>\n\t<meta property=\"og:image:type\" content=\"image\/jpeg\" \/>\n<meta name=\"twitter:card\" content=\"summary_large_image\" \/>\n<meta name=\"twitter:label1\" content=\"Gesch\u00e4tzte Lesezeit\" \/>\n\t<meta name=\"twitter:data1\" content=\"2\u00a0Minuten\" \/>\n<script type=\"application\/ld+json\" class=\"yoast-schema-graph\">{\"@context\":\"https:\\\/\\\/schema.org\",\"@graph\":[{\"@type\":\"WebPage\",\"@id\":\"https:\\\/\\\/landvanfluwel.nl\\\/privacyverklaring\\\/\",\"url\":\"https:\\\/\\\/landvanfluwel.nl\\\/privacyverklaring\\\/\",\"name\":\"Privacyverklaring - Land van Fluwel\",\"isPartOf\":{\"@id\":\"https:\\\/\\\/landvanfluwel.nl\\\/#website\"},\"primaryImageOfPage\":{\"@id\":\"https:\\\/\\\/landvanfluwel.nl\\\/privacyverklaring\\\/#primaryimage\"},\"image\":{\"@id\":\"https:\\\/\\\/landvanfluwel.nl\\\/privacyverklaring\\\/#primaryimage\"},\"thumbnailUrl\":\"https:\\\/\\\/landvanfluwel.nl\\\/wp-content\\\/uploads\\\/2025\\\/05\\\/Land-van-Fluwel-avonturenparadijs-66.jpg\",\"datePublished\":\"2025-11-28T14:04:11+00:00\",\"description\":\"Land van Fluwel verwerkt je persoonsgegevens uitsluitend om onze diensten goed uit te voeren en gaat hier zorgvuldig mee om.\",\"breadcrumb\":{\"@id\":\"https:\\\/\\\/landvanfluwel.nl\\\/privacyverklaring\\\/#breadcrumb\"},\"inLanguage\":\"de\",\"potentialAction\":[{\"@type\":\"ReadAction\",\"target\":[\"https:\\\/\\\/landvanfluwel.nl\\\/privacyverklaring\\\/\"]}]},{\"@type\":\"ImageObject\",\"inLanguage\":\"de\",\"@id\":\"https:\\\/\\\/landvanfluwel.nl\\\/privacyverklaring\\\/#primaryimage\",\"url\":\"https:\\\/\\\/landvanfluwel.nl\\\/wp-content\\\/uploads\\\/2025\\\/05\\\/Land-van-Fluwel-avonturenparadijs-66.jpg\",\"contentUrl\":\"https:\\\/\\\/landvanfluwel.nl\\\/wp-content\\\/uploads\\\/2025\\\/05\\\/Land-van-Fluwel-avonturenparadijs-66.jpg\",\"width\":2048,\"height\":1365},{\"@type\":\"BreadcrumbList\",\"@id\":\"https:\\\/\\\/landvanfluwel.nl\\\/privacyverklaring\\\/#breadcrumb\",\"itemListElement\":[{\"@type\":\"ListItem\",\"position\":1,\"name\":\"Home\",\"item\":\"https:\\\/\\\/landvanfluwel.nl\\\/\"},{\"@type\":\"ListItem\",\"position\":2,\"name\":\"Privacyverklaring\"}]},{\"@type\":\"WebSite\",\"@id\":\"https:\\\/\\\/landvanfluwel.nl\\\/#website\",\"url\":\"https:\\\/\\\/landvanfluwel.nl\\\/\",\"name\":\"Land van Fluwel\",\"description\":\"Beleef het Avontuur!\",\"publisher\":{\"@id\":\"https:\\\/\\\/landvanfluwel.nl\\\/#organization\"},\"potentialAction\":[{\"@type\":\"SearchAction\",\"target\":{\"@type\":\"EntryPoint\",\"urlTemplate\":\"https:\\\/\\\/landvanfluwel.nl\\\/?s={search_term_string}\"},\"query-input\":{\"@type\":\"PropertyValueSpecification\",\"valueRequired\":true,\"valueName\":\"search_term_string\"}}],\"inLanguage\":\"de\"},{\"@type\":\"Organization\",\"@id\":\"https:\\\/\\\/landvanfluwel.nl\\\/#organization\",\"name\":\"Land van Fluwel\",\"url\":\"https:\\\/\\\/landvanfluwel.nl\\\/\",\"logo\":{\"@type\":\"ImageObject\",\"inLanguage\":\"de\",\"@id\":\"https:\\\/\\\/landvanfluwel.nl\\\/#\\\/schema\\\/logo\\\/image\\\/\",\"url\":\"https:\\\/\\\/landvanfluwel.nl\\\/wp-content\\\/uploads\\\/2018\\\/03\\\/cropped-logo_landvanfluwel-1.png\",\"contentUrl\":\"https:\\\/\\\/landvanfluwel.nl\\\/wp-content\\\/uploads\\\/2018\\\/03\\\/cropped-logo_landvanfluwel-1.png\",\"width\":100,\"height\":119,\"caption\":\"Land van Fluwel\"},\"image\":{\"@id\":\"https:\\\/\\\/landvanfluwel.nl\\\/#\\\/schema\\\/logo\\\/image\\\/\"}}]}<\/script>\n<!-- \/ Yoast SEO plugin. -->","yoast_head_json":{"title":"Datenschutzerkl\u00e4rung - Land van Fluwel","description":"Land van Fluwel verarbeitet Ihre personenbezogenen Daten ausschlie\u00dflich zur ordnungsgem\u00e4\u00dfen Erbringung unserer Dienstleistungen und behandelt diese mit Sorgfalt.","robots":{"index":"index","follow":"follow","max-snippet":"max-snippet:-1","max-image-preview":"max-image-preview:large","max-video-preview":"max-video-preview:-1"},"canonical":"https:\/\/landvanfluwel.nl\/de\/privacyverklaring\/","og_locale":"de_DE","og_type":"article","og_title":"Privacyverklaring - Land van Fluwel","og_description":"Land van Fluwel verwerkt je persoonsgegevens uitsluitend om onze diensten goed uit te voeren en gaat hier zorgvuldig mee om.","og_url":"https:\/\/landvanfluwel.nl\/de\/privacyverklaring\/","og_site_name":"Land van Fluwel","og_image":[{"width":2048,"height":1365,"url":"https:\/\/landvanfluwel.nl\/wp-content\/uploads\/2025\/05\/Land-van-Fluwel-avonturenparadijs-66.jpg","type":"image\/jpeg"}],"twitter_card":"summary_large_image","twitter_misc":{"Gesch\u00e4tzte Lesezeit":"2\u00a0Minuten"},"schema":{"@context":"https:\/\/schema.org","@graph":[{"@type":"WebPage","@id":"https:\/\/landvanfluwel.nl\/privacyverklaring\/","url":"https:\/\/landvanfluwel.nl\/privacyverklaring\/","name":"Datenschutzerkl\u00e4rung - Land van Fluwel","isPartOf":{"@id":"https:\/\/landvanfluwel.nl\/#website"},"primaryImageOfPage":{"@id":"https:\/\/landvanfluwel.nl\/privacyverklaring\/#primaryimage"},"image":{"@id":"https:\/\/landvanfluwel.nl\/privacyverklaring\/#primaryimage"},"thumbnailUrl":"https:\/\/landvanfluwel.nl\/wp-content\/uploads\/2025\/05\/Land-van-Fluwel-avonturenparadijs-66.jpg","datePublished":"2025-11-28T14:04:11+00:00","description":"Land van Fluwel verarbeitet Ihre personenbezogenen Daten ausschlie\u00dflich zur ordnungsgem\u00e4\u00dfen Erbringung unserer Dienstleistungen und behandelt diese mit Sorgfalt.","breadcrumb":{"@id":"https:\/\/landvanfluwel.nl\/privacyverklaring\/#breadcrumb"},"inLanguage":"de","potentialAction":[{"@type":"ReadAction","target":["https:\/\/landvanfluwel.nl\/privacyverklaring\/"]}]},{"@type":"ImageObject","inLanguage":"de","@id":"https:\/\/landvanfluwel.nl\/privacyverklaring\/#primaryimage","url":"https:\/\/landvanfluwel.nl\/wp-content\/uploads\/2025\/05\/Land-van-Fluwel-avonturenparadijs-66.jpg","contentUrl":"https:\/\/landvanfluwel.nl\/wp-content\/uploads\/2025\/05\/Land-van-Fluwel-avonturenparadijs-66.jpg","width":2048,"height":1365},{"@type":"BreadcrumbList","@id":"https:\/\/landvanfluwel.nl\/privacyverklaring\/#breadcrumb","itemListElement":[{"@type":"ListItem","position":1,"name":"Home","item":"https:\/\/landvanfluwel.nl\/"},{"@type":"ListItem","position":2,"name":"Privacyverklaring"}]},{"@type":"WebSite","@id":"https:\/\/landvanfluwel.nl\/#website","url":"https:\/\/landvanfluwel.nl\/","name":"Land van Fluwel","description":"Erleben Sie das Abenteuer!","publisher":{"@id":"https:\/\/landvanfluwel.nl\/#organization"},"potentialAction":[{"@type":"SearchAction","target":{"@type":"EntryPoint","urlTemplate":"https:\/\/landvanfluwel.nl\/?s={search_term_string}"},"query-input":{"@type":"PropertyValueSpecification","valueRequired":true,"valueName":"search_term_string"}}],"inLanguage":"de"},{"@type":"Organization","@id":"https:\/\/landvanfluwel.nl\/#organization","name":"Land van Fluwel","url":"https:\/\/landvanfluwel.nl\/","logo":{"@type":"ImageObject","inLanguage":"de","@id":"https:\/\/landvanfluwel.nl\/#\/schema\/logo\/image\/","url":"https:\/\/landvanfluwel.nl\/wp-content\/uploads\/2018\/03\/cropped-logo_landvanfluwel-1.png","contentUrl":"https:\/\/landvanfluwel.nl\/wp-content\/uploads\/2018\/03\/cropped-logo_landvanfluwel-1.png","width":100,"height":119,"caption":"Land van Fluwel"},"image":{"@id":"https:\/\/landvanfluwel.nl\/#\/schema\/logo\/image\/"}}]}},"_links":{"self":[{"href":"https:\/\/landvanfluwel.nl\/de\/wp-json\/wp\/v2\/pages\/4533","targetHints":{"allow":["GET"]}}],"collection":[{"href":"https:\/\/landvanfluwel.nl\/de\/wp-json\/wp\/v2\/pages"}],"about":[{"href":"https:\/\/landvanfluwel.nl\/de\/wp-json\/wp\/v2\/types\/page"}],"author":[{"embeddable":true,"href":"https:\/\/landvanfluwel.nl\/de\/wp-json\/wp\/v2\/users\/5"}],"replies":[{"embeddable":true,"href":"https:\/\/landvanfluwel.nl\/de\/wp-json\/wp\/v2\/comments?post=4533"}],"version-history":[{"count":0,"href":"https:\/\/landvanfluwel.nl\/de\/wp-json\/wp\/v2\/pages\/4533\/revisions"}],"wp:featuredmedia":[{"embeddable":true,"href":"https:\/\/landvanfluwel.nl\/de\/wp-json\/wp\/v2\/media\/4275"}],"wp:attachment":[{"href":"https:\/\/landvanfluwel.nl\/de\/wp-json\/wp\/v2\/media?parent=4533"}],"curies":[{"name":"wp","href":"https:\/\/api.w.org\/{rel}","templated":true}]}}