{"id":347,"date":"2018-03-25T12:35:29","date_gmt":"2018-03-25T12:35:29","guid":{"rendered":"http:\/\/landvanfluwel.devcommerce.nl\/?page_id=346"},"modified":"2025-10-22T15:13:53","modified_gmt":"2025-10-22T13:13:53","slug":"schoolreisje","status":"publish","type":"page","link":"https:\/\/landvanfluwel.nl\/de\/schoolreisje\/","title":{"rendered":"Schulausflug"},"content":{"rendered":"<p>Den abenteuerlichsten Schulausflug im Noord-Holland erleben Sie mit Ihrer Klasse im Land van Fluwel. Es gibt jede Menge Unterhaltung f\u00fcr jedes Kind und jedes Alter. Der Park ist weitl\u00e4ufig und so gebaut, dass die Abenteuer sowohl leicht als auch schwer zu erleben sind. Zudem k\u00f6nnen sich Kinder aufgrund der Bauweise nie auf ein Abenteuer einlassen, das nicht ihrem Alter entspricht. Das macht Land van Fluwel nicht nur zum besten Klassenausflug, sondern auch sehr sicher und f\u00fcr alle Altersgruppen geeignet.<\/p>\n<blockquote><p>Erlebnis- und Attraktionswert f\u00fcr alle Altersgruppen!<\/p><\/blockquote>\n<p>Erleben Sie das M\u00e4rchen von der Tulpe in der Audiotour <span style=\"text-decoration: underline;\"><a href=\"https:\/\/landvanfluwel.nl\/de\/dutch-tulip-experience\/\">Niederl\u00e4ndisches Tulpenerlebnis<\/a><\/span>. Wagen Sie den Sprung in ein Abenteuer auf der Insel <span style=\"text-decoration: underline;\"><a href=\"https:\/\/landvanfluwel.nl\/de\/blotevoetenpad\/\">Barfu\u00dfpfad<\/a><\/span> und darin Grenzen verschieben <span style=\"text-decoration: underline;\"><a href=\"https:\/\/landvanfluwel.nl\/de\/avonturen-speelparadijs\/\">Abenteuerspielparadies<\/a><\/span>. Traust du dich <span style=\"text-decoration: underline;\"><a href=\"https:\/\/landvanfluwel.nl\/de\/uitkijktoren\/\">Wachturm<\/a><\/span> An? Und mit der 10 Meter langen Rutsche wieder nach unten?<\/p>\n<p>Wenn Sie Interesse an einer Klassenfahrt bei Land van Fluwel haben, sind Sie nat\u00fcrlich jederzeit herzlich willkommen, vorab vorbeizuschauen. Nehmen <span style=\"text-decoration: underline;\"><a href=\"https:\/\/landvanfluwel.nl\/de\/contact\/\">Kontakt<\/a><\/span> damit wir gen\u00fcgend Zeit haben, den Park und seine M\u00f6glichkeiten zu zeigen. \u201eDu wei\u00dft nicht, was du erlebst!\u201c<\/p>\n<blockquote><p>Lehrer, das war der coolste Schulausflug aller Zeiten!<\/p><\/blockquote>\n<h5>Klassenfahrt- und Horttarife 2026<\/h5>\n<p>Der Eintritt f\u00fcr Schulausfl\u00fcge und die Hortbetreuung betr\u00e4gt 8,50 \u20ac pro Kind mit Anmeldung. Pro vier Kindern hat eine erwachsene Begleitperson freien Eintritt. Der Eintritt berechtigt zur Teilnahme an allen Parkaktivit\u00e4ten.<\/p>\n<p>Und haben die Kinder Hunger? In unserem Pfannkuchenrestaurant gibt es jede Menge leckere Leckereien. Nachfolgend listen wir einige Optionen auf:<\/p>\n<ul>\n<li>Pommes + Orangensaft und Rucola: 4,50 \u20ac<\/li>\n<li>Pommes + Orangensaft, Frikandel\/Krokette\/K\u00e4se-Souffl\u00e9 und Rucola: 6,50 \u20ac<\/li>\n<li>Pfannkuchen (30 cm) im Pfannkuchenhaus + Erfrischungsgetr\u00e4nk und Rucola: 6,25 \u20ac<\/li>\n<\/ul>\n<h5>Mehr Informationen<\/h5>\n<p>Wenn Sie mit dem Bus anreisen, ist das Parken kostenlos, die Br\u00fccken sind hoch genug, um unterzugehen, und Sie k\u00f6nnen umdrehen und auf der gro\u00dfen Rasenfl\u00e4che parken. Es gibt einen \u00fcberdachten Bereich f\u00fcr alle Gegenst\u00e4nde. Auf Wunsch ist eine Anreise nach Absprache auch fr\u00fcher als zu unserer \u00fcblichen \u00d6ffnungszeit von 10:00 Uhr m\u00f6glich. Im September und Oktober haben wir f\u00fcr Klassenfahrten montags und dienstags auf Anfrage ge\u00f6ffnet.<\/p>\n<h5>Stornierungsbedingungen<\/h5>\n<p>Wir verstehen, dass sich Pl\u00e4ne manchmal \u00e4ndern k\u00f6nnen. Daher gelten f\u00fcr Schulausfl\u00fcge und Nachmittagsbetreuung folgende Stornierungsbedingungen:<\/p>\n<ul>\n<li>Bis zu einem Monat vor dem geplanten Termin k\u00f6nnen Sie Ihre Klassenfahrt kostenlos stornieren oder verschieben.<\/li>\n<li>Innerhalb eines Monats vor dem geplanten Termin erheben wir eine Stornogeb\u00fchr von 150,- \u20ac.<\/li>\n<li>Nur wenn das Spielen im Freien nicht mehr sicher ist (zum Beispiel aufgrund eines Sturms oder Gewitters), kann der Schulausflug kostenlos abgesagt oder verschoben werden.<\/li>\n<\/ul>\n<h5>Zus\u00e4tzlich<\/h5>\n<p>F\u00fcgen Sie Ihrem Schulausflug ein p\u00e4dagogisches Element hinzu! F\u00fcr nur 25 \u20ac Aufpreis (insgesamt) k\u00f6nnen Sie jetzt das Tulipa-Buch mit digitalem Unterrichtsbrief bestellen. Das Tulipa-Buch ist ein M\u00e4rchen, in dem Kinder die wahre Geschichte erfahren, wie die Tulpe in die Niederlande kam. Sie erhalten einen digitalen Unterrichtsbrief f\u00fcr den Unterricht, damit Sie die Geschichte der Tulpe erlebbar machen k\u00f6nnen! Wir empfehlen diese Bereicherung der Klassenfahrt f\u00fcr die Gruppen 3, 4, 5 und 6.<\/p>\n<p>F\u00fcr Reservierungen oder weitere Informationen zu einem Schulausflug oder Hortausflug am Land van Fluwel kontaktieren Sie uns bitte unter 0224-562555 oder per E-Mail: <span style=\"text-decoration: underline;\"><strong><a href=\"mailto:boeking@landvanfluwel.nl\">boeking@landvanfluwel.nl<\/a><\/strong><\/span><\/p>","protected":false},"excerpt":{"rendered":"<p>Het avontuurlijkste schoolreisje in Noord-Holland beleef je met je klas op Land van Fluwel. Voor elk kind, voor elke leeftijd is er volop vermaak. Het park is ruim opgezet en zo gebouwd dat de avonturen zowel makkelijk als moeilijk te beleven zijn. Daarbij kunnen kinderen, door de manier van bouwen, nooit het avontuur aan gaan [&hellip;]<\/p>\n","protected":false},"author":2,"featured_media":2448,"parent":0,"menu_order":0,"comment_status":"closed","ping_status":"closed","template":"","meta":{"footnotes":""},"class_list":["post-347","page","type-page","status-publish","has-post-thumbnail","hentry"],"yoast_head":"<!-- This site is optimized with the Yoast SEO plugin v27.4 - https:\/\/yoast.com\/product\/yoast-seo-wordpress\/ -->\n<title>Schoolreisje, met de hele klas op avontuur! - Land van Fluwel<\/title>\n<meta name=\"description\" content=\"Het avontuurlijkste schoolreisje van Noord-Holland beleef je op Land van Fluwel. Voor elk kind, voor elke leeftijd, voor alle groepen is er volop vermaak. Het park is zo gebouwd dat de avonturen zowel makkelijk als moeilijk te beleven zijn.\" \/>\n<meta name=\"robots\" content=\"index, follow, max-snippet:-1, max-image-preview:large, max-video-preview:-1\" \/>\n<link rel=\"canonical\" href=\"https:\/\/landvanfluwel.nl\/de\/schoolreisje\/\" \/>\n<meta property=\"og:locale\" content=\"de_DE\" \/>\n<meta property=\"og:type\" content=\"article\" \/>\n<meta property=\"og:title\" content=\"Schoolreisje, met de hele klas op avontuur! - Land van Fluwel\" \/>\n<meta property=\"og:description\" content=\"Het avontuurlijkste schoolreisje van Noord-Holland beleef je op Land van Fluwel. Voor elk kind, voor elke leeftijd, voor alle groepen is er volop vermaak. Het park is zo gebouwd dat de avonturen zowel makkelijk als moeilijk te beleven zijn.\" \/>\n<meta property=\"og:url\" content=\"https:\/\/landvanfluwel.nl\/de\/schoolreisje\/\" \/>\n<meta property=\"og:site_name\" content=\"Land van Fluwel\" \/>\n<meta property=\"article:modified_time\" content=\"2025-10-22T13:13:53+00:00\" \/>\n<meta property=\"og:image\" content=\"https:\/\/landvanfluwel.nl\/wp-content\/uploads\/2022\/10\/Land-van-Fluwel-8.png\" \/>\n\t<meta property=\"og:image:width\" content=\"1024\" \/>\n\t<meta property=\"og:image:height\" content=\"573\" \/>\n\t<meta property=\"og:image:type\" content=\"image\/png\" \/>\n<meta name=\"twitter:card\" content=\"summary_large_image\" \/>\n<meta name=\"twitter:label1\" content=\"Gesch\u00e4tzte Lesezeit\" \/>\n\t<meta name=\"twitter:data1\" content=\"3\u00a0Minuten\" \/>\n<script type=\"application\/ld+json\" class=\"yoast-schema-graph\">{\"@context\":\"https:\\\/\\\/schema.org\",\"@graph\":[{\"@type\":\"WebPage\",\"@id\":\"https:\\\/\\\/landvanfluwel.nl\\\/schoolreisje\\\/\",\"url\":\"https:\\\/\\\/landvanfluwel.nl\\\/schoolreisje\\\/\",\"name\":\"Schoolreisje, met de hele klas op avontuur! - Land van Fluwel\",\"isPartOf\":{\"@id\":\"https:\\\/\\\/landvanfluwel.nl\\\/#website\"},\"primaryImageOfPage\":{\"@id\":\"https:\\\/\\\/landvanfluwel.nl\\\/schoolreisje\\\/#primaryimage\"},\"image\":{\"@id\":\"https:\\\/\\\/landvanfluwel.nl\\\/schoolreisje\\\/#primaryimage\"},\"thumbnailUrl\":\"https:\\\/\\\/landvanfluwel.nl\\\/wp-content\\\/uploads\\\/2022\\\/10\\\/Land-van-Fluwel-8.png\",\"datePublished\":\"2018-03-25T12:35:29+00:00\",\"dateModified\":\"2025-10-22T13:13:53+00:00\",\"description\":\"Het avontuurlijkste schoolreisje van Noord-Holland beleef je op Land van Fluwel. Voor elk kind, voor elke leeftijd, voor alle groepen is er volop vermaak. Het park is zo gebouwd dat de avonturen zowel makkelijk als moeilijk te beleven zijn.\",\"breadcrumb\":{\"@id\":\"https:\\\/\\\/landvanfluwel.nl\\\/schoolreisje\\\/#breadcrumb\"},\"inLanguage\":\"de\",\"potentialAction\":[{\"@type\":\"ReadAction\",\"target\":[\"https:\\\/\\\/landvanfluwel.nl\\\/schoolreisje\\\/\"]}]},{\"@type\":\"ImageObject\",\"inLanguage\":\"de\",\"@id\":\"https:\\\/\\\/landvanfluwel.nl\\\/schoolreisje\\\/#primaryimage\",\"url\":\"https:\\\/\\\/landvanfluwel.nl\\\/wp-content\\\/uploads\\\/2022\\\/10\\\/Land-van-Fluwel-8.png\",\"contentUrl\":\"https:\\\/\\\/landvanfluwel.nl\\\/wp-content\\\/uploads\\\/2022\\\/10\\\/Land-van-Fluwel-8.png\",\"width\":2870,\"height\":1606},{\"@type\":\"BreadcrumbList\",\"@id\":\"https:\\\/\\\/landvanfluwel.nl\\\/schoolreisje\\\/#breadcrumb\",\"itemListElement\":[{\"@type\":\"ListItem\",\"position\":1,\"name\":\"Home\",\"item\":\"https:\\\/\\\/landvanfluwel.nl\\\/\"},{\"@type\":\"ListItem\",\"position\":2,\"name\":\"Schoolreisje\"}]},{\"@type\":\"WebSite\",\"@id\":\"https:\\\/\\\/landvanfluwel.nl\\\/#website\",\"url\":\"https:\\\/\\\/landvanfluwel.nl\\\/\",\"name\":\"Land van Fluwel\",\"description\":\"Beleef het Avontuur!\",\"publisher\":{\"@id\":\"https:\\\/\\\/landvanfluwel.nl\\\/#organization\"},\"potentialAction\":[{\"@type\":\"SearchAction\",\"target\":{\"@type\":\"EntryPoint\",\"urlTemplate\":\"https:\\\/\\\/landvanfluwel.nl\\\/?s={search_term_string}\"},\"query-input\":{\"@type\":\"PropertyValueSpecification\",\"valueRequired\":true,\"valueName\":\"search_term_string\"}}],\"inLanguage\":\"de\"},{\"@type\":\"Organization\",\"@id\":\"https:\\\/\\\/landvanfluwel.nl\\\/#organization\",\"name\":\"Land van Fluwel\",\"url\":\"https:\\\/\\\/landvanfluwel.nl\\\/\",\"logo\":{\"@type\":\"ImageObject\",\"inLanguage\":\"de\",\"@id\":\"https:\\\/\\\/landvanfluwel.nl\\\/#\\\/schema\\\/logo\\\/image\\\/\",\"url\":\"https:\\\/\\\/landvanfluwel.nl\\\/wp-content\\\/uploads\\\/2018\\\/03\\\/cropped-logo_landvanfluwel-1.png\",\"contentUrl\":\"https:\\\/\\\/landvanfluwel.nl\\\/wp-content\\\/uploads\\\/2018\\\/03\\\/cropped-logo_landvanfluwel-1.png\",\"width\":100,\"height\":119,\"caption\":\"Land van Fluwel\"},\"image\":{\"@id\":\"https:\\\/\\\/landvanfluwel.nl\\\/#\\\/schema\\\/logo\\\/image\\\/\"}}]}<\/script>\n<!-- \/ Yoast SEO plugin. -->","yoast_head_json":{"title":"Klassenfahrt, auf Abenteuer mit der ganzen Klasse! - Land van Fluwel","description":"Den abenteuerlichsten Schulausflug von Noord-Holland k\u00f6nnen Sie auf Land van Fluwel erleben. Es gibt jede Menge Unterhaltung f\u00fcr jedes Kind, f\u00fcr jedes Alter, f\u00fcr alle Gruppen. Der Park ist so gebaut, dass die Abenteuer sowohl leicht als auch schwer zu erleben sind.","robots":{"index":"index","follow":"follow","max-snippet":"max-snippet:-1","max-image-preview":"max-image-preview:large","max-video-preview":"max-video-preview:-1"},"canonical":"https:\/\/landvanfluwel.nl\/de\/schoolreisje\/","og_locale":"de_DE","og_type":"article","og_title":"Schoolreisje, met de hele klas op avontuur! - Land van Fluwel","og_description":"Het avontuurlijkste schoolreisje van Noord-Holland beleef je op Land van Fluwel. Voor elk kind, voor elke leeftijd, voor alle groepen is er volop vermaak. Het park is zo gebouwd dat de avonturen zowel makkelijk als moeilijk te beleven zijn.","og_url":"https:\/\/landvanfluwel.nl\/de\/schoolreisje\/","og_site_name":"Land van Fluwel","article_modified_time":"2025-10-22T13:13:53+00:00","og_image":[{"url":"https:\/\/landvanfluwel.nl\/wp-content\/uploads\/2022\/10\/Land-van-Fluwel-8.png","width":1024,"height":573,"type":"image\/png"}],"twitter_card":"summary_large_image","twitter_misc":{"Gesch\u00e4tzte Lesezeit":"3\u00a0Minuten"},"schema":{"@context":"https:\/\/schema.org","@graph":[{"@type":"WebPage","@id":"https:\/\/landvanfluwel.nl\/schoolreisje\/","url":"https:\/\/landvanfluwel.nl\/schoolreisje\/","name":"Klassenfahrt, auf Abenteuer mit der ganzen Klasse! - Land van Fluwel","isPartOf":{"@id":"https:\/\/landvanfluwel.nl\/#website"},"primaryImageOfPage":{"@id":"https:\/\/landvanfluwel.nl\/schoolreisje\/#primaryimage"},"image":{"@id":"https:\/\/landvanfluwel.nl\/schoolreisje\/#primaryimage"},"thumbnailUrl":"https:\/\/landvanfluwel.nl\/wp-content\/uploads\/2022\/10\/Land-van-Fluwel-8.png","datePublished":"2018-03-25T12:35:29+00:00","dateModified":"2025-10-22T13:13:53+00:00","description":"Den abenteuerlichsten Schulausflug von Noord-Holland k\u00f6nnen Sie auf Land van Fluwel erleben. Es gibt jede Menge Unterhaltung f\u00fcr jedes Kind, f\u00fcr jedes Alter, f\u00fcr alle Gruppen. Der Park ist so gebaut, dass die Abenteuer sowohl leicht als auch schwer zu erleben sind.","breadcrumb":{"@id":"https:\/\/landvanfluwel.nl\/schoolreisje\/#breadcrumb"},"inLanguage":"de","potentialAction":[{"@type":"ReadAction","target":["https:\/\/landvanfluwel.nl\/schoolreisje\/"]}]},{"@type":"ImageObject","inLanguage":"de","@id":"https:\/\/landvanfluwel.nl\/schoolreisje\/#primaryimage","url":"https:\/\/landvanfluwel.nl\/wp-content\/uploads\/2022\/10\/Land-van-Fluwel-8.png","contentUrl":"https:\/\/landvanfluwel.nl\/wp-content\/uploads\/2022\/10\/Land-van-Fluwel-8.png","width":2870,"height":1606},{"@type":"BreadcrumbList","@id":"https:\/\/landvanfluwel.nl\/schoolreisje\/#breadcrumb","itemListElement":[{"@type":"ListItem","position":1,"name":"Home","item":"https:\/\/landvanfluwel.nl\/"},{"@type":"ListItem","position":2,"name":"Schoolreisje"}]},{"@type":"WebSite","@id":"https:\/\/landvanfluwel.nl\/#website","url":"https:\/\/landvanfluwel.nl\/","name":"Land van Fluwel","description":"Erleben Sie das Abenteuer!","publisher":{"@id":"https:\/\/landvanfluwel.nl\/#organization"},"potentialAction":[{"@type":"SearchAction","target":{"@type":"EntryPoint","urlTemplate":"https:\/\/landvanfluwel.nl\/?s={search_term_string}"},"query-input":{"@type":"PropertyValueSpecification","valueRequired":true,"valueName":"search_term_string"}}],"inLanguage":"de"},{"@type":"Organization","@id":"https:\/\/landvanfluwel.nl\/#organization","name":"Land van Fluwel","url":"https:\/\/landvanfluwel.nl\/","logo":{"@type":"ImageObject","inLanguage":"de","@id":"https:\/\/landvanfluwel.nl\/#\/schema\/logo\/image\/","url":"https:\/\/landvanfluwel.nl\/wp-content\/uploads\/2018\/03\/cropped-logo_landvanfluwel-1.png","contentUrl":"https:\/\/landvanfluwel.nl\/wp-content\/uploads\/2018\/03\/cropped-logo_landvanfluwel-1.png","width":100,"height":119,"caption":"Land van Fluwel"},"image":{"@id":"https:\/\/landvanfluwel.nl\/#\/schema\/logo\/image\/"}}]}},"_links":{"self":[{"href":"https:\/\/landvanfluwel.nl\/de\/wp-json\/wp\/v2\/pages\/347","targetHints":{"allow":["GET"]}}],"collection":[{"href":"https:\/\/landvanfluwel.nl\/de\/wp-json\/wp\/v2\/pages"}],"about":[{"href":"https:\/\/landvanfluwel.nl\/de\/wp-json\/wp\/v2\/types\/page"}],"author":[{"embeddable":true,"href":"https:\/\/landvanfluwel.nl\/de\/wp-json\/wp\/v2\/users\/2"}],"replies":[{"embeddable":true,"href":"https:\/\/landvanfluwel.nl\/de\/wp-json\/wp\/v2\/comments?post=347"}],"version-history":[{"count":0,"href":"https:\/\/landvanfluwel.nl\/de\/wp-json\/wp\/v2\/pages\/347\/revisions"}],"wp:featuredmedia":[{"embeddable":true,"href":"https:\/\/landvanfluwel.nl\/de\/wp-json\/wp\/v2\/media\/2448"}],"wp:attachment":[{"href":"https:\/\/landvanfluwel.nl\/de\/wp-json\/wp\/v2\/media?parent=347"}],"curies":[{"name":"wp","href":"https:\/\/api.w.org\/{rel}","templated":true}]}}