{"id":317,"date":"2018-03-22T13:56:13","date_gmt":"2018-03-22T13:56:13","guid":{"rendered":"https:\/\/landvanfluwel.nl\/?page_id=317"},"modified":"2026-01-07T11:39:29","modified_gmt":"2026-01-07T10:39:29","slug":"contact","status":"publish","type":"page","link":"https:\/\/landvanfluwel.nl\/de\/contact\/","title":{"rendered":"Kontakt"},"content":{"rendered":"<p>M\u00f6chten Sie mit uns Kontakt aufnehmen? Sie erreichen uns telefonisch w\u00e4hrend der \u00d6ffnungszeiten unter 0224-562555 oder per E-Mail <a href=\"mailto:info@landvanfluwel.nl\">info@landvanfluwel.nl<\/a>.<\/p>\n<p>Kinderfeste und Klassenfahrten sind buchbar \u00fcber: <a href=\"mailto:boeking@landvanfluwel.nl\">booking@landvanfluwel.nl.<\/a><\/p>\n<p><strong>Newsletter<\/strong><\/p>\n<p>Haben Sie sich bereits f\u00fcr unseren Newsletter registriert? NEIN? Dann tun Sie es schnell und erfahren Sie als Erster von Neuigkeiten rund um den Park, Veranstaltungen, Musik &amp; Theater. Sie erhalten maximal 8 Mal im Jahr einen Newsletter. Klicken <strong><a href=\"http:\/\/eepurl.com\/c7IbIL\">Hier<\/a><\/strong> registrieren.<\/p>\n<p>&nbsp;<\/p>","protected":false},"excerpt":{"rendered":"<p>Wil je contact met ons opnemen? Je kunt ons tijdens openingstijden telefonisch bereiken op 0224-562555 of per mail op info@landvanfluwel.nl. Kinderfeestjes en schoolreisjes zijn te boeken via: boeking@landvanfluwel.nl. Nieuwsbrief Ben je al ingeschreven voor onze nieuwsbrief? Nee? Doe dat dan snel en wees als eerste op de hoogte van nieuws over het park, evenementen, muziek [&hellip;]<\/p>\n","protected":false},"author":2,"featured_media":319,"parent":0,"menu_order":0,"comment_status":"closed","ping_status":"closed","template":"","meta":{"footnotes":""},"class_list":["post-317","page","type-page","status-publish","has-post-thumbnail","hentry"],"yoast_head":"<!-- This site is optimized with the Yoast SEO plugin v27.3 - https:\/\/yoast.com\/product\/yoast-seo-wordpress\/ -->\n<title>Contact opnemen met Land van Fluwel<\/title>\n<meta name=\"description\" content=\"Je kunt ons tijdens het openingsseizoen telefonisch bereiken op 0224-562555 of per mail. Ook reserveren voor Restaurant &#039;De Kneinsberg&#039; kan via dit nummer.\" \/>\n<meta name=\"robots\" content=\"index, follow, max-snippet:-1, max-image-preview:large, max-video-preview:-1\" \/>\n<link rel=\"canonical\" href=\"https:\/\/landvanfluwel.nl\/de\/contact\/\" \/>\n<meta property=\"og:locale\" content=\"de_DE\" \/>\n<meta property=\"og:type\" content=\"article\" \/>\n<meta property=\"og:title\" content=\"Contact opnemen met Land van Fluwel\" \/>\n<meta property=\"og:description\" content=\"Je kunt ons tijdens het openingsseizoen telefonisch bereiken op 0224-562555 of per mail. Ook reserveren voor Restaurant &#039;De Kneinsberg&#039; kan via dit nummer.\" \/>\n<meta property=\"og:url\" content=\"https:\/\/landvanfluwel.nl\/de\/contact\/\" \/>\n<meta property=\"og:site_name\" content=\"Land van Fluwel\" \/>\n<meta property=\"article:modified_time\" content=\"2026-01-07T10:39:29+00:00\" \/>\n<meta property=\"og:image\" content=\"https:\/\/landvanfluwel.nl\/wp-content\/uploads\/2018\/03\/Land-van-Fluwel-Himalaya-kopie-scaled.jpg\" \/>\n\t<meta property=\"og:image:width\" content=\"2560\" \/>\n\t<meta property=\"og:image:height\" content=\"986\" \/>\n\t<meta property=\"og:image:type\" content=\"image\/jpeg\" \/>\n<meta name=\"twitter:card\" content=\"summary_large_image\" \/>\n<meta name=\"twitter:label1\" content=\"Gesch\u00e4tzte Lesezeit\" \/>\n\t<meta name=\"twitter:data1\" content=\"1\u00a0Minute\" \/>\n<script type=\"application\/ld+json\" class=\"yoast-schema-graph\">{\"@context\":\"https:\\\/\\\/schema.org\",\"@graph\":[{\"@type\":\"WebPage\",\"@id\":\"https:\\\/\\\/landvanfluwel.nl\\\/contact\\\/\",\"url\":\"https:\\\/\\\/landvanfluwel.nl\\\/contact\\\/\",\"name\":\"Contact opnemen met Land van Fluwel\",\"isPartOf\":{\"@id\":\"https:\\\/\\\/landvanfluwel.nl\\\/#website\"},\"primaryImageOfPage\":{\"@id\":\"https:\\\/\\\/landvanfluwel.nl\\\/contact\\\/#primaryimage\"},\"image\":{\"@id\":\"https:\\\/\\\/landvanfluwel.nl\\\/contact\\\/#primaryimage\"},\"thumbnailUrl\":\"https:\\\/\\\/landvanfluwel.nl\\\/wp-content\\\/uploads\\\/2018\\\/03\\\/Land-van-Fluwel-Himalaya-kopie-scaled.jpg\",\"datePublished\":\"2018-03-22T13:56:13+00:00\",\"dateModified\":\"2026-01-07T10:39:29+00:00\",\"description\":\"Je kunt ons tijdens het openingsseizoen telefonisch bereiken op 0224-562555 of per mail. Ook reserveren voor Restaurant 'De Kneinsberg' kan via dit nummer.\",\"breadcrumb\":{\"@id\":\"https:\\\/\\\/landvanfluwel.nl\\\/contact\\\/#breadcrumb\"},\"inLanguage\":\"de\",\"potentialAction\":[{\"@type\":\"ReadAction\",\"target\":[\"https:\\\/\\\/landvanfluwel.nl\\\/contact\\\/\"]}]},{\"@type\":\"ImageObject\",\"inLanguage\":\"de\",\"@id\":\"https:\\\/\\\/landvanfluwel.nl\\\/contact\\\/#primaryimage\",\"url\":\"https:\\\/\\\/landvanfluwel.nl\\\/wp-content\\\/uploads\\\/2018\\\/03\\\/Land-van-Fluwel-Himalaya-kopie-scaled.jpg\",\"contentUrl\":\"https:\\\/\\\/landvanfluwel.nl\\\/wp-content\\\/uploads\\\/2018\\\/03\\\/Land-van-Fluwel-Himalaya-kopie-scaled.jpg\",\"width\":2560,\"height\":986},{\"@type\":\"BreadcrumbList\",\"@id\":\"https:\\\/\\\/landvanfluwel.nl\\\/contact\\\/#breadcrumb\",\"itemListElement\":[{\"@type\":\"ListItem\",\"position\":1,\"name\":\"Home\",\"item\":\"https:\\\/\\\/landvanfluwel.nl\\\/\"},{\"@type\":\"ListItem\",\"position\":2,\"name\":\"Contact\"}]},{\"@type\":\"WebSite\",\"@id\":\"https:\\\/\\\/landvanfluwel.nl\\\/#website\",\"url\":\"https:\\\/\\\/landvanfluwel.nl\\\/\",\"name\":\"Land van Fluwel\",\"description\":\"Beleef het Avontuur!\",\"publisher\":{\"@id\":\"https:\\\/\\\/landvanfluwel.nl\\\/#organization\"},\"potentialAction\":[{\"@type\":\"SearchAction\",\"target\":{\"@type\":\"EntryPoint\",\"urlTemplate\":\"https:\\\/\\\/landvanfluwel.nl\\\/?s={search_term_string}\"},\"query-input\":{\"@type\":\"PropertyValueSpecification\",\"valueRequired\":true,\"valueName\":\"search_term_string\"}}],\"inLanguage\":\"de\"},{\"@type\":\"Organization\",\"@id\":\"https:\\\/\\\/landvanfluwel.nl\\\/#organization\",\"name\":\"Land van Fluwel\",\"url\":\"https:\\\/\\\/landvanfluwel.nl\\\/\",\"logo\":{\"@type\":\"ImageObject\",\"inLanguage\":\"de\",\"@id\":\"https:\\\/\\\/landvanfluwel.nl\\\/#\\\/schema\\\/logo\\\/image\\\/\",\"url\":\"https:\\\/\\\/landvanfluwel.nl\\\/wp-content\\\/uploads\\\/2018\\\/03\\\/cropped-logo_landvanfluwel-1.png\",\"contentUrl\":\"https:\\\/\\\/landvanfluwel.nl\\\/wp-content\\\/uploads\\\/2018\\\/03\\\/cropped-logo_landvanfluwel-1.png\",\"width\":100,\"height\":119,\"caption\":\"Land van Fluwel\"},\"image\":{\"@id\":\"https:\\\/\\\/landvanfluwel.nl\\\/#\\\/schema\\\/logo\\\/image\\\/\"}}]}<\/script>\n<!-- \/ Yoast SEO plugin. -->","yoast_head_json":{"title":"Kontaktieren Sie Land van Fluwel","description":"Sie erreichen uns w\u00e4hrend der Er\u00f6ffnungssaison telefonisch unter 0224-562555 oder per E-Mail. \u00dcber diese Nummer k\u00f6nnen auch Reservierungen f\u00fcr das Restaurant \u201eDe Kneinsberg\u201c vorgenommen werden.","robots":{"index":"index","follow":"follow","max-snippet":"max-snippet:-1","max-image-preview":"max-image-preview:large","max-video-preview":"max-video-preview:-1"},"canonical":"https:\/\/landvanfluwel.nl\/de\/contact\/","og_locale":"de_DE","og_type":"article","og_title":"Contact opnemen met Land van Fluwel","og_description":"Je kunt ons tijdens het openingsseizoen telefonisch bereiken op 0224-562555 of per mail. Ook reserveren voor Restaurant 'De Kneinsberg' kan via dit nummer.","og_url":"https:\/\/landvanfluwel.nl\/de\/contact\/","og_site_name":"Land van Fluwel","article_modified_time":"2026-01-07T10:39:29+00:00","og_image":[{"width":2560,"height":986,"url":"https:\/\/landvanfluwel.nl\/wp-content\/uploads\/2018\/03\/Land-van-Fluwel-Himalaya-kopie-scaled.jpg","type":"image\/jpeg"}],"twitter_card":"summary_large_image","twitter_misc":{"Gesch\u00e4tzte Lesezeit":"1\u00a0Minute"},"schema":{"@context":"https:\/\/schema.org","@graph":[{"@type":"WebPage","@id":"https:\/\/landvanfluwel.nl\/contact\/","url":"https:\/\/landvanfluwel.nl\/contact\/","name":"Kontaktieren Sie Land van Fluwel","isPartOf":{"@id":"https:\/\/landvanfluwel.nl\/#website"},"primaryImageOfPage":{"@id":"https:\/\/landvanfluwel.nl\/contact\/#primaryimage"},"image":{"@id":"https:\/\/landvanfluwel.nl\/contact\/#primaryimage"},"thumbnailUrl":"https:\/\/landvanfluwel.nl\/wp-content\/uploads\/2018\/03\/Land-van-Fluwel-Himalaya-kopie-scaled.jpg","datePublished":"2018-03-22T13:56:13+00:00","dateModified":"2026-01-07T10:39:29+00:00","description":"Sie erreichen uns w\u00e4hrend der Er\u00f6ffnungssaison telefonisch unter 0224-562555 oder per E-Mail. \u00dcber diese Nummer k\u00f6nnen auch Reservierungen f\u00fcr das Restaurant \u201eDe Kneinsberg\u201c vorgenommen werden.","breadcrumb":{"@id":"https:\/\/landvanfluwel.nl\/contact\/#breadcrumb"},"inLanguage":"de","potentialAction":[{"@type":"ReadAction","target":["https:\/\/landvanfluwel.nl\/contact\/"]}]},{"@type":"ImageObject","inLanguage":"de","@id":"https:\/\/landvanfluwel.nl\/contact\/#primaryimage","url":"https:\/\/landvanfluwel.nl\/wp-content\/uploads\/2018\/03\/Land-van-Fluwel-Himalaya-kopie-scaled.jpg","contentUrl":"https:\/\/landvanfluwel.nl\/wp-content\/uploads\/2018\/03\/Land-van-Fluwel-Himalaya-kopie-scaled.jpg","width":2560,"height":986},{"@type":"BreadcrumbList","@id":"https:\/\/landvanfluwel.nl\/contact\/#breadcrumb","itemListElement":[{"@type":"ListItem","position":1,"name":"Home","item":"https:\/\/landvanfluwel.nl\/"},{"@type":"ListItem","position":2,"name":"Contact"}]},{"@type":"WebSite","@id":"https:\/\/landvanfluwel.nl\/#website","url":"https:\/\/landvanfluwel.nl\/","name":"Land van Fluwel","description":"Erleben Sie das Abenteuer!","publisher":{"@id":"https:\/\/landvanfluwel.nl\/#organization"},"potentialAction":[{"@type":"SearchAction","target":{"@type":"EntryPoint","urlTemplate":"https:\/\/landvanfluwel.nl\/?s={search_term_string}"},"query-input":{"@type":"PropertyValueSpecification","valueRequired":true,"valueName":"search_term_string"}}],"inLanguage":"de"},{"@type":"Organization","@id":"https:\/\/landvanfluwel.nl\/#organization","name":"Land van Fluwel","url":"https:\/\/landvanfluwel.nl\/","logo":{"@type":"ImageObject","inLanguage":"de","@id":"https:\/\/landvanfluwel.nl\/#\/schema\/logo\/image\/","url":"https:\/\/landvanfluwel.nl\/wp-content\/uploads\/2018\/03\/cropped-logo_landvanfluwel-1.png","contentUrl":"https:\/\/landvanfluwel.nl\/wp-content\/uploads\/2018\/03\/cropped-logo_landvanfluwel-1.png","width":100,"height":119,"caption":"Land van Fluwel"},"image":{"@id":"https:\/\/landvanfluwel.nl\/#\/schema\/logo\/image\/"}}]}},"_links":{"self":[{"href":"https:\/\/landvanfluwel.nl\/de\/wp-json\/wp\/v2\/pages\/317","targetHints":{"allow":["GET"]}}],"collection":[{"href":"https:\/\/landvanfluwel.nl\/de\/wp-json\/wp\/v2\/pages"}],"about":[{"href":"https:\/\/landvanfluwel.nl\/de\/wp-json\/wp\/v2\/types\/page"}],"author":[{"embeddable":true,"href":"https:\/\/landvanfluwel.nl\/de\/wp-json\/wp\/v2\/users\/2"}],"replies":[{"embeddable":true,"href":"https:\/\/landvanfluwel.nl\/de\/wp-json\/wp\/v2\/comments?post=317"}],"version-history":[{"count":0,"href":"https:\/\/landvanfluwel.nl\/de\/wp-json\/wp\/v2\/pages\/317\/revisions"}],"wp:featuredmedia":[{"embeddable":true,"href":"https:\/\/landvanfluwel.nl\/de\/wp-json\/wp\/v2\/media\/319"}],"wp:attachment":[{"href":"https:\/\/landvanfluwel.nl\/de\/wp-json\/wp\/v2\/media?parent=317"}],"curies":[{"name":"wp","href":"https:\/\/api.w.org\/{rel}","templated":true}]}}