{"id":312,"date":"2018-03-22T13:41:46","date_gmt":"2018-03-22T13:41:46","guid":{"rendered":"https:\/\/landvanfluwel.nl\/?page_id=312"},"modified":"2024-07-29T12:30:41","modified_gmt":"2024-07-29T10:30:41","slug":"huisregels","status":"publish","type":"page","link":"https:\/\/landvanfluwel.nl\/de\/huisregels\/","title":{"rendered":"Hausregeln"},"content":{"rendered":"<p>Land van Fluwel ist ein gro\u00dfz\u00fcgiger und weitl\u00e4ufiger Park, in dem Sie frei sein k\u00f6nnen. Damit es allen Spa\u00df macht und vor allem immer sicher bleibt, gibt es ein paar Hausregeln, die Sie beim Betreten des Parks beachten und akzeptieren m\u00fcssen:<\/p>\n<ul>\n<li>Das Parken auf dem Parkplatz Land van Fluwel ist kostenlos und erfolgt auf eigene Gefahr. Die H\u00f6chstgeschwindigkeit vor Ort betr\u00e4gt 5 Kilometer pro Stunde.<\/li>\n<li>Der Zutritt zum Park ist nur mit einer g\u00fcltigen Eintrittskarte gestattet. Wenn Sie Tickets online gekauft haben, sind die Tickets nur am gew\u00e4hlten Datum g\u00fcltig. Bei sehr schlechtem Wetter ist es in Absprache m\u00f6glich, die Tickets auf einen anderen Termin innerhalb der gleichen Saison zu verschieben.<\/li>\n<li>Hunde an der kurzen Leine sind im Land van Fluwel willkommen. Bitte bringen Sie Hundetaschen mit und verlassen Sie unseren Park ordentlich.<\/li>\n<li>Wir sind stolz auf unseren sch\u00f6nen, sauberen Park und m\u00f6chten, dass dies auch so bleibt. Abf\u00e4lle sollten daher in den Abfallbeh\u00e4ltern deponiert werden. Diese sind im gesamten Park verteilt.<\/li>\n<li>Sie d\u00fcrfen Ihre eigenen Snacks mitbringen, um sie im Park zu genie\u00dfen. Der Verzehr eigener Getr\u00e4nke ist im Restaurant und auf den dazugeh\u00f6rigen Terrassen nicht gestattet.<\/li>\n<li>Das Mitbringen von alkoholischen Getr\u00e4nken ist nicht gestattet.<\/li>\n<li>Das Spielen auf Land van Fluwel erfolgt immer auf eigenes Risiko. Sie tragen jederzeit die Verantwortung f\u00fcr die Personen, die Ihrer Aufsicht unterstehen. Land van Fluwel haftet nicht f\u00fcr Sch\u00e4den, die w\u00e4hrend des Spielens entstehen.<\/li>\n<li>Bei Land van Fluwel gibt es ein Flachwasserspiel zum Spielen. Bitte beachten Sie: Aus Sicherheitsgr\u00fcnden ist das Wasser unter der F\u00e4hre 1,5 Meter tief. Beaufsichtigen Sie Kinder, die nicht oder nur m\u00e4\u00dfig schwimmen k\u00f6nnen. Im Gew\u00e4chshaus k\u00f6nnen Sie eine Sicherheitsweste f\u00fcr Kinder ausleihen.<\/li>\n<li>Sie haften f\u00fcr vors\u00e4tzliche Besch\u00e4digung von Land van Fluwel-Eigentum durch Sie selbst oder Personen unter Ihrer Aufsicht. Sch\u00e4den werden jederzeit ersetzt.<\/li>\n<li>Fundsachen k\u00f6nnen am Eingang von Land van Fluwel abgegeben werden.<\/li>\n<li>Den Sicherheitsanweisungen sowie den Anweisungen des Personals ist stets Folge zu leisten.<\/li>\n<li>Es d\u00fcrfen Bild- und\/oder Tonaufnahmen von Besuchern der Land van Fluwel gemacht und die Aufnahmen \u00f6ffentlich gemacht oder vervielf\u00e4ltigt werden, ohne dass Land van Fluwel gegen\u00fcber dem Besucher schadensersatzpflichtig ist oder wird. Mit dem Betreten des Parks \u00fcbertragen Sie etwaige Leistungs- und\/oder Urheber- und\/oder Bildrechte uneingeschr\u00e4nkt auf die Organisation. Dar\u00fcber hinaus verzichtet der Besucher unwiderruflich auf die Geltendmachung seiner Pers\u00f6nlichkeitsrechte. Wenn Sie dem widersprechen, k\u00f6nnen Sie dies an der Kasse angeben.<\/li>\n<li>Es ist f\u00fcr Sie selbstverst\u00e4ndlich, dass Sie sich nach den in unserer Gesellschaft geltenden Normen und Werten verhalten. Vor allem w\u00fcnschen wir Ihnen viel Spa\u00df bei Ihrem Besuch bei Land van Fluwel.<\/li>\n<\/ul>","protected":false},"excerpt":{"rendered":"<p>Land van Fluwel is een ruim en weids park waar je vooral vrij mag zijn. Om te zorgen dat het voor iedereen leuk is en het bovenal altijd veilig blijft, gelden er een paar huisregels waarvan je op de hoogte dient te zijn en waarmee je akkoord gaat bij het betreden van het park: Parkeren [&hellip;]<\/p>\n","protected":false},"author":2,"featured_media":2707,"parent":0,"menu_order":0,"comment_status":"closed","ping_status":"closed","template":"","meta":{"footnotes":""},"class_list":["post-312","page","type-page","status-publish","has-post-thumbnail","hentry"],"yoast_head":"<!-- This site is optimized with the Yoast SEO plugin v27.3 - https:\/\/yoast.com\/product\/yoast-seo-wordpress\/ -->\n<title>Huisregels en bezoekersreglement - Land van Fluwel<\/title>\n<meta name=\"description\" content=\"Land van Fluwel is een ruim en weids park waar je vooral vrij mag zijn. Om te zorgen dat dit voor iedereen leuk en veilig is, gelden er een paar huisregels.\" \/>\n<meta name=\"robots\" content=\"index, follow, max-snippet:-1, max-image-preview:large, max-video-preview:-1\" \/>\n<link rel=\"canonical\" href=\"https:\/\/landvanfluwel.nl\/de\/huisregels\/\" \/>\n<meta property=\"og:locale\" content=\"de_DE\" \/>\n<meta property=\"og:type\" content=\"article\" \/>\n<meta property=\"og:title\" content=\"Huisregels en bezoekersreglement - Land van Fluwel\" \/>\n<meta property=\"og:description\" content=\"Land van Fluwel is een ruim en weids park waar je vooral vrij mag zijn. Om te zorgen dat dit voor iedereen leuk en veilig is, gelden er een paar huisregels.\" \/>\n<meta property=\"og:url\" content=\"https:\/\/landvanfluwel.nl\/de\/huisregels\/\" \/>\n<meta property=\"og:site_name\" content=\"Land van Fluwel\" \/>\n<meta property=\"article:modified_time\" content=\"2024-07-29T10:30:41+00:00\" \/>\n<meta property=\"og:image\" content=\"https:\/\/landvanfluwel.nl\/wp-content\/uploads\/2023\/06\/Land-van-Fluwel-Avonturenparadijs-11-min-scaled.jpg\" \/>\n\t<meta property=\"og:image:width\" content=\"2560\" \/>\n\t<meta property=\"og:image:height\" content=\"1707\" \/>\n\t<meta property=\"og:image:type\" content=\"image\/jpeg\" \/>\n<meta name=\"twitter:card\" content=\"summary_large_image\" \/>\n<meta name=\"twitter:label1\" content=\"Gesch\u00e4tzte Lesezeit\" \/>\n\t<meta name=\"twitter:data1\" content=\"3\u00a0Minuten\" \/>\n<script type=\"application\/ld+json\" class=\"yoast-schema-graph\">{\"@context\":\"https:\\\/\\\/schema.org\",\"@graph\":[{\"@type\":\"WebPage\",\"@id\":\"https:\\\/\\\/landvanfluwel.nl\\\/huisregels\\\/\",\"url\":\"https:\\\/\\\/landvanfluwel.nl\\\/huisregels\\\/\",\"name\":\"Huisregels en bezoekersreglement - Land van Fluwel\",\"isPartOf\":{\"@id\":\"https:\\\/\\\/landvanfluwel.nl\\\/#website\"},\"primaryImageOfPage\":{\"@id\":\"https:\\\/\\\/landvanfluwel.nl\\\/huisregels\\\/#primaryimage\"},\"image\":{\"@id\":\"https:\\\/\\\/landvanfluwel.nl\\\/huisregels\\\/#primaryimage\"},\"thumbnailUrl\":\"https:\\\/\\\/landvanfluwel.nl\\\/wp-content\\\/uploads\\\/2023\\\/06\\\/Land-van-Fluwel-Avonturenparadijs-11-min-scaled.jpg\",\"datePublished\":\"2018-03-22T13:41:46+00:00\",\"dateModified\":\"2024-07-29T10:30:41+00:00\",\"description\":\"Land van Fluwel is een ruim en weids park waar je vooral vrij mag zijn. Om te zorgen dat dit voor iedereen leuk en veilig is, gelden er een paar huisregels.\",\"breadcrumb\":{\"@id\":\"https:\\\/\\\/landvanfluwel.nl\\\/huisregels\\\/#breadcrumb\"},\"inLanguage\":\"de\",\"potentialAction\":[{\"@type\":\"ReadAction\",\"target\":[\"https:\\\/\\\/landvanfluwel.nl\\\/huisregels\\\/\"]}]},{\"@type\":\"ImageObject\",\"inLanguage\":\"de\",\"@id\":\"https:\\\/\\\/landvanfluwel.nl\\\/huisregels\\\/#primaryimage\",\"url\":\"https:\\\/\\\/landvanfluwel.nl\\\/wp-content\\\/uploads\\\/2023\\\/06\\\/Land-van-Fluwel-Avonturenparadijs-11-min-scaled.jpg\",\"contentUrl\":\"https:\\\/\\\/landvanfluwel.nl\\\/wp-content\\\/uploads\\\/2023\\\/06\\\/Land-van-Fluwel-Avonturenparadijs-11-min-scaled.jpg\",\"width\":2560,\"height\":1707,\"caption\":\"Klimapen\"},{\"@type\":\"BreadcrumbList\",\"@id\":\"https:\\\/\\\/landvanfluwel.nl\\\/huisregels\\\/#breadcrumb\",\"itemListElement\":[{\"@type\":\"ListItem\",\"position\":1,\"name\":\"Home\",\"item\":\"https:\\\/\\\/landvanfluwel.nl\\\/\"},{\"@type\":\"ListItem\",\"position\":2,\"name\":\"Huisregels\"}]},{\"@type\":\"WebSite\",\"@id\":\"https:\\\/\\\/landvanfluwel.nl\\\/#website\",\"url\":\"https:\\\/\\\/landvanfluwel.nl\\\/\",\"name\":\"Land van Fluwel\",\"description\":\"Beleef het Avontuur!\",\"publisher\":{\"@id\":\"https:\\\/\\\/landvanfluwel.nl\\\/#organization\"},\"potentialAction\":[{\"@type\":\"SearchAction\",\"target\":{\"@type\":\"EntryPoint\",\"urlTemplate\":\"https:\\\/\\\/landvanfluwel.nl\\\/?s={search_term_string}\"},\"query-input\":{\"@type\":\"PropertyValueSpecification\",\"valueRequired\":true,\"valueName\":\"search_term_string\"}}],\"inLanguage\":\"de\"},{\"@type\":\"Organization\",\"@id\":\"https:\\\/\\\/landvanfluwel.nl\\\/#organization\",\"name\":\"Land van Fluwel\",\"url\":\"https:\\\/\\\/landvanfluwel.nl\\\/\",\"logo\":{\"@type\":\"ImageObject\",\"inLanguage\":\"de\",\"@id\":\"https:\\\/\\\/landvanfluwel.nl\\\/#\\\/schema\\\/logo\\\/image\\\/\",\"url\":\"https:\\\/\\\/landvanfluwel.nl\\\/wp-content\\\/uploads\\\/2018\\\/03\\\/cropped-logo_landvanfluwel-1.png\",\"contentUrl\":\"https:\\\/\\\/landvanfluwel.nl\\\/wp-content\\\/uploads\\\/2018\\\/03\\\/cropped-logo_landvanfluwel-1.png\",\"width\":100,\"height\":119,\"caption\":\"Land van Fluwel\"},\"image\":{\"@id\":\"https:\\\/\\\/landvanfluwel.nl\\\/#\\\/schema\\\/logo\\\/image\\\/\"}}]}<\/script>\n<!-- \/ Yoast SEO plugin. -->","yoast_head_json":{"title":"Hausordnung und Besucherordnung - Land van Fluwel","description":"Land van Fluwel ist ein gro\u00dfz\u00fcgiger und weitl\u00e4ufiger Park, in dem Sie frei sein k\u00f6nnen. Damit das f\u00fcr alle Spa\u00df macht und sicher ist, gibt es ein paar Hausregeln.","robots":{"index":"index","follow":"follow","max-snippet":"max-snippet:-1","max-image-preview":"max-image-preview:large","max-video-preview":"max-video-preview:-1"},"canonical":"https:\/\/landvanfluwel.nl\/de\/huisregels\/","og_locale":"de_DE","og_type":"article","og_title":"Huisregels en bezoekersreglement - Land van Fluwel","og_description":"Land van Fluwel is een ruim en weids park waar je vooral vrij mag zijn. Om te zorgen dat dit voor iedereen leuk en veilig is, gelden er een paar huisregels.","og_url":"https:\/\/landvanfluwel.nl\/de\/huisregels\/","og_site_name":"Land van Fluwel","article_modified_time":"2024-07-29T10:30:41+00:00","og_image":[{"width":2560,"height":1707,"url":"https:\/\/landvanfluwel.nl\/wp-content\/uploads\/2023\/06\/Land-van-Fluwel-Avonturenparadijs-11-min-scaled.jpg","type":"image\/jpeg"}],"twitter_card":"summary_large_image","twitter_misc":{"Gesch\u00e4tzte Lesezeit":"3\u00a0Minuten"},"schema":{"@context":"https:\/\/schema.org","@graph":[{"@type":"WebPage","@id":"https:\/\/landvanfluwel.nl\/huisregels\/","url":"https:\/\/landvanfluwel.nl\/huisregels\/","name":"Hausordnung und Besucherordnung - Land van Fluwel","isPartOf":{"@id":"https:\/\/landvanfluwel.nl\/#website"},"primaryImageOfPage":{"@id":"https:\/\/landvanfluwel.nl\/huisregels\/#primaryimage"},"image":{"@id":"https:\/\/landvanfluwel.nl\/huisregels\/#primaryimage"},"thumbnailUrl":"https:\/\/landvanfluwel.nl\/wp-content\/uploads\/2023\/06\/Land-van-Fluwel-Avonturenparadijs-11-min-scaled.jpg","datePublished":"2018-03-22T13:41:46+00:00","dateModified":"2024-07-29T10:30:41+00:00","description":"Land van Fluwel ist ein gro\u00dfz\u00fcgiger und weitl\u00e4ufiger Park, in dem Sie frei sein k\u00f6nnen. Damit das f\u00fcr alle Spa\u00df macht und sicher ist, gibt es ein paar Hausregeln.","breadcrumb":{"@id":"https:\/\/landvanfluwel.nl\/huisregels\/#breadcrumb"},"inLanguage":"de","potentialAction":[{"@type":"ReadAction","target":["https:\/\/landvanfluwel.nl\/huisregels\/"]}]},{"@type":"ImageObject","inLanguage":"de","@id":"https:\/\/landvanfluwel.nl\/huisregels\/#primaryimage","url":"https:\/\/landvanfluwel.nl\/wp-content\/uploads\/2023\/06\/Land-van-Fluwel-Avonturenparadijs-11-min-scaled.jpg","contentUrl":"https:\/\/landvanfluwel.nl\/wp-content\/uploads\/2023\/06\/Land-van-Fluwel-Avonturenparadijs-11-min-scaled.jpg","width":2560,"height":1707,"caption":"Klimapen"},{"@type":"BreadcrumbList","@id":"https:\/\/landvanfluwel.nl\/huisregels\/#breadcrumb","itemListElement":[{"@type":"ListItem","position":1,"name":"Home","item":"https:\/\/landvanfluwel.nl\/"},{"@type":"ListItem","position":2,"name":"Huisregels"}]},{"@type":"WebSite","@id":"https:\/\/landvanfluwel.nl\/#website","url":"https:\/\/landvanfluwel.nl\/","name":"Land van Fluwel","description":"Erleben Sie das Abenteuer!","publisher":{"@id":"https:\/\/landvanfluwel.nl\/#organization"},"potentialAction":[{"@type":"SearchAction","target":{"@type":"EntryPoint","urlTemplate":"https:\/\/landvanfluwel.nl\/?s={search_term_string}"},"query-input":{"@type":"PropertyValueSpecification","valueRequired":true,"valueName":"search_term_string"}}],"inLanguage":"de"},{"@type":"Organization","@id":"https:\/\/landvanfluwel.nl\/#organization","name":"Land van Fluwel","url":"https:\/\/landvanfluwel.nl\/","logo":{"@type":"ImageObject","inLanguage":"de","@id":"https:\/\/landvanfluwel.nl\/#\/schema\/logo\/image\/","url":"https:\/\/landvanfluwel.nl\/wp-content\/uploads\/2018\/03\/cropped-logo_landvanfluwel-1.png","contentUrl":"https:\/\/landvanfluwel.nl\/wp-content\/uploads\/2018\/03\/cropped-logo_landvanfluwel-1.png","width":100,"height":119,"caption":"Land van Fluwel"},"image":{"@id":"https:\/\/landvanfluwel.nl\/#\/schema\/logo\/image\/"}}]}},"_links":{"self":[{"href":"https:\/\/landvanfluwel.nl\/de\/wp-json\/wp\/v2\/pages\/312","targetHints":{"allow":["GET"]}}],"collection":[{"href":"https:\/\/landvanfluwel.nl\/de\/wp-json\/wp\/v2\/pages"}],"about":[{"href":"https:\/\/landvanfluwel.nl\/de\/wp-json\/wp\/v2\/types\/page"}],"author":[{"embeddable":true,"href":"https:\/\/landvanfluwel.nl\/de\/wp-json\/wp\/v2\/users\/2"}],"replies":[{"embeddable":true,"href":"https:\/\/landvanfluwel.nl\/de\/wp-json\/wp\/v2\/comments?post=312"}],"version-history":[{"count":0,"href":"https:\/\/landvanfluwel.nl\/de\/wp-json\/wp\/v2\/pages\/312\/revisions"}],"wp:featuredmedia":[{"embeddable":true,"href":"https:\/\/landvanfluwel.nl\/de\/wp-json\/wp\/v2\/media\/2707"}],"wp:attachment":[{"href":"https:\/\/landvanfluwel.nl\/de\/wp-json\/wp\/v2\/media?parent=312"}],"curies":[{"name":"wp","href":"https:\/\/api.w.org\/{rel}","templated":true}]}}