{"id":307,"date":"2018-03-22T13:15:39","date_gmt":"2018-03-22T13:15:39","guid":{"rendered":"https:\/\/landvanfluwel.nl\/?page_id=307"},"modified":"2025-11-28T16:33:25","modified_gmt":"2025-11-28T15:33:25","slug":"fluwel","status":"publish","type":"page","link":"https:\/\/landvanfluwel.nl\/de\/fluwel\/","title":{"rendered":"Fluwel"},"content":{"rendered":"<p><a href=\"https:\/\/www.fluwel.nl\" target=\"_blank\" rel=\"noopener noreferrer\"><img decoding=\"async\" class=\"aligncenter wp-image-1099 size-full\" title=\"Fluwel\" src=\"https:\/\/landvanfluwel.nl\/wp-content\/uploads\/2019\/05\/logo-fluwel.png\" alt=\"Fluwel\" width=\"140\" height=\"62\" \/><\/a><\/p>\n<p>Land van Fluwel ist das Gesicht und die Visitenkarte des Blumenzwiebel-Exportunternehmens und Webshops Fluwel. F\u00fcr Besitzer und Blumenliebhaber Carlos van der Veek ist dieses Abenteuerparadies ein wahrgewordener Traum.<\/p>\n<p>Fluwel steht f\u00fcr <strong>F<\/strong>senkt <strong>L<\/strong>ove <strong>DU<\/strong>, <strong>W<\/strong>e <strong>E<\/strong>Viel Spa\u00df <strong>L<\/strong>ife.<\/p>\n<p>Carlos\u2018 Leidenschaft f\u00fcr sch\u00f6ne Blumen ist die gleiche wie die seiner Land van Fluwel-Kollegen, die alles tun, um es den Besuchern zu einem sch\u00f6nen Erlebnis zu machen. Land van Fluwel begann als Open-Air-Tulpenerlebnis und hat sich mittlerweile zu einem Abenteuerparadies voller ... entwickelt. <span style=\"text-decoration: underline;\"><a href=\"\/de\/attracties\/\">Abenteuer<\/a><\/span> f\u00fcr Jung und Alt! Ganz im Sinne des Tulpenabenteuers sind Sie im gr\u00f6\u00dften Abenteuerpark von Noord-Holland herzlich willkommen. Und genau wie beim Anblick einer sch\u00f6nen Blume: \u201eDu wei\u00dft nicht, was du erlebst!\u201c<\/p>\n<p>Land van Fluwel Der Park w\u00e4re nicht ohne wundersch\u00f6ne Blumen. Jedes Jahr werden die Bloomers aus dem Webshop auch im Park bei Belkmerweg in Sint Maartenszee gezeigt. Und m\u00f6chten Sie das auch in Ihrem eigenen Garten? Dann werfen Sie einen Blick auf die <span style=\"text-decoration: underline;\"><a href=\"https:\/\/landvanfluwel.nl\/de\/souvenir-bollenshop\/\">Souvenirgesch\u00e4ft<\/a><\/span> oder der <span style=\"text-decoration: underline;\"><a href=\"https:\/\/www.fluwel.nl\" target=\"_blank\" rel=\"noopener noreferrer\">Online-Shop<\/a><\/span> Das Unternehmen hat sich auf die sch\u00f6nsten bl\u00fchenden Pflanzen spezialisiert (darunter Tulpen, Narzissen, Zierlauch, Lilien, Dahlien und Amaryllis). Neben bekannten Sorten finden Sie hier oft auch neue und einzigartige Exemplare verschiedener Blumenzwiebeln.<\/p>\n<p>M\u00f6chten Sie jede Woche Tipps und Informationen von Carlos erhalten? <span style=\"text-decoration: underline;\"><a href=\"https:\/\/www.fluwel.nl\/pages\/land-van-fluwel\" target=\"_blank\" rel=\"noopener\">Dann melden Sie sich f\u00fcr den Fluwel-Newsletter an<\/a><\/span>.<\/p>\n<p>&nbsp;<\/p>","protected":false},"excerpt":{"rendered":"<p>Land van Fluwel is het gezicht en visitekaartje van bloembollenexportbedrijf en -webshop Fluwel. Voor de eigenaar en bloemenliefhebber Carlos van der Veek is dit avonturenparadijs een droom die uitkomt. Fluwel staat voor Flowers Love U, We Enjoy Life. De passie van Carlos voor mooie bloemen is dezelfde als waarmee de collega&#8217;s van Land van Fluwel [&hellip;]<\/p>\n","protected":false},"author":2,"featured_media":303,"parent":0,"menu_order":0,"comment_status":"closed","ping_status":"closed","template":"","meta":{"footnotes":""},"class_list":["post-307","page","type-page","status-publish","has-post-thumbnail","hentry"],"yoast_head":"<!-- This site is optimized with the Yoast SEO plugin v27.4 - https:\/\/yoast.com\/product\/yoast-seo-wordpress\/ -->\n<title>Fluwel bloembollen webshop - Land van Fluwel<\/title>\n<meta name=\"description\" content=\"Land van Fluwel is het gezicht en visitekaartje van bloembollen webshop Fluwel. Jaarlijks worden de bloemen uit de webshop ook getoond op het park.\" \/>\n<meta name=\"robots\" content=\"index, follow, max-snippet:-1, max-image-preview:large, max-video-preview:-1\" \/>\n<link rel=\"canonical\" href=\"https:\/\/landvanfluwel.nl\/de\/fluwel\/\" \/>\n<meta property=\"og:locale\" content=\"de_DE\" \/>\n<meta property=\"og:type\" content=\"article\" \/>\n<meta property=\"og:title\" content=\"Fluwel bloembollen webshop - Land van Fluwel\" \/>\n<meta property=\"og:description\" content=\"Land van Fluwel is het gezicht en visitekaartje van bloembollen webshop Fluwel. Jaarlijks worden de bloemen uit de webshop ook getoond op het park.\" \/>\n<meta property=\"og:url\" content=\"https:\/\/landvanfluwel.nl\/de\/fluwel\/\" \/>\n<meta property=\"og:site_name\" content=\"Land van Fluwel\" \/>\n<meta property=\"article:modified_time\" content=\"2025-11-28T15:33:25+00:00\" \/>\n<meta property=\"og:image\" content=\"https:\/\/landvanfluwel.nl\/wp-content\/uploads\/2018\/03\/Fluwel-5.jpg\" \/>\n\t<meta property=\"og:image:width\" content=\"2000\" \/>\n\t<meta property=\"og:image:height\" content=\"1000\" \/>\n\t<meta property=\"og:image:type\" content=\"image\/jpeg\" \/>\n<meta name=\"twitter:card\" content=\"summary_large_image\" \/>\n<meta name=\"twitter:label1\" content=\"Gesch\u00e4tzte Lesezeit\" \/>\n\t<meta name=\"twitter:data1\" content=\"2\u00a0Minuten\" \/>\n<script type=\"application\/ld+json\" class=\"yoast-schema-graph\">{\"@context\":\"https:\\\/\\\/schema.org\",\"@graph\":[{\"@type\":\"WebPage\",\"@id\":\"https:\\\/\\\/landvanfluwel.nl\\\/fluwel\\\/\",\"url\":\"https:\\\/\\\/landvanfluwel.nl\\\/fluwel\\\/\",\"name\":\"Fluwel bloembollen webshop - Land van Fluwel\",\"isPartOf\":{\"@id\":\"https:\\\/\\\/landvanfluwel.nl\\\/#website\"},\"primaryImageOfPage\":{\"@id\":\"https:\\\/\\\/landvanfluwel.nl\\\/fluwel\\\/#primaryimage\"},\"image\":{\"@id\":\"https:\\\/\\\/landvanfluwel.nl\\\/fluwel\\\/#primaryimage\"},\"thumbnailUrl\":\"https:\\\/\\\/landvanfluwel.nl\\\/wp-content\\\/uploads\\\/2018\\\/03\\\/Fluwel-5.jpg\",\"datePublished\":\"2018-03-22T13:15:39+00:00\",\"dateModified\":\"2025-11-28T15:33:25+00:00\",\"description\":\"Land van Fluwel is het gezicht en visitekaartje van bloembollen webshop Fluwel. Jaarlijks worden de bloemen uit de webshop ook getoond op het park.\",\"breadcrumb\":{\"@id\":\"https:\\\/\\\/landvanfluwel.nl\\\/fluwel\\\/#breadcrumb\"},\"inLanguage\":\"de\",\"potentialAction\":[{\"@type\":\"ReadAction\",\"target\":[\"https:\\\/\\\/landvanfluwel.nl\\\/fluwel\\\/\"]}]},{\"@type\":\"ImageObject\",\"inLanguage\":\"de\",\"@id\":\"https:\\\/\\\/landvanfluwel.nl\\\/fluwel\\\/#primaryimage\",\"url\":\"https:\\\/\\\/landvanfluwel.nl\\\/wp-content\\\/uploads\\\/2018\\\/03\\\/Fluwel-5.jpg\",\"contentUrl\":\"https:\\\/\\\/landvanfluwel.nl\\\/wp-content\\\/uploads\\\/2018\\\/03\\\/Fluwel-5.jpg\",\"width\":2000,\"height\":1000},{\"@type\":\"BreadcrumbList\",\"@id\":\"https:\\\/\\\/landvanfluwel.nl\\\/fluwel\\\/#breadcrumb\",\"itemListElement\":[{\"@type\":\"ListItem\",\"position\":1,\"name\":\"Home\",\"item\":\"https:\\\/\\\/landvanfluwel.nl\\\/\"},{\"@type\":\"ListItem\",\"position\":2,\"name\":\"Fluwel\"}]},{\"@type\":\"WebSite\",\"@id\":\"https:\\\/\\\/landvanfluwel.nl\\\/#website\",\"url\":\"https:\\\/\\\/landvanfluwel.nl\\\/\",\"name\":\"Land van Fluwel\",\"description\":\"Beleef het Avontuur!\",\"publisher\":{\"@id\":\"https:\\\/\\\/landvanfluwel.nl\\\/#organization\"},\"potentialAction\":[{\"@type\":\"SearchAction\",\"target\":{\"@type\":\"EntryPoint\",\"urlTemplate\":\"https:\\\/\\\/landvanfluwel.nl\\\/?s={search_term_string}\"},\"query-input\":{\"@type\":\"PropertyValueSpecification\",\"valueRequired\":true,\"valueName\":\"search_term_string\"}}],\"inLanguage\":\"de\"},{\"@type\":\"Organization\",\"@id\":\"https:\\\/\\\/landvanfluwel.nl\\\/#organization\",\"name\":\"Land van Fluwel\",\"url\":\"https:\\\/\\\/landvanfluwel.nl\\\/\",\"logo\":{\"@type\":\"ImageObject\",\"inLanguage\":\"de\",\"@id\":\"https:\\\/\\\/landvanfluwel.nl\\\/#\\\/schema\\\/logo\\\/image\\\/\",\"url\":\"https:\\\/\\\/landvanfluwel.nl\\\/wp-content\\\/uploads\\\/2018\\\/03\\\/cropped-logo_landvanfluwel-1.png\",\"contentUrl\":\"https:\\\/\\\/landvanfluwel.nl\\\/wp-content\\\/uploads\\\/2018\\\/03\\\/cropped-logo_landvanfluwel-1.png\",\"width\":100,\"height\":119,\"caption\":\"Land van Fluwel\"},\"image\":{\"@id\":\"https:\\\/\\\/landvanfluwel.nl\\\/#\\\/schema\\\/logo\\\/image\\\/\"}}]}<\/script>\n<!-- \/ Yoast SEO plugin. -->","yoast_head_json":{"title":"Fluwel Blumenzwiebeln Webshop - Land van Fluwel","description":"Land van Fluwel ist das Gesicht und die Visitenkarte des Blumenzwiebel-Webshops Fluwel. Jedes Jahr werden auch die Blumen aus dem Webshop im Park ausgestellt.","robots":{"index":"index","follow":"follow","max-snippet":"max-snippet:-1","max-image-preview":"max-image-preview:large","max-video-preview":"max-video-preview:-1"},"canonical":"https:\/\/landvanfluwel.nl\/de\/fluwel\/","og_locale":"de_DE","og_type":"article","og_title":"Fluwel bloembollen webshop - Land van Fluwel","og_description":"Land van Fluwel is het gezicht en visitekaartje van bloembollen webshop Fluwel. Jaarlijks worden de bloemen uit de webshop ook getoond op het park.","og_url":"https:\/\/landvanfluwel.nl\/de\/fluwel\/","og_site_name":"Land van Fluwel","article_modified_time":"2025-11-28T15:33:25+00:00","og_image":[{"width":2000,"height":1000,"url":"https:\/\/landvanfluwel.nl\/wp-content\/uploads\/2018\/03\/Fluwel-5.jpg","type":"image\/jpeg"}],"twitter_card":"summary_large_image","twitter_misc":{"Gesch\u00e4tzte Lesezeit":"2\u00a0Minuten"},"schema":{"@context":"https:\/\/schema.org","@graph":[{"@type":"WebPage","@id":"https:\/\/landvanfluwel.nl\/fluwel\/","url":"https:\/\/landvanfluwel.nl\/fluwel\/","name":"Fluwel Blumenzwiebeln Webshop - Land van Fluwel","isPartOf":{"@id":"https:\/\/landvanfluwel.nl\/#website"},"primaryImageOfPage":{"@id":"https:\/\/landvanfluwel.nl\/fluwel\/#primaryimage"},"image":{"@id":"https:\/\/landvanfluwel.nl\/fluwel\/#primaryimage"},"thumbnailUrl":"https:\/\/landvanfluwel.nl\/wp-content\/uploads\/2018\/03\/Fluwel-5.jpg","datePublished":"2018-03-22T13:15:39+00:00","dateModified":"2025-11-28T15:33:25+00:00","description":"Land van Fluwel ist das Gesicht und die Visitenkarte des Blumenzwiebel-Webshops Fluwel. Jedes Jahr werden auch die Blumen aus dem Webshop im Park ausgestellt.","breadcrumb":{"@id":"https:\/\/landvanfluwel.nl\/fluwel\/#breadcrumb"},"inLanguage":"de","potentialAction":[{"@type":"ReadAction","target":["https:\/\/landvanfluwel.nl\/fluwel\/"]}]},{"@type":"ImageObject","inLanguage":"de","@id":"https:\/\/landvanfluwel.nl\/fluwel\/#primaryimage","url":"https:\/\/landvanfluwel.nl\/wp-content\/uploads\/2018\/03\/Fluwel-5.jpg","contentUrl":"https:\/\/landvanfluwel.nl\/wp-content\/uploads\/2018\/03\/Fluwel-5.jpg","width":2000,"height":1000},{"@type":"BreadcrumbList","@id":"https:\/\/landvanfluwel.nl\/fluwel\/#breadcrumb","itemListElement":[{"@type":"ListItem","position":1,"name":"Home","item":"https:\/\/landvanfluwel.nl\/"},{"@type":"ListItem","position":2,"name":"Fluwel"}]},{"@type":"WebSite","@id":"https:\/\/landvanfluwel.nl\/#website","url":"https:\/\/landvanfluwel.nl\/","name":"Land van Fluwel","description":"Erleben Sie das Abenteuer!","publisher":{"@id":"https:\/\/landvanfluwel.nl\/#organization"},"potentialAction":[{"@type":"SearchAction","target":{"@type":"EntryPoint","urlTemplate":"https:\/\/landvanfluwel.nl\/?s={search_term_string}"},"query-input":{"@type":"PropertyValueSpecification","valueRequired":true,"valueName":"search_term_string"}}],"inLanguage":"de"},{"@type":"Organization","@id":"https:\/\/landvanfluwel.nl\/#organization","name":"Land van Fluwel","url":"https:\/\/landvanfluwel.nl\/","logo":{"@type":"ImageObject","inLanguage":"de","@id":"https:\/\/landvanfluwel.nl\/#\/schema\/logo\/image\/","url":"https:\/\/landvanfluwel.nl\/wp-content\/uploads\/2018\/03\/cropped-logo_landvanfluwel-1.png","contentUrl":"https:\/\/landvanfluwel.nl\/wp-content\/uploads\/2018\/03\/cropped-logo_landvanfluwel-1.png","width":100,"height":119,"caption":"Land van Fluwel"},"image":{"@id":"https:\/\/landvanfluwel.nl\/#\/schema\/logo\/image\/"}}]}},"_links":{"self":[{"href":"https:\/\/landvanfluwel.nl\/de\/wp-json\/wp\/v2\/pages\/307","targetHints":{"allow":["GET"]}}],"collection":[{"href":"https:\/\/landvanfluwel.nl\/de\/wp-json\/wp\/v2\/pages"}],"about":[{"href":"https:\/\/landvanfluwel.nl\/de\/wp-json\/wp\/v2\/types\/page"}],"author":[{"embeddable":true,"href":"https:\/\/landvanfluwel.nl\/de\/wp-json\/wp\/v2\/users\/2"}],"replies":[{"embeddable":true,"href":"https:\/\/landvanfluwel.nl\/de\/wp-json\/wp\/v2\/comments?post=307"}],"version-history":[{"count":0,"href":"https:\/\/landvanfluwel.nl\/de\/wp-json\/wp\/v2\/pages\/307\/revisions"}],"wp:featuredmedia":[{"embeddable":true,"href":"https:\/\/landvanfluwel.nl\/de\/wp-json\/wp\/v2\/media\/303"}],"wp:attachment":[{"href":"https:\/\/landvanfluwel.nl\/de\/wp-json\/wp\/v2\/media?parent=307"}],"curies":[{"name":"wp","href":"https:\/\/api.w.org\/{rel}","templated":true}]}}