{"id":302,"date":"2018-03-21T11:20:31","date_gmt":"2018-03-21T11:20:31","guid":{"rendered":"https:\/\/landvanfluwel.nl\/?page_id=302"},"modified":"2024-07-29T16:04:16","modified_gmt":"2024-07-29T14:04:16","slug":"tulpenvelden","status":"publish","type":"page","link":"https:\/\/landvanfluwel.nl\/de\/tulpenvelden\/","title":{"rendered":"Tulpenfelder"},"content":{"rendered":"<p>Die niederl\u00e4ndischen Tulpenfelder haben eine besondere Anziehungskraft f\u00fcr Touristen aus aller Welt. Die verschiedenen Blumenzwiebelanbaugebiete in den Niederlanden werden im Fr\u00fchling von Touristen \u00fcberschwemmt. Dies gilt auch f\u00fcr die Zijpe, wo Land van Fluwel ans\u00e4ssig ist. Die Beliebtheit der Zijpe ist nicht \u00fcberraschend, wenn man bedenkt, was diese Gegend den Touristen zu bieten hat.<\/p>\n<p>Die Zijpe ist eine gro\u00dfe Ebene direkt am Meer. Eine schmale D\u00fcnenreihe trennt die Zijpe von der Nordsee. Im Polder gibt es kleine D\u00f6rfer. Entlang der D\u00fcnen finden Sie die meisten Blumenzwiebelfelder. Es ist ein wundersch\u00f6ner Anblick: die trockenen D\u00fcnen, davor die gl\u00e4nzenden Blumenzwiebelfelder, das Blau der Gr\u00e4ben und der Kan\u00e4le... Kein Wunder, dass Touristen gerne hier Urlaub machen.<\/p>\n<p><strong>Bl\u00fchende Tulpenfelder<\/strong><\/p>\n<p>M\u00f6chten Sie die bl\u00fchenden Tulpenfelder sehen? Die beste Zeit hierf\u00fcr ist der Fr\u00fchling. Ab Anfang April f\u00e4rben sich die Felder bunt. Die Farben sind bis zum Fr\u00fchsommer zu sehen, aber April ist normalerweise die beste Zeit. Dann ist die <span style=\"text-decoration: underline;\"><a href=\"\/de\/bloembollenboemel\/\">BlumenzwiebelnBoemel<\/a><\/span> von Land van Fluwel.<\/p>\n<p>Der frische Wind vom Meer, das helle Fr\u00fchlingslicht und die endlosen Felder voller bl\u00fchender Tulpen bilden eine ideale Kombination. Radfahren in der Zijpe ist wunderbar. Im Mai gibt es noch viel zu sehen.<\/p>\n<p>Am bekanntesten sind die Tulpenfelder, aber in der Zijpe bl\u00fchen auch andere Blumenzwiebeln. Dadurch k\u00f6nnen Sie sich \u00fcber einen l\u00e4ngeren Zeitraum an diesem besonderen Ph\u00e4nomen erfreuen. Erklimmen Sie die D\u00fcnen oder den Aussichtspunkt und die Sint-Maartensbrug und lassen Sie sich von dem Flickenteppich \u00fcberraschen, der sich unter Ihnen ausbreitet. Nat\u00fcrlich k\u00f6nnen Sie einen Tag mit der Betrachtung von Tulpen am Strand oder in den netten Restaurants in den K\u00fcstend\u00f6rfern ausklingen lassen.<\/p>\n<p><strong>Gl\u00fchbirnenfelder bei Land van Fluwel<\/strong><\/p>\n<p>Land van Fluwel liegt in der Mitte aller Tulpenfelder. Von dem <span style=\"text-decoration: underline;\"><a href=\"https:\/\/landvanfluwel.nl\/de\/uitkijktoren\/\">Wachturm<\/a><\/span> da hast du einen wundersch\u00f6nen Blick darauf. Es ist der ideale Ausgangspunkt f\u00fcr einen Spaziergang zwischen den Blumen. Auf Land van Fluwel selbst finden Sie viele Informationen dar\u00fcber <span style=\"text-decoration: underline;\"><a href=\"https:\/\/landvanfluwel.nl\/de\/dutchtulipexperience\/\">Geschichte der Tulpe<\/a><\/span>. Bei Land van Fluwel k\u00f6nnen Sie bei uns auch Tulpen und andere Blumenzwiebeln kaufen <span style=\"text-decoration: underline;\"><a href=\"https:\/\/landvanfluwel.nl\/de\/souvenir-bollenshop\/\">Souvenir- und Gl\u00fchbirnenladen<\/a><\/span>. Verpassen Sie Land van Fluwel nicht, wenn Sie die Tulpenfelder von Zijper besuchen!<\/p>\n<p>Sie k\u00f6nnen auch Folgendes tun: F\u00fcr eine sch\u00f6ne Unterkunft schauen Sie sich auch die sch\u00f6nsten an <strong><a href=\"https:\/\/www.reischeck.nl\/vakantieparken-kop-van-noord-holland\/\">Ferienparks im Kop van Noord-Holland.<\/a><\/strong><\/p>","protected":false},"excerpt":{"rendered":"<p>De Nederlandse tulpenvelden hebben een bijzondere aantrekking op toeristen uit heel de wereld. De verschillende bollengebieden in Nederland worden in het voorjaar overspoeld door toeristen. Dat geldt ook voor de Zijpe, waar Land van Fluwel ligt. De populariteit van de Zijpe is niet verrassend als je ziet wat dit gebied toeristen allemaal te bieden heeft. [&hellip;]<\/p>\n","protected":false},"author":2,"featured_media":149,"parent":0,"menu_order":0,"comment_status":"closed","ping_status":"closed","template":"","meta":{"footnotes":""},"class_list":["post-302","page","type-page","status-publish","has-post-thumbnail","hentry"],"yoast_head":"<!-- This site is optimized with the Yoast SEO plugin v27.5 - https:\/\/yoast.com\/product\/yoast-seo-wordpress\/ -->\n<title>Tulpenvelden, wil je tulpen in bloei zien? - Land van Fluwel<\/title>\n<meta name=\"description\" content=\"De tulpenvelden in bloei zien? De beste periode daarvoor is het voorjaar. Land van Fluwel ligt midden tussen alle tulpenvelden. Vanaf de uitkijktoren heb je hier prachtig uitzicht over. Het is het ideale vertrekpunt voor een wandeling tussen de bloemen.\" \/>\n<meta name=\"robots\" content=\"index, follow, max-snippet:-1, max-image-preview:large, max-video-preview:-1\" \/>\n<link rel=\"canonical\" href=\"https:\/\/landvanfluwel.nl\/de\/tulpenvelden\/\" \/>\n<meta property=\"og:locale\" content=\"de_DE\" \/>\n<meta property=\"og:type\" content=\"article\" \/>\n<meta property=\"og:title\" content=\"Tulpenvelden, wil je tulpen in bloei zien? - Land van Fluwel\" \/>\n<meta property=\"og:description\" content=\"De tulpenvelden in bloei zien? De beste periode daarvoor is het voorjaar. Land van Fluwel ligt midden tussen alle tulpenvelden. Vanaf de uitkijktoren heb je hier prachtig uitzicht over. Het is het ideale vertrekpunt voor een wandeling tussen de bloemen.\" \/>\n<meta property=\"og:url\" content=\"https:\/\/landvanfluwel.nl\/de\/tulpenvelden\/\" \/>\n<meta property=\"og:site_name\" content=\"Land van Fluwel\" \/>\n<meta property=\"article:modified_time\" content=\"2024-07-29T14:04:16+00:00\" \/>\n<meta property=\"og:image\" content=\"https:\/\/landvanfluwel.nl\/wp-content\/uploads\/2018\/03\/Dutch-Tulip-field.jpg\" \/>\n\t<meta property=\"og:image:width\" content=\"2000\" \/>\n\t<meta property=\"og:image:height\" content=\"1000\" \/>\n\t<meta property=\"og:image:type\" content=\"image\/jpeg\" \/>\n<meta name=\"twitter:card\" content=\"summary_large_image\" \/>\n<meta name=\"twitter:label1\" content=\"Gesch\u00e4tzte Lesezeit\" \/>\n\t<meta name=\"twitter:data1\" content=\"3\u00a0Minuten\" \/>\n<script type=\"application\/ld+json\" class=\"yoast-schema-graph\">{\"@context\":\"https:\\\/\\\/schema.org\",\"@graph\":[{\"@type\":\"WebPage\",\"@id\":\"https:\\\/\\\/landvanfluwel.nl\\\/tulpenvelden\\\/\",\"url\":\"https:\\\/\\\/landvanfluwel.nl\\\/tulpenvelden\\\/\",\"name\":\"Tulpenvelden, wil je tulpen in bloei zien? - Land van Fluwel\",\"isPartOf\":{\"@id\":\"https:\\\/\\\/landvanfluwel.nl\\\/#website\"},\"primaryImageOfPage\":{\"@id\":\"https:\\\/\\\/landvanfluwel.nl\\\/tulpenvelden\\\/#primaryimage\"},\"image\":{\"@id\":\"https:\\\/\\\/landvanfluwel.nl\\\/tulpenvelden\\\/#primaryimage\"},\"thumbnailUrl\":\"https:\\\/\\\/landvanfluwel.nl\\\/wp-content\\\/uploads\\\/2018\\\/03\\\/Dutch-Tulip-field.jpg\",\"datePublished\":\"2018-03-21T11:20:31+00:00\",\"dateModified\":\"2024-07-29T14:04:16+00:00\",\"description\":\"De tulpenvelden in bloei zien? De beste periode daarvoor is het voorjaar. Land van Fluwel ligt midden tussen alle tulpenvelden. Vanaf de uitkijktoren heb je hier prachtig uitzicht over. Het is het ideale vertrekpunt voor een wandeling tussen de bloemen.\",\"breadcrumb\":{\"@id\":\"https:\\\/\\\/landvanfluwel.nl\\\/tulpenvelden\\\/#breadcrumb\"},\"inLanguage\":\"de\",\"potentialAction\":[{\"@type\":\"ReadAction\",\"target\":[\"https:\\\/\\\/landvanfluwel.nl\\\/tulpenvelden\\\/\"]}]},{\"@type\":\"ImageObject\",\"inLanguage\":\"de\",\"@id\":\"https:\\\/\\\/landvanfluwel.nl\\\/tulpenvelden\\\/#primaryimage\",\"url\":\"https:\\\/\\\/landvanfluwel.nl\\\/wp-content\\\/uploads\\\/2018\\\/03\\\/Dutch-Tulip-field.jpg\",\"contentUrl\":\"https:\\\/\\\/landvanfluwel.nl\\\/wp-content\\\/uploads\\\/2018\\\/03\\\/Dutch-Tulip-field.jpg\",\"width\":2000,\"height\":1000,\"caption\":\"Dutch tulip field around Land van Fluwel\"},{\"@type\":\"BreadcrumbList\",\"@id\":\"https:\\\/\\\/landvanfluwel.nl\\\/tulpenvelden\\\/#breadcrumb\",\"itemListElement\":[{\"@type\":\"ListItem\",\"position\":1,\"name\":\"Home\",\"item\":\"https:\\\/\\\/landvanfluwel.nl\\\/\"},{\"@type\":\"ListItem\",\"position\":2,\"name\":\"Tulpenvelden\"}]},{\"@type\":\"WebSite\",\"@id\":\"https:\\\/\\\/landvanfluwel.nl\\\/#website\",\"url\":\"https:\\\/\\\/landvanfluwel.nl\\\/\",\"name\":\"Land van Fluwel\",\"description\":\"Beleef het Avontuur!\",\"publisher\":{\"@id\":\"https:\\\/\\\/landvanfluwel.nl\\\/#organization\"},\"potentialAction\":[{\"@type\":\"SearchAction\",\"target\":{\"@type\":\"EntryPoint\",\"urlTemplate\":\"https:\\\/\\\/landvanfluwel.nl\\\/?s={search_term_string}\"},\"query-input\":{\"@type\":\"PropertyValueSpecification\",\"valueRequired\":true,\"valueName\":\"search_term_string\"}}],\"inLanguage\":\"de\"},{\"@type\":\"Organization\",\"@id\":\"https:\\\/\\\/landvanfluwel.nl\\\/#organization\",\"name\":\"Land van Fluwel\",\"url\":\"https:\\\/\\\/landvanfluwel.nl\\\/\",\"logo\":{\"@type\":\"ImageObject\",\"inLanguage\":\"de\",\"@id\":\"https:\\\/\\\/landvanfluwel.nl\\\/#\\\/schema\\\/logo\\\/image\\\/\",\"url\":\"https:\\\/\\\/landvanfluwel.nl\\\/wp-content\\\/uploads\\\/2018\\\/03\\\/cropped-logo_landvanfluwel-1.png\",\"contentUrl\":\"https:\\\/\\\/landvanfluwel.nl\\\/wp-content\\\/uploads\\\/2018\\\/03\\\/cropped-logo_landvanfluwel-1.png\",\"width\":100,\"height\":119,\"caption\":\"Land van Fluwel\"},\"image\":{\"@id\":\"https:\\\/\\\/landvanfluwel.nl\\\/#\\\/schema\\\/logo\\\/image\\\/\"}}]}<\/script>\n<!-- \/ Yoast SEO plugin. -->","yoast_head_json":{"title":"Tulpenfelder, m\u00f6chten Sie bl\u00fchende Tulpen sehen? - Land van Fluwel","description":"M\u00f6chten Sie die bl\u00fchenden Tulpenfelder sehen? Die beste Zeit hierf\u00fcr ist der Fr\u00fchling. Land van Fluwel liegt in der Mitte aller Tulpenfelder. Einen sch\u00f6nen Ausblick darauf hat man vom Aussichtsturm. Es ist der ideale Ausgangspunkt f\u00fcr einen Spaziergang zwischen den Blumen.","robots":{"index":"index","follow":"follow","max-snippet":"max-snippet:-1","max-image-preview":"max-image-preview:large","max-video-preview":"max-video-preview:-1"},"canonical":"https:\/\/landvanfluwel.nl\/de\/tulpenvelden\/","og_locale":"de_DE","og_type":"article","og_title":"Tulpenvelden, wil je tulpen in bloei zien? - Land van Fluwel","og_description":"De tulpenvelden in bloei zien? De beste periode daarvoor is het voorjaar. Land van Fluwel ligt midden tussen alle tulpenvelden. Vanaf de uitkijktoren heb je hier prachtig uitzicht over. Het is het ideale vertrekpunt voor een wandeling tussen de bloemen.","og_url":"https:\/\/landvanfluwel.nl\/de\/tulpenvelden\/","og_site_name":"Land van Fluwel","article_modified_time":"2024-07-29T14:04:16+00:00","og_image":[{"width":2000,"height":1000,"url":"https:\/\/landvanfluwel.nl\/wp-content\/uploads\/2018\/03\/Dutch-Tulip-field.jpg","type":"image\/jpeg"}],"twitter_card":"summary_large_image","twitter_misc":{"Gesch\u00e4tzte Lesezeit":"3\u00a0Minuten"},"schema":{"@context":"https:\/\/schema.org","@graph":[{"@type":"WebPage","@id":"https:\/\/landvanfluwel.nl\/tulpenvelden\/","url":"https:\/\/landvanfluwel.nl\/tulpenvelden\/","name":"Tulpenfelder, m\u00f6chten Sie bl\u00fchende Tulpen sehen? - Land van Fluwel","isPartOf":{"@id":"https:\/\/landvanfluwel.nl\/#website"},"primaryImageOfPage":{"@id":"https:\/\/landvanfluwel.nl\/tulpenvelden\/#primaryimage"},"image":{"@id":"https:\/\/landvanfluwel.nl\/tulpenvelden\/#primaryimage"},"thumbnailUrl":"https:\/\/landvanfluwel.nl\/wp-content\/uploads\/2018\/03\/Dutch-Tulip-field.jpg","datePublished":"2018-03-21T11:20:31+00:00","dateModified":"2024-07-29T14:04:16+00:00","description":"M\u00f6chten Sie die bl\u00fchenden Tulpenfelder sehen? Die beste Zeit hierf\u00fcr ist der Fr\u00fchling. Land van Fluwel liegt in der Mitte aller Tulpenfelder. Einen sch\u00f6nen Ausblick darauf hat man vom Aussichtsturm. Es ist der ideale Ausgangspunkt f\u00fcr einen Spaziergang zwischen den Blumen.","breadcrumb":{"@id":"https:\/\/landvanfluwel.nl\/tulpenvelden\/#breadcrumb"},"inLanguage":"de","potentialAction":[{"@type":"ReadAction","target":["https:\/\/landvanfluwel.nl\/tulpenvelden\/"]}]},{"@type":"ImageObject","inLanguage":"de","@id":"https:\/\/landvanfluwel.nl\/tulpenvelden\/#primaryimage","url":"https:\/\/landvanfluwel.nl\/wp-content\/uploads\/2018\/03\/Dutch-Tulip-field.jpg","contentUrl":"https:\/\/landvanfluwel.nl\/wp-content\/uploads\/2018\/03\/Dutch-Tulip-field.jpg","width":2000,"height":1000,"caption":"Dutch tulip field around Land van Fluwel"},{"@type":"BreadcrumbList","@id":"https:\/\/landvanfluwel.nl\/tulpenvelden\/#breadcrumb","itemListElement":[{"@type":"ListItem","position":1,"name":"Home","item":"https:\/\/landvanfluwel.nl\/"},{"@type":"ListItem","position":2,"name":"Tulpenvelden"}]},{"@type":"WebSite","@id":"https:\/\/landvanfluwel.nl\/#website","url":"https:\/\/landvanfluwel.nl\/","name":"Land van Fluwel","description":"Erleben Sie das Abenteuer!","publisher":{"@id":"https:\/\/landvanfluwel.nl\/#organization"},"potentialAction":[{"@type":"SearchAction","target":{"@type":"EntryPoint","urlTemplate":"https:\/\/landvanfluwel.nl\/?s={search_term_string}"},"query-input":{"@type":"PropertyValueSpecification","valueRequired":true,"valueName":"search_term_string"}}],"inLanguage":"de"},{"@type":"Organization","@id":"https:\/\/landvanfluwel.nl\/#organization","name":"Land van Fluwel","url":"https:\/\/landvanfluwel.nl\/","logo":{"@type":"ImageObject","inLanguage":"de","@id":"https:\/\/landvanfluwel.nl\/#\/schema\/logo\/image\/","url":"https:\/\/landvanfluwel.nl\/wp-content\/uploads\/2018\/03\/cropped-logo_landvanfluwel-1.png","contentUrl":"https:\/\/landvanfluwel.nl\/wp-content\/uploads\/2018\/03\/cropped-logo_landvanfluwel-1.png","width":100,"height":119,"caption":"Land van Fluwel"},"image":{"@id":"https:\/\/landvanfluwel.nl\/#\/schema\/logo\/image\/"}}]}},"_links":{"self":[{"href":"https:\/\/landvanfluwel.nl\/de\/wp-json\/wp\/v2\/pages\/302","targetHints":{"allow":["GET"]}}],"collection":[{"href":"https:\/\/landvanfluwel.nl\/de\/wp-json\/wp\/v2\/pages"}],"about":[{"href":"https:\/\/landvanfluwel.nl\/de\/wp-json\/wp\/v2\/types\/page"}],"author":[{"embeddable":true,"href":"https:\/\/landvanfluwel.nl\/de\/wp-json\/wp\/v2\/users\/2"}],"replies":[{"embeddable":true,"href":"https:\/\/landvanfluwel.nl\/de\/wp-json\/wp\/v2\/comments?post=302"}],"version-history":[{"count":0,"href":"https:\/\/landvanfluwel.nl\/de\/wp-json\/wp\/v2\/pages\/302\/revisions"}],"wp:featuredmedia":[{"embeddable":true,"href":"https:\/\/landvanfluwel.nl\/de\/wp-json\/wp\/v2\/media\/149"}],"wp:attachment":[{"href":"https:\/\/landvanfluwel.nl\/de\/wp-json\/wp\/v2\/media?parent=302"}],"curies":[{"name":"wp","href":"https:\/\/api.w.org\/{rel}","templated":true}]}}