{"id":243,"date":"2018-03-15T15:05:12","date_gmt":"2018-03-15T15:05:12","guid":{"rendered":"https:\/\/landvanfluwel.nl\/?page_id=243"},"modified":"2025-12-02T11:01:31","modified_gmt":"2025-12-02T10:01:31","slug":"souvenir-bollenshop","status":"publish","type":"page","link":"https:\/\/landvanfluwel.nl\/de\/souvenir-bollenshop\/","title":{"rendered":"Souvenir- und Blumenzwiebelladen"},"content":{"rendered":"<p>Auf dem Platz des gro\u00dfen, doppelt glockenf\u00f6rmigen Bauernhauses bei Land van Fluwel finden Sie den Souvenir- und Gl\u00fchbirnenladen!<\/p>\n<p>In unserem Souvenirshop k\u00f6nnen Sie wundersch\u00f6ne (Tulpen-)Souvenirs und Blumenzwiebeln durchst\u00f6bern. Nehmen Sie eine sch\u00f6ne Erinnerung an einen Tag bei Land van Fluwel mit nach Hause oder w\u00e4hlen Sie ein Geschenk zum Verschenken aus. Jedes Jahr \u00fcberraschen wir Sie mit neuen Produkten und das \u00e4ndert sich im Laufe der Saison immer wieder.<\/p>\n<p>Selbstverst\u00e4ndlich sind in unserem Shop auch das ganze Jahr \u00fcber Blumenzwiebeln verf\u00fcgbar. Das Angebot variiert je nach Saison! Kommen Sie vorbei und schauen Sie sich den Souvenirladen an, schauen Sie sich aber unbedingt auch die Fluwel f\u00fcr Blumenzwiebeln an <span style=\"text-decoration: underline;\"><strong><a href=\"https:\/\/www.fluwel.nl\" target=\"_blank\" rel=\"noopener noreferrer\">Online-Shop<\/a><\/strong><\/span>.<\/p>\n<p>Sie k\u00f6nnen den Souvenirshop auch besuchen, ohne den Abenteuerpark zu betreten<\/p>\n\n\t\t<style type=\"text\/css\">\n\t\t\t#gallery-1 {\n\t\t\t\tmargin: auto;\n\t\t\t}\n\t\t\t#gallery-1 .gallery-item {\n\t\t\t\tfloat: left;\n\t\t\t\tmargin-top: 10px;\n\t\t\t\ttext-align: center;\n\t\t\t\twidth: 33%;\n\t\t\t}\n\t\t\t#gallery-1 img {\n\t\t\t\tborder: 2px solid #cfcfcf;\n\t\t\t}\n\t\t\t#gallery-1 .gallery-caption {\n\t\t\t\tmargin-left: 0;\n\t\t\t}\n\t\t\t\/* see gallery_shortcode() in wp-includes\/media.php *\/\n\t\t<\/style>\n\t\t<div id='gallery-1' class='gallery galleryid-243 gallery-columns-3 gallery-size-thumbnail'><dl class='gallery-item'>\n\t\t\t<dt class='gallery-icon landscape'>\n\t\t\t\t<a href='https:\/\/landvanfluwel.nl\/de\/souvenir-bollenshop\/whatsapp-image-2023-11-02-at-14-08-52\/'><img decoding=\"async\" width=\"150\" height=\"150\" src=\"https:\/\/landvanfluwel.nl\/wp-content\/uploads\/2023\/11\/WhatsApp-Image-2023-11-02-at-14.08.52-e1764669240501-150x150.jpeg\" class=\"attachment-thumbnail size-thumbnail\" alt=\"\" aria-describedby=\"gallery-1-2958\" \/><\/a>\n\t\t\t<\/dt>\n\t\t\t\t<dd class='wp-caption-text gallery-caption' id='gallery-1-2958'>\n\t\t\t\tZwiebol\n\t\t\t\t<\/dd><\/dl><dl class='gallery-item'>\n\t\t\t<dt class='gallery-icon landscape'>\n\t\t\t\t<a href='https:\/\/landvanfluwel.nl\/de\/souvenir-bollenshop\/bollen-in-souvanirwinkel-2-2\/'><img decoding=\"async\" width=\"150\" height=\"150\" src=\"https:\/\/landvanfluwel.nl\/wp-content\/uploads\/2023\/11\/Bollen-in-souvanirwinkel-2-1.jpeg\" class=\"attachment-thumbnail size-thumbnail\" alt=\"\" aria-describedby=\"gallery-1-2959\" srcset=\"https:\/\/landvanfluwel.nl\/wp-content\/uploads\/2023\/11\/Bollen-in-souvanirwinkel-2-1.jpeg 1536w, https:\/\/landvanfluwel.nl\/wp-content\/uploads\/2023\/11\/Bollen-in-souvanirwinkel-2-1-768x768.jpeg 768w\" sizes=\"(max-width: 150px) 100vw, 150px\" \/><\/a>\n\t\t\t<\/dt>\n\t\t\t\t<dd class='wp-caption-text gallery-caption' id='gallery-1-2959'>\n\t\t\t\tTulpenzwiebeln\n\t\t\t\t<\/dd><\/dl><dl class='gallery-item'>\n\t\t\t<dt class='gallery-icon landscape'>\n\t\t\t\t<a href='https:\/\/landvanfluwel.nl\/de\/souvenir-bollenshop\/bollen-in-souvanirwinkel-3-2\/'><img decoding=\"async\" width=\"150\" height=\"150\" src=\"https:\/\/landvanfluwel.nl\/wp-content\/uploads\/2023\/11\/Bollen-in-souvanirwinkel-3-1.jpeg\" class=\"attachment-thumbnail size-thumbnail\" alt=\"\" aria-describedby=\"gallery-1-2960\" srcset=\"https:\/\/landvanfluwel.nl\/wp-content\/uploads\/2023\/11\/Bollen-in-souvanirwinkel-3-1.jpeg 1536w, https:\/\/landvanfluwel.nl\/wp-content\/uploads\/2023\/11\/Bollen-in-souvanirwinkel-3-1-768x768.jpeg 768w\" sizes=\"(max-width: 150px) 100vw, 150px\" \/><\/a>\n\t\t\t<\/dt>\n\t\t\t\t<dd class='wp-caption-text gallery-caption' id='gallery-1-2960'>\n\t\t\t\tTulpenzwiebeln\n\t\t\t\t<\/dd><\/dl><br style=\"clear: both\" \/><dl class='gallery-item'>\n\t\t\t<dt class='gallery-icon landscape'>\n\t\t\t\t<a href='https:\/\/landvanfluwel.nl\/de\/souvenir-bollenshop\/bollen-in-souvanirwinkel-4-2\/'><img loading=\"lazy\" decoding=\"async\" width=\"150\" height=\"150\" src=\"https:\/\/landvanfluwel.nl\/wp-content\/uploads\/2023\/11\/Bollen-in-souvanirwinkel-4-1.jpeg\" class=\"attachment-thumbnail size-thumbnail\" alt=\"\" aria-describedby=\"gallery-1-2961\" srcset=\"https:\/\/landvanfluwel.nl\/wp-content\/uploads\/2023\/11\/Bollen-in-souvanirwinkel-4-1.jpeg 1536w, https:\/\/landvanfluwel.nl\/wp-content\/uploads\/2023\/11\/Bollen-in-souvanirwinkel-4-1-768x768.jpeg 768w\" sizes=\"(max-width: 150px) 100vw, 150px\" \/><\/a>\n\t\t\t<\/dt>\n\t\t\t\t<dd class='wp-caption-text gallery-caption' id='gallery-1-2961'>\n\t\t\t\tBlaue Trauben\n\t\t\t\t<\/dd><\/dl><dl class='gallery-item'>\n\t\t\t<dt class='gallery-icon landscape'>\n\t\t\t\t<a href='https:\/\/landvanfluwel.nl\/de\/souvenir-bollenshop\/bollen-in-souvanirwinkel-5-2\/'><img loading=\"lazy\" decoding=\"async\" width=\"150\" height=\"150\" src=\"https:\/\/landvanfluwel.nl\/wp-content\/uploads\/2023\/11\/Bollen-in-souvanirwinkel-5-1.jpeg\" class=\"attachment-thumbnail size-thumbnail\" alt=\"\" aria-describedby=\"gallery-1-2962\" srcset=\"https:\/\/landvanfluwel.nl\/wp-content\/uploads\/2023\/11\/Bollen-in-souvanirwinkel-5-1.jpeg 1536w, https:\/\/landvanfluwel.nl\/wp-content\/uploads\/2023\/11\/Bollen-in-souvanirwinkel-5-1-768x768.jpeg 768w\" sizes=\"(max-width: 150px) 100vw, 150px\" \/><\/a>\n\t\t\t<\/dt>\n\t\t\t\t<dd class='wp-caption-text gallery-caption' id='gallery-1-2962'>\n\t\t\t\tNarzissen\n\t\t\t\t<\/dd><\/dl><dl class='gallery-item'>\n\t\t\t<dt class='gallery-icon landscape'>\n\t\t\t\t<a href='https:\/\/landvanfluwel.nl\/de\/souvenir-bollenshop\/bollen-in-souvanirwinkel-1-2\/'><img loading=\"lazy\" decoding=\"async\" width=\"150\" height=\"150\" src=\"https:\/\/landvanfluwel.nl\/wp-content\/uploads\/2023\/11\/Bollen-in-souvanirwinkel-1-1.jpeg\" class=\"attachment-thumbnail size-thumbnail\" alt=\"\" aria-describedby=\"gallery-1-2963\" srcset=\"https:\/\/landvanfluwel.nl\/wp-content\/uploads\/2023\/11\/Bollen-in-souvanirwinkel-1-1.jpeg 1536w, https:\/\/landvanfluwel.nl\/wp-content\/uploads\/2023\/11\/Bollen-in-souvanirwinkel-1-1-768x768.jpeg 768w\" sizes=\"(max-width: 150px) 100vw, 150px\" \/><\/a>\n\t\t\t<\/dt>\n\t\t\t\t<dd class='wp-caption-text gallery-caption' id='gallery-1-2963'>\n\t\t\t\tSouvenirladen\n\t\t\t\t<\/dd><\/dl><br style=\"clear: both\" \/>\n\t\t<\/div>\n\n<p>&nbsp;<\/p>","protected":false},"excerpt":{"rendered":"<p>In het vierkant van de grote dubbele stolpboerderij op Land van Fluwel vind je de Souvenir- &amp; Bollenshop! In onze souvenirshop is het heerlijk struinen tussen prachtige (tulpen) souvenirs en de bloembollen. Neem een leuk aandenken aan een dagje Land van Fluwel mee naar huis, of kies een cadeautje uit om weg te geven. Elk [&hellip;]<\/p>\n","protected":false},"author":2,"featured_media":2957,"parent":0,"menu_order":0,"comment_status":"closed","ping_status":"closed","template":"","meta":{"footnotes":""},"class_list":["post-243","page","type-page","status-publish","has-post-thumbnail","hentry"],"yoast_head":"<!-- This site is optimized with the Yoast SEO plugin v27.4 - https:\/\/yoast.com\/product\/yoast-seo-wordpress\/ -->\n<title>Souvenir- &amp; Bollenshop - Land van Fluwel<\/title>\n<meta name=\"description\" content=\"In onze souvenirshop is het heerlijk struinen tussen prachtige (tulpen) souvenirs en bloembollen. Neem een leuk aandenken aan Land van Fluwel mee naar huis.\" \/>\n<meta name=\"robots\" content=\"index, follow, max-snippet:-1, max-image-preview:large, max-video-preview:-1\" \/>\n<link rel=\"canonical\" href=\"https:\/\/landvanfluwel.nl\/de\/souvenir-bollenshop\/\" \/>\n<meta property=\"og:locale\" content=\"de_DE\" \/>\n<meta property=\"og:type\" content=\"article\" \/>\n<meta property=\"og:title\" content=\"Souvenir- &amp; Bollenshop - Land van Fluwel\" \/>\n<meta property=\"og:description\" content=\"In onze souvenirshop is het heerlijk struinen tussen prachtige (tulpen) souvenirs en bloembollen. Neem een leuk aandenken aan Land van Fluwel mee naar huis.\" \/>\n<meta property=\"og:url\" content=\"https:\/\/landvanfluwel.nl\/de\/souvenir-bollenshop\/\" \/>\n<meta property=\"og:site_name\" content=\"Land van Fluwel\" \/>\n<meta property=\"article:modified_time\" content=\"2025-12-02T10:01:31+00:00\" \/>\n<meta property=\"og:image\" content=\"https:\/\/landvanfluwel.nl\/wp-content\/uploads\/2023\/11\/Bollen-in-souvanirwinkel-1.jpeg\" \/>\n\t<meta property=\"og:image:width\" content=\"1536\" \/>\n\t<meta property=\"og:image:height\" content=\"1536\" \/>\n\t<meta property=\"og:image:type\" content=\"image\/jpeg\" \/>\n<meta name=\"twitter:card\" content=\"summary_large_image\" \/>\n<meta name=\"twitter:label1\" content=\"Gesch\u00e4tzte Lesezeit\" \/>\n\t<meta name=\"twitter:data1\" content=\"1\u00a0Minute\" \/>\n<script type=\"application\/ld+json\" class=\"yoast-schema-graph\">{\"@context\":\"https:\\\/\\\/schema.org\",\"@graph\":[{\"@type\":\"WebPage\",\"@id\":\"https:\\\/\\\/landvanfluwel.nl\\\/souvenir-bollenshop\\\/\",\"url\":\"https:\\\/\\\/landvanfluwel.nl\\\/souvenir-bollenshop\\\/\",\"name\":\"Souvenir- & Bollenshop - Land van Fluwel\",\"isPartOf\":{\"@id\":\"https:\\\/\\\/landvanfluwel.nl\\\/#website\"},\"primaryImageOfPage\":{\"@id\":\"https:\\\/\\\/landvanfluwel.nl\\\/souvenir-bollenshop\\\/#primaryimage\"},\"image\":{\"@id\":\"https:\\\/\\\/landvanfluwel.nl\\\/souvenir-bollenshop\\\/#primaryimage\"},\"thumbnailUrl\":\"https:\\\/\\\/landvanfluwel.nl\\\/wp-content\\\/uploads\\\/2023\\\/11\\\/Bollen-in-souvanirwinkel-1.jpeg\",\"datePublished\":\"2018-03-15T15:05:12+00:00\",\"dateModified\":\"2025-12-02T10:01:31+00:00\",\"description\":\"In onze souvenirshop is het heerlijk struinen tussen prachtige (tulpen) souvenirs en bloembollen. Neem een leuk aandenken aan Land van Fluwel mee naar huis.\",\"breadcrumb\":{\"@id\":\"https:\\\/\\\/landvanfluwel.nl\\\/souvenir-bollenshop\\\/#breadcrumb\"},\"inLanguage\":\"de\",\"potentialAction\":[{\"@type\":\"ReadAction\",\"target\":[\"https:\\\/\\\/landvanfluwel.nl\\\/souvenir-bollenshop\\\/\"]}]},{\"@type\":\"ImageObject\",\"inLanguage\":\"de\",\"@id\":\"https:\\\/\\\/landvanfluwel.nl\\\/souvenir-bollenshop\\\/#primaryimage\",\"url\":\"https:\\\/\\\/landvanfluwel.nl\\\/wp-content\\\/uploads\\\/2023\\\/11\\\/Bollen-in-souvanirwinkel-1.jpeg\",\"contentUrl\":\"https:\\\/\\\/landvanfluwel.nl\\\/wp-content\\\/uploads\\\/2023\\\/11\\\/Bollen-in-souvanirwinkel-1.jpeg\",\"width\":1536,\"height\":1536},{\"@type\":\"BreadcrumbList\",\"@id\":\"https:\\\/\\\/landvanfluwel.nl\\\/souvenir-bollenshop\\\/#breadcrumb\",\"itemListElement\":[{\"@type\":\"ListItem\",\"position\":1,\"name\":\"Home\",\"item\":\"https:\\\/\\\/landvanfluwel.nl\\\/\"},{\"@type\":\"ListItem\",\"position\":2,\"name\":\"Souvenir- &#038; Bollenshop\"}]},{\"@type\":\"WebSite\",\"@id\":\"https:\\\/\\\/landvanfluwel.nl\\\/#website\",\"url\":\"https:\\\/\\\/landvanfluwel.nl\\\/\",\"name\":\"Land van Fluwel\",\"description\":\"Beleef het Avontuur!\",\"publisher\":{\"@id\":\"https:\\\/\\\/landvanfluwel.nl\\\/#organization\"},\"potentialAction\":[{\"@type\":\"SearchAction\",\"target\":{\"@type\":\"EntryPoint\",\"urlTemplate\":\"https:\\\/\\\/landvanfluwel.nl\\\/?s={search_term_string}\"},\"query-input\":{\"@type\":\"PropertyValueSpecification\",\"valueRequired\":true,\"valueName\":\"search_term_string\"}}],\"inLanguage\":\"de\"},{\"@type\":\"Organization\",\"@id\":\"https:\\\/\\\/landvanfluwel.nl\\\/#organization\",\"name\":\"Land van Fluwel\",\"url\":\"https:\\\/\\\/landvanfluwel.nl\\\/\",\"logo\":{\"@type\":\"ImageObject\",\"inLanguage\":\"de\",\"@id\":\"https:\\\/\\\/landvanfluwel.nl\\\/#\\\/schema\\\/logo\\\/image\\\/\",\"url\":\"https:\\\/\\\/landvanfluwel.nl\\\/wp-content\\\/uploads\\\/2018\\\/03\\\/cropped-logo_landvanfluwel-1.png\",\"contentUrl\":\"https:\\\/\\\/landvanfluwel.nl\\\/wp-content\\\/uploads\\\/2018\\\/03\\\/cropped-logo_landvanfluwel-1.png\",\"width\":100,\"height\":119,\"caption\":\"Land van Fluwel\"},\"image\":{\"@id\":\"https:\\\/\\\/landvanfluwel.nl\\\/#\\\/schema\\\/logo\\\/image\\\/\"}}]}<\/script>\n<!-- \/ Yoast SEO plugin. -->","yoast_head_json":{"title":"Souvenir- und Gl\u00fchbirnenladen \u2013 Land van Fluwel","description":"In unserem Souvenirshop k\u00f6nnen Sie wundersch\u00f6ne (Tulpen-)Souvenirs und Blumenzwiebeln durchst\u00f6bern. Nehmen Sie ein sch\u00f6nes Andenken an Land van Fluwel mit nach Hause.","robots":{"index":"index","follow":"follow","max-snippet":"max-snippet:-1","max-image-preview":"max-image-preview:large","max-video-preview":"max-video-preview:-1"},"canonical":"https:\/\/landvanfluwel.nl\/de\/souvenir-bollenshop\/","og_locale":"de_DE","og_type":"article","og_title":"Souvenir- & Bollenshop - Land van Fluwel","og_description":"In onze souvenirshop is het heerlijk struinen tussen prachtige (tulpen) souvenirs en bloembollen. Neem een leuk aandenken aan Land van Fluwel mee naar huis.","og_url":"https:\/\/landvanfluwel.nl\/de\/souvenir-bollenshop\/","og_site_name":"Land van Fluwel","article_modified_time":"2025-12-02T10:01:31+00:00","og_image":[{"width":1536,"height":1536,"url":"https:\/\/landvanfluwel.nl\/wp-content\/uploads\/2023\/11\/Bollen-in-souvanirwinkel-1.jpeg","type":"image\/jpeg"}],"twitter_card":"summary_large_image","twitter_misc":{"Gesch\u00e4tzte Lesezeit":"1\u00a0Minute"},"schema":{"@context":"https:\/\/schema.org","@graph":[{"@type":"WebPage","@id":"https:\/\/landvanfluwel.nl\/souvenir-bollenshop\/","url":"https:\/\/landvanfluwel.nl\/souvenir-bollenshop\/","name":"Souvenir- und Gl\u00fchbirnenladen \u2013 Land van Fluwel","isPartOf":{"@id":"https:\/\/landvanfluwel.nl\/#website"},"primaryImageOfPage":{"@id":"https:\/\/landvanfluwel.nl\/souvenir-bollenshop\/#primaryimage"},"image":{"@id":"https:\/\/landvanfluwel.nl\/souvenir-bollenshop\/#primaryimage"},"thumbnailUrl":"https:\/\/landvanfluwel.nl\/wp-content\/uploads\/2023\/11\/Bollen-in-souvanirwinkel-1.jpeg","datePublished":"2018-03-15T15:05:12+00:00","dateModified":"2025-12-02T10:01:31+00:00","description":"In unserem Souvenirshop k\u00f6nnen Sie wundersch\u00f6ne (Tulpen-)Souvenirs und Blumenzwiebeln durchst\u00f6bern. Nehmen Sie ein sch\u00f6nes Andenken an Land van Fluwel mit nach Hause.","breadcrumb":{"@id":"https:\/\/landvanfluwel.nl\/souvenir-bollenshop\/#breadcrumb"},"inLanguage":"de","potentialAction":[{"@type":"ReadAction","target":["https:\/\/landvanfluwel.nl\/souvenir-bollenshop\/"]}]},{"@type":"ImageObject","inLanguage":"de","@id":"https:\/\/landvanfluwel.nl\/souvenir-bollenshop\/#primaryimage","url":"https:\/\/landvanfluwel.nl\/wp-content\/uploads\/2023\/11\/Bollen-in-souvanirwinkel-1.jpeg","contentUrl":"https:\/\/landvanfluwel.nl\/wp-content\/uploads\/2023\/11\/Bollen-in-souvanirwinkel-1.jpeg","width":1536,"height":1536},{"@type":"BreadcrumbList","@id":"https:\/\/landvanfluwel.nl\/souvenir-bollenshop\/#breadcrumb","itemListElement":[{"@type":"ListItem","position":1,"name":"Home","item":"https:\/\/landvanfluwel.nl\/"},{"@type":"ListItem","position":2,"name":"Souvenir- &#038; Bollenshop"}]},{"@type":"WebSite","@id":"https:\/\/landvanfluwel.nl\/#website","url":"https:\/\/landvanfluwel.nl\/","name":"Land van Fluwel","description":"Erleben Sie das Abenteuer!","publisher":{"@id":"https:\/\/landvanfluwel.nl\/#organization"},"potentialAction":[{"@type":"SearchAction","target":{"@type":"EntryPoint","urlTemplate":"https:\/\/landvanfluwel.nl\/?s={search_term_string}"},"query-input":{"@type":"PropertyValueSpecification","valueRequired":true,"valueName":"search_term_string"}}],"inLanguage":"de"},{"@type":"Organization","@id":"https:\/\/landvanfluwel.nl\/#organization","name":"Land van Fluwel","url":"https:\/\/landvanfluwel.nl\/","logo":{"@type":"ImageObject","inLanguage":"de","@id":"https:\/\/landvanfluwel.nl\/#\/schema\/logo\/image\/","url":"https:\/\/landvanfluwel.nl\/wp-content\/uploads\/2018\/03\/cropped-logo_landvanfluwel-1.png","contentUrl":"https:\/\/landvanfluwel.nl\/wp-content\/uploads\/2018\/03\/cropped-logo_landvanfluwel-1.png","width":100,"height":119,"caption":"Land van Fluwel"},"image":{"@id":"https:\/\/landvanfluwel.nl\/#\/schema\/logo\/image\/"}}]}},"_links":{"self":[{"href":"https:\/\/landvanfluwel.nl\/de\/wp-json\/wp\/v2\/pages\/243","targetHints":{"allow":["GET"]}}],"collection":[{"href":"https:\/\/landvanfluwel.nl\/de\/wp-json\/wp\/v2\/pages"}],"about":[{"href":"https:\/\/landvanfluwel.nl\/de\/wp-json\/wp\/v2\/types\/page"}],"author":[{"embeddable":true,"href":"https:\/\/landvanfluwel.nl\/de\/wp-json\/wp\/v2\/users\/2"}],"replies":[{"embeddable":true,"href":"https:\/\/landvanfluwel.nl\/de\/wp-json\/wp\/v2\/comments?post=243"}],"version-history":[{"count":0,"href":"https:\/\/landvanfluwel.nl\/de\/wp-json\/wp\/v2\/pages\/243\/revisions"}],"wp:featuredmedia":[{"embeddable":true,"href":"https:\/\/landvanfluwel.nl\/de\/wp-json\/wp\/v2\/media\/2957"}],"wp:attachment":[{"href":"https:\/\/landvanfluwel.nl\/de\/wp-json\/wp\/v2\/media?parent=243"}],"curies":[{"name":"wp","href":"https:\/\/api.w.org\/{rel}","templated":true}]}}