{"id":235,"date":"2018-03-13T11:33:42","date_gmt":"2018-03-13T11:33:42","guid":{"rendered":"https:\/\/landvanfluwel.nl\/?page_id=235"},"modified":"2026-01-28T14:03:03","modified_gmt":"2026-01-28T13:03:03","slug":"eten-met-een-groep","status":"publish","type":"page","link":"https:\/\/landvanfluwel.nl\/de\/eten-met-een-groep\/","title":{"rendered":"Mit einer Gruppe essen?"},"content":{"rendered":"<p>M\u00f6chten Sie mit einer gro\u00dfen Gruppe zum Abendessen kommen? Kein Problem!<\/p>\n<p>In <a href=\"https:\/\/restaurantdekneinsberg.nl\">Restaurant \u201eDe Kneinsberg\u201c<\/a> Genie\u00dfen Sie k\u00f6stliche Speisen von unserer Speisekarte. Unser Restaurant bietet viel Platz f\u00fcr Gruppen (auch gr\u00f6\u00dfere Gruppen). Sie k\u00f6nnen \u00e0 la carte speisen, aber in Absprache mit dem K\u00fcchenchef stellen wir Ihnen gerne auch ein spezielles Men\u00fc zusammen oder organisieren beispielsweise ein Grillfest im Abenteuerpark. Zum Mittagessen bieten wir Ihnen Pfannkuchen, belegte Br\u00f6tchen mit Suppe oder ein leckeres Mittagsgericht an. <a href=\"https:\/\/landvanfluwel.nl\/de\/high-tea\/\">High Tea<\/a>!<\/p>\n<p>Es gibt viele M\u00f6glichkeiten! Gerne denken wir gemeinsam mit Ihnen dar\u00fcber nach.<\/p>\n<p>Reservierungen verhindern Entt\u00e4uschungen und k\u00f6nnen unter 0224-562555 oder vorgenommen werden <a href=\"mailto:info@landvanfluwel.nl\">info@landvanfluwel.nl<\/a>. Wir w\u00fcrden uns freuen, Sie zu sehen!<\/p>\n\n\t\t<style type=\"text\/css\">\n\t\t\t#gallery-1 {\n\t\t\t\tmargin: auto;\n\t\t\t}\n\t\t\t#gallery-1 .gallery-item {\n\t\t\t\tfloat: left;\n\t\t\t\tmargin-top: 10px;\n\t\t\t\ttext-align: center;\n\t\t\t\twidth: 33%;\n\t\t\t}\n\t\t\t#gallery-1 img {\n\t\t\t\tborder: 2px solid #cfcfcf;\n\t\t\t}\n\t\t\t#gallery-1 .gallery-caption {\n\t\t\t\tmargin-left: 0;\n\t\t\t}\n\t\t\t\/* see gallery_shortcode() in wp-includes\/media.php *\/\n\t\t<\/style>\n\t\t<div id='gallery-1' class='gallery galleryid-235 gallery-columns-3 gallery-size-thumbnail'><dl class='gallery-item'>\n\t\t\t<dt class='gallery-icon landscape'>\n\t\t\t\t<a href='https:\/\/landvanfluwel.nl\/de\/eten-met-een-groep\/rebel-shots-fotografie-yid-ac-517\/'><img decoding=\"async\" width=\"150\" height=\"150\" src=\"https:\/\/landvanfluwel.nl\/wp-content\/uploads\/2025\/05\/Rebel-Shots-fotografie-YID-AC-517-150x150.jpeg\" class=\"attachment-thumbnail size-thumbnail\" alt=\"\" \/><\/a>\n\t\t\t<\/dt><\/dl><dl class='gallery-item'>\n\t\t\t<dt class='gallery-icon landscape'>\n\t\t\t\t<a href='https:\/\/landvanfluwel.nl\/de\/eten-met-een-groep\/rebel-shots-fotografie-yid-ac-515-2\/'><img decoding=\"async\" width=\"150\" height=\"150\" src=\"https:\/\/landvanfluwel.nl\/wp-content\/uploads\/2025\/05\/Rebel-Shots-fotografie-YID-AC-515-150x150.jpeg\" class=\"attachment-thumbnail size-thumbnail\" alt=\"\" \/><\/a>\n\t\t\t<\/dt><\/dl><dl class='gallery-item'>\n\t\t\t<dt class='gallery-icon portrait'>\n\t\t\t\t<a href='https:\/\/landvanfluwel.nl\/de\/pannenkoekenhuis\/fluwels-muziek-bingo-27\/'><img decoding=\"async\" width=\"150\" height=\"150\" src=\"https:\/\/landvanfluwel.nl\/wp-content\/uploads\/2025\/05\/Fluwels-muziek-Bingo-27-150x150.jpg\" class=\"attachment-thumbnail size-thumbnail\" alt=\"\" \/><\/a>\n\t\t\t<\/dt><\/dl><br style=\"clear: both\" \/>\n\t\t<\/div>\n\n<p>&nbsp;<\/p>\n<p>&nbsp;<\/p>","protected":false},"excerpt":{"rendered":"<p>Wil je komen eten met een grote groep? Geen probleem! In Restaurant &#8216;De Kneinsberg&#8217; kun je overheerlijk eten van de kaart. Er is in ons restaurant ruimte genoeg om met een (grote) groep te komen eten. Dit kan \u00e0 la carte, maar in overleg met de kok kunnen we ook een speciaal menu samenstellen of [&hellip;]<\/p>\n","protected":false},"author":2,"featured_media":4315,"parent":0,"menu_order":0,"comment_status":"closed","ping_status":"closed","template":"","meta":{"footnotes":""},"class_list":["post-235","page","type-page","status-publish","has-post-thumbnail","hentry"],"yoast_head":"<!-- This site is optimized with the Yoast SEO plugin v27.3 - https:\/\/yoast.com\/product\/yoast-seo-wordpress\/ -->\n<title>Eten met een groep bij Restaurant De Kneinsberg? - Land van Fluwel<\/title>\n<meta name=\"description\" content=\"Er is ruimte genoeg om met een groep te komen eten. Dit kan \u00e0 la carte, maar in overleg kunnen we ook een speciaal menu samenstellen of buiten een BBQ organiseren.\" \/>\n<meta name=\"robots\" content=\"index, follow, max-snippet:-1, max-image-preview:large, max-video-preview:-1\" \/>\n<link rel=\"canonical\" href=\"https:\/\/landvanfluwel.nl\/de\/eten-met-een-groep\/\" \/>\n<meta property=\"og:locale\" content=\"de_DE\" \/>\n<meta property=\"og:type\" content=\"article\" \/>\n<meta property=\"og:title\" content=\"Eten met een groep bij Restaurant De Kneinsberg? - Land van Fluwel\" \/>\n<meta property=\"og:description\" content=\"Er is ruimte genoeg om met een groep te komen eten. Dit kan \u00e0 la carte, maar in overleg kunnen we ook een speciaal menu samenstellen of buiten een BBQ organiseren.\" \/>\n<meta property=\"og:url\" content=\"https:\/\/landvanfluwel.nl\/de\/eten-met-een-groep\/\" \/>\n<meta property=\"og:site_name\" content=\"Land van Fluwel\" \/>\n<meta property=\"article:modified_time\" content=\"2026-01-28T13:03:03+00:00\" \/>\n<meta property=\"og:image\" content=\"https:\/\/landvanfluwel.nl\/wp-content\/uploads\/2025\/05\/Fluwels-muziek-Bingo-25.jpg\" \/>\n\t<meta property=\"og:image:width\" content=\"2048\" \/>\n\t<meta property=\"og:image:height\" content=\"1365\" \/>\n\t<meta property=\"og:image:type\" content=\"image\/jpeg\" \/>\n<meta name=\"twitter:card\" content=\"summary_large_image\" \/>\n<meta name=\"twitter:label1\" content=\"Gesch\u00e4tzte Lesezeit\" \/>\n\t<meta name=\"twitter:data1\" content=\"1\u00a0Minute\" \/>\n<script type=\"application\/ld+json\" class=\"yoast-schema-graph\">{\"@context\":\"https:\\\/\\\/schema.org\",\"@graph\":[{\"@type\":\"WebPage\",\"@id\":\"https:\\\/\\\/landvanfluwel.nl\\\/eten-met-een-groep\\\/\",\"url\":\"https:\\\/\\\/landvanfluwel.nl\\\/eten-met-een-groep\\\/\",\"name\":\"Eten met een groep bij Restaurant De Kneinsberg? - Land van Fluwel\",\"isPartOf\":{\"@id\":\"https:\\\/\\\/landvanfluwel.nl\\\/#website\"},\"primaryImageOfPage\":{\"@id\":\"https:\\\/\\\/landvanfluwel.nl\\\/eten-met-een-groep\\\/#primaryimage\"},\"image\":{\"@id\":\"https:\\\/\\\/landvanfluwel.nl\\\/eten-met-een-groep\\\/#primaryimage\"},\"thumbnailUrl\":\"https:\\\/\\\/landvanfluwel.nl\\\/wp-content\\\/uploads\\\/2025\\\/05\\\/Fluwels-muziek-Bingo-25.jpg\",\"datePublished\":\"2018-03-13T11:33:42+00:00\",\"dateModified\":\"2026-01-28T13:03:03+00:00\",\"description\":\"Er is ruimte genoeg om met een groep te komen eten. Dit kan \u00e0 la carte, maar in overleg kunnen we ook een speciaal menu samenstellen of buiten een BBQ organiseren.\",\"breadcrumb\":{\"@id\":\"https:\\\/\\\/landvanfluwel.nl\\\/eten-met-een-groep\\\/#breadcrumb\"},\"inLanguage\":\"de\",\"potentialAction\":[{\"@type\":\"ReadAction\",\"target\":[\"https:\\\/\\\/landvanfluwel.nl\\\/eten-met-een-groep\\\/\"]}]},{\"@type\":\"ImageObject\",\"inLanguage\":\"de\",\"@id\":\"https:\\\/\\\/landvanfluwel.nl\\\/eten-met-een-groep\\\/#primaryimage\",\"url\":\"https:\\\/\\\/landvanfluwel.nl\\\/wp-content\\\/uploads\\\/2025\\\/05\\\/Fluwels-muziek-Bingo-25.jpg\",\"contentUrl\":\"https:\\\/\\\/landvanfluwel.nl\\\/wp-content\\\/uploads\\\/2025\\\/05\\\/Fluwels-muziek-Bingo-25.jpg\",\"width\":2048,\"height\":1365,\"caption\":\"Pannenkoek appel\"},{\"@type\":\"BreadcrumbList\",\"@id\":\"https:\\\/\\\/landvanfluwel.nl\\\/eten-met-een-groep\\\/#breadcrumb\",\"itemListElement\":[{\"@type\":\"ListItem\",\"position\":1,\"name\":\"Home\",\"item\":\"https:\\\/\\\/landvanfluwel.nl\\\/\"},{\"@type\":\"ListItem\",\"position\":2,\"name\":\"Eten met een groep?\"}]},{\"@type\":\"WebSite\",\"@id\":\"https:\\\/\\\/landvanfluwel.nl\\\/#website\",\"url\":\"https:\\\/\\\/landvanfluwel.nl\\\/\",\"name\":\"Land van Fluwel\",\"description\":\"Beleef het Avontuur!\",\"publisher\":{\"@id\":\"https:\\\/\\\/landvanfluwel.nl\\\/#organization\"},\"potentialAction\":[{\"@type\":\"SearchAction\",\"target\":{\"@type\":\"EntryPoint\",\"urlTemplate\":\"https:\\\/\\\/landvanfluwel.nl\\\/?s={search_term_string}\"},\"query-input\":{\"@type\":\"PropertyValueSpecification\",\"valueRequired\":true,\"valueName\":\"search_term_string\"}}],\"inLanguage\":\"de\"},{\"@type\":\"Organization\",\"@id\":\"https:\\\/\\\/landvanfluwel.nl\\\/#organization\",\"name\":\"Land van Fluwel\",\"url\":\"https:\\\/\\\/landvanfluwel.nl\\\/\",\"logo\":{\"@type\":\"ImageObject\",\"inLanguage\":\"de\",\"@id\":\"https:\\\/\\\/landvanfluwel.nl\\\/#\\\/schema\\\/logo\\\/image\\\/\",\"url\":\"https:\\\/\\\/landvanfluwel.nl\\\/wp-content\\\/uploads\\\/2018\\\/03\\\/cropped-logo_landvanfluwel-1.png\",\"contentUrl\":\"https:\\\/\\\/landvanfluwel.nl\\\/wp-content\\\/uploads\\\/2018\\\/03\\\/cropped-logo_landvanfluwel-1.png\",\"width\":100,\"height\":119,\"caption\":\"Land van Fluwel\"},\"image\":{\"@id\":\"https:\\\/\\\/landvanfluwel.nl\\\/#\\\/schema\\\/logo\\\/image\\\/\"}}]}<\/script>\n<!-- \/ Yoast SEO plugin. -->","yoast_head_json":{"title":"Essen Sie mit einer Gruppe im Restaurant De Kneinsberg? - Land van Fluwel","description":"Es gibt viel Platz f\u00fcr eine Gruppe zum Essen. Dies kann \u00e0 la carte erfolgen, in Absprache k\u00f6nnen wir aber auch ein spezielles Men\u00fc zusammenstellen oder ein BBQ im Freien organisieren.","robots":{"index":"index","follow":"follow","max-snippet":"max-snippet:-1","max-image-preview":"max-image-preview:large","max-video-preview":"max-video-preview:-1"},"canonical":"https:\/\/landvanfluwel.nl\/de\/eten-met-een-groep\/","og_locale":"de_DE","og_type":"article","og_title":"Eten met een groep bij Restaurant De Kneinsberg? - Land van Fluwel","og_description":"Er is ruimte genoeg om met een groep te komen eten. Dit kan \u00e0 la carte, maar in overleg kunnen we ook een speciaal menu samenstellen of buiten een BBQ organiseren.","og_url":"https:\/\/landvanfluwel.nl\/de\/eten-met-een-groep\/","og_site_name":"Land van Fluwel","article_modified_time":"2026-01-28T13:03:03+00:00","og_image":[{"width":2048,"height":1365,"url":"https:\/\/landvanfluwel.nl\/wp-content\/uploads\/2025\/05\/Fluwels-muziek-Bingo-25.jpg","type":"image\/jpeg"}],"twitter_card":"summary_large_image","twitter_misc":{"Gesch\u00e4tzte Lesezeit":"1\u00a0Minute"},"schema":{"@context":"https:\/\/schema.org","@graph":[{"@type":"WebPage","@id":"https:\/\/landvanfluwel.nl\/eten-met-een-groep\/","url":"https:\/\/landvanfluwel.nl\/eten-met-een-groep\/","name":"Essen Sie mit einer Gruppe im Restaurant De Kneinsberg? - Land van Fluwel","isPartOf":{"@id":"https:\/\/landvanfluwel.nl\/#website"},"primaryImageOfPage":{"@id":"https:\/\/landvanfluwel.nl\/eten-met-een-groep\/#primaryimage"},"image":{"@id":"https:\/\/landvanfluwel.nl\/eten-met-een-groep\/#primaryimage"},"thumbnailUrl":"https:\/\/landvanfluwel.nl\/wp-content\/uploads\/2025\/05\/Fluwels-muziek-Bingo-25.jpg","datePublished":"2018-03-13T11:33:42+00:00","dateModified":"2026-01-28T13:03:03+00:00","description":"Es gibt viel Platz f\u00fcr eine Gruppe zum Essen. Dies kann \u00e0 la carte erfolgen, in Absprache k\u00f6nnen wir aber auch ein spezielles Men\u00fc zusammenstellen oder ein BBQ im Freien organisieren.","breadcrumb":{"@id":"https:\/\/landvanfluwel.nl\/eten-met-een-groep\/#breadcrumb"},"inLanguage":"de","potentialAction":[{"@type":"ReadAction","target":["https:\/\/landvanfluwel.nl\/eten-met-een-groep\/"]}]},{"@type":"ImageObject","inLanguage":"de","@id":"https:\/\/landvanfluwel.nl\/eten-met-een-groep\/#primaryimage","url":"https:\/\/landvanfluwel.nl\/wp-content\/uploads\/2025\/05\/Fluwels-muziek-Bingo-25.jpg","contentUrl":"https:\/\/landvanfluwel.nl\/wp-content\/uploads\/2025\/05\/Fluwels-muziek-Bingo-25.jpg","width":2048,"height":1365,"caption":"Pannenkoek appel"},{"@type":"BreadcrumbList","@id":"https:\/\/landvanfluwel.nl\/eten-met-een-groep\/#breadcrumb","itemListElement":[{"@type":"ListItem","position":1,"name":"Home","item":"https:\/\/landvanfluwel.nl\/"},{"@type":"ListItem","position":2,"name":"Eten met een groep?"}]},{"@type":"WebSite","@id":"https:\/\/landvanfluwel.nl\/#website","url":"https:\/\/landvanfluwel.nl\/","name":"Land van Fluwel","description":"Erleben Sie das Abenteuer!","publisher":{"@id":"https:\/\/landvanfluwel.nl\/#organization"},"potentialAction":[{"@type":"SearchAction","target":{"@type":"EntryPoint","urlTemplate":"https:\/\/landvanfluwel.nl\/?s={search_term_string}"},"query-input":{"@type":"PropertyValueSpecification","valueRequired":true,"valueName":"search_term_string"}}],"inLanguage":"de"},{"@type":"Organization","@id":"https:\/\/landvanfluwel.nl\/#organization","name":"Land van Fluwel","url":"https:\/\/landvanfluwel.nl\/","logo":{"@type":"ImageObject","inLanguage":"de","@id":"https:\/\/landvanfluwel.nl\/#\/schema\/logo\/image\/","url":"https:\/\/landvanfluwel.nl\/wp-content\/uploads\/2018\/03\/cropped-logo_landvanfluwel-1.png","contentUrl":"https:\/\/landvanfluwel.nl\/wp-content\/uploads\/2018\/03\/cropped-logo_landvanfluwel-1.png","width":100,"height":119,"caption":"Land van Fluwel"},"image":{"@id":"https:\/\/landvanfluwel.nl\/#\/schema\/logo\/image\/"}}]}},"_links":{"self":[{"href":"https:\/\/landvanfluwel.nl\/de\/wp-json\/wp\/v2\/pages\/235","targetHints":{"allow":["GET"]}}],"collection":[{"href":"https:\/\/landvanfluwel.nl\/de\/wp-json\/wp\/v2\/pages"}],"about":[{"href":"https:\/\/landvanfluwel.nl\/de\/wp-json\/wp\/v2\/types\/page"}],"author":[{"embeddable":true,"href":"https:\/\/landvanfluwel.nl\/de\/wp-json\/wp\/v2\/users\/2"}],"replies":[{"embeddable":true,"href":"https:\/\/landvanfluwel.nl\/de\/wp-json\/wp\/v2\/comments?post=235"}],"version-history":[{"count":0,"href":"https:\/\/landvanfluwel.nl\/de\/wp-json\/wp\/v2\/pages\/235\/revisions"}],"wp:featuredmedia":[{"embeddable":true,"href":"https:\/\/landvanfluwel.nl\/de\/wp-json\/wp\/v2\/media\/4315"}],"wp:attachment":[{"href":"https:\/\/landvanfluwel.nl\/de\/wp-json\/wp\/v2\/media?parent=235"}],"curies":[{"name":"wp","href":"https:\/\/api.w.org\/{rel}","templated":true}]}}