{"id":225,"date":"2018-03-13T11:16:01","date_gmt":"2018-03-13T11:16:01","guid":{"rendered":"https:\/\/landvanfluwel.nl\/?page_id=225"},"modified":"2026-03-31T10:14:07","modified_gmt":"2026-03-31T08:14:07","slug":"pannenkoekenhuis","status":"publish","type":"page","link":"https:\/\/landvanfluwel.nl\/de\/pannenkoekenhuis\/","title":{"rendered":"Pfannkuchenhaus"},"content":{"rendered":"<p>Zeit f\u00fcr eine angenehme Pause? Gerne verw\u00f6hnen wir Sie in unserem Pfannkuchenhaus oder auf der Terrasse mit verschiedenen Pfannkuchensorten. Das Pfannkuchenhaus geh\u00f6rt dazu <span style=\"text-decoration: underline;\"><strong><a href=\"https:\/\/landvanfluwel.nl\/de\/restaurant-de-kneinsberg\/\">Restaurant \u201eDe Kneinsberg\u201c<\/a><\/strong><\/span>.<\/p>\n<p>Unsere Pfannkuchen sind nicht irgendwelche Pfannkuchen, sondern OER-Pfannkuchen. Es sind robuste Pfannkuchen mit viel Geschmack aufgrund der OER-K\u00f6rner Dinkel, Hafer, Buchweizen und Gerste, die der Pfannkuchenmischung zugesetzt wurden. Unsere Pfannkuchen enthalten keine unn\u00f6tigen Zusatzstoffe und sind (auf Wunsch) auch gluten- und\/oder laktosefrei erh\u00e4ltlich.<\/p>\n<p>Nehmen Sie Platz auf der sonnigen Terrasse oder suchen Sie sich ein gem\u00fctliches Pl\u00e4tzchen im alten Bauernhaus und lassen Sie sich verw\u00f6hnen.<\/p>\n<p>Die K\u00fcche ist t\u00e4glich ge\u00f6ffnet, wenn der Abenteuerpark ge\u00f6ffnet ist. Das Restaurant kann auch ohne Betreten des Parks besucht werden. Auch wenn der Park um 18 Uhr schlie\u00dft, besteht weiterhin die M\u00f6glichkeit, ein k\u00f6stliches Essen zu genie\u00dfen.<\/p>\n<ul>\n<li><span style=\"text-decoration: underline;\"><strong><a href=\"https:\/\/landvanfluwel.nl\/wp-content\/uploads\/2026\/03\/Menukaart-2026-6.pdf\">Speisekarte<\/a><\/strong><\/span><span style=\"text-decoration: underline;\"><br \/>\n<\/span><\/li>\n<\/ul>\n<blockquote><p>Pfannkuchenhaus mit Spielplatz!<\/p><\/blockquote>\n<p>Reservierungen verhindern Entt\u00e4uschungen und k\u00f6nnen unter 0224-562555 vorgenommen werden. Wir w\u00fcrden uns freuen, Sie zu sehen!<\/p>\n\n\t\t<style type=\"text\/css\">\n\t\t\t#gallery-1 {\n\t\t\t\tmargin: auto;\n\t\t\t}\n\t\t\t#gallery-1 .gallery-item {\n\t\t\t\tfloat: left;\n\t\t\t\tmargin-top: 10px;\n\t\t\t\ttext-align: center;\n\t\t\t\twidth: 33%;\n\t\t\t}\n\t\t\t#gallery-1 img {\n\t\t\t\tborder: 2px solid #cfcfcf;\n\t\t\t}\n\t\t\t#gallery-1 .gallery-caption {\n\t\t\t\tmargin-left: 0;\n\t\t\t}\n\t\t\t\/* see gallery_shortcode() in wp-includes\/media.php *\/\n\t\t<\/style>\n\t\t<div id='gallery-1' class='gallery galleryid-225 gallery-columns-3 gallery-size-thumbnail'><dl class='gallery-item'>\n\t\t\t<dt class='gallery-icon landscape'>\n\t\t\t\t<a href='https:\/\/landvanfluwel.nl\/de\/land-van-fluwel-avonturenparadijs-103\/'><img decoding=\"async\" width=\"150\" height=\"150\" src=\"https:\/\/landvanfluwel.nl\/wp-content\/uploads\/2025\/05\/Land-van-Fluwel-avonturenparadijs-103-150x150.jpg\" class=\"attachment-thumbnail size-thumbnail\" alt=\"\" \/><\/a>\n\t\t\t<\/dt><\/dl><dl class='gallery-item'>\n\t\t\t<dt class='gallery-icon landscape'>\n\t\t\t\t<a href='https:\/\/landvanfluwel.nl\/de\/pannenkoekenhuis\/fluwels-muziek-bingo-25\/'><img decoding=\"async\" width=\"150\" height=\"150\" src=\"https:\/\/landvanfluwel.nl\/wp-content\/uploads\/2025\/05\/Fluwels-muziek-Bingo-25-150x150.jpg\" class=\"attachment-thumbnail size-thumbnail\" alt=\"\" aria-describedby=\"gallery-1-4315\" \/><\/a>\n\t\t\t<\/dt>\n\t\t\t\t<dd class='wp-caption-text gallery-caption' id='gallery-1-4315'>\n\t\t\t\tApfelpfannkuchen\n\t\t\t\t<\/dd><\/dl><dl class='gallery-item'>\n\t\t\t<dt class='gallery-icon portrait'>\n\t\t\t\t<a href='https:\/\/landvanfluwel.nl\/de\/pannenkoekenhuis\/fluwels-muziek-bingo-27\/'><img decoding=\"async\" width=\"150\" height=\"150\" src=\"https:\/\/landvanfluwel.nl\/wp-content\/uploads\/2025\/05\/Fluwels-muziek-Bingo-27-150x150.jpg\" class=\"attachment-thumbnail size-thumbnail\" alt=\"\" \/><\/a>\n\t\t\t<\/dt><\/dl><br style=\"clear: both\" \/>\n\t\t<\/div>","protected":false},"excerpt":{"rendered":"<p>Tijd voor een aangename pauze? We verwennen je graag in ons Pannenkoekenhuis of op het terras met verschillende soorten pannenkoeken. Het pannenkoekenhuis is onderdeel van Restaurant &#8216;De Kneinsberg&#8217;. Onze pannenkoeken zijn niet zomaar pannenkoeken, maar OER-pannenkoeken. Het zijn stOERe pannenkoeken met heel veel smaak door de OER-granen spelt, haver, boekweit en gerst die extra aan [&hellip;]<\/p>\n","protected":false},"author":2,"featured_media":2807,"parent":0,"menu_order":0,"comment_status":"closed","ping_status":"closed","template":"","meta":{"footnotes":""},"class_list":["post-225","page","type-page","status-publish","has-post-thumbnail","hentry"],"yoast_head":"<!-- This site is optimized with the Yoast SEO plugin v27.3 - https:\/\/yoast.com\/product\/yoast-seo-wordpress\/ -->\n<title>Pannenkoekenhuis, met echte OER-pannenkoeken! - Land van Fluwel<\/title>\n<meta name=\"description\" content=\"We verwennen je graag in ons Pannenkoekenhuis met verschillende OER-pannenkoeken! Zonder kunstmatige toevoegingen en op verzoek gluten- en\/of lactosevrij.\" \/>\n<meta name=\"robots\" content=\"index, follow, max-snippet:-1, max-image-preview:large, max-video-preview:-1\" \/>\n<link rel=\"canonical\" href=\"https:\/\/landvanfluwel.nl\/de\/pannenkoekenhuis\/\" \/>\n<meta property=\"og:locale\" content=\"de_DE\" \/>\n<meta property=\"og:type\" content=\"article\" \/>\n<meta property=\"og:title\" content=\"Pannenkoekenhuis, met echte OER-pannenkoeken! - Land van Fluwel\" \/>\n<meta property=\"og:description\" content=\"We verwennen je graag in ons Pannenkoekenhuis met verschillende OER-pannenkoeken! Zonder kunstmatige toevoegingen en op verzoek gluten- en\/of lactosevrij.\" \/>\n<meta property=\"og:url\" content=\"https:\/\/landvanfluwel.nl\/de\/pannenkoekenhuis\/\" \/>\n<meta property=\"og:site_name\" content=\"Land van Fluwel\" \/>\n<meta property=\"article:modified_time\" content=\"2026-03-31T08:14:07+00:00\" \/>\n<meta property=\"og:image\" content=\"https:\/\/landvanfluwel.nl\/wp-content\/uploads\/2018\/03\/SON01314-min-scaled.jpg\" \/>\n\t<meta property=\"og:image:width\" content=\"2560\" \/>\n\t<meta property=\"og:image:height\" content=\"1707\" \/>\n\t<meta property=\"og:image:type\" content=\"image\/jpeg\" \/>\n<meta name=\"twitter:card\" content=\"summary_large_image\" \/>\n<meta name=\"twitter:label1\" content=\"Gesch\u00e4tzte Lesezeit\" \/>\n\t<meta name=\"twitter:data1\" content=\"1\u00a0Minute\" \/>\n<script type=\"application\/ld+json\" class=\"yoast-schema-graph\">{\"@context\":\"https:\\\/\\\/schema.org\",\"@graph\":[{\"@type\":\"WebPage\",\"@id\":\"https:\\\/\\\/landvanfluwel.nl\\\/pannenkoekenhuis\\\/\",\"url\":\"https:\\\/\\\/landvanfluwel.nl\\\/pannenkoekenhuis\\\/\",\"name\":\"Pannenkoekenhuis, met echte OER-pannenkoeken! - Land van Fluwel\",\"isPartOf\":{\"@id\":\"https:\\\/\\\/landvanfluwel.nl\\\/#website\"},\"primaryImageOfPage\":{\"@id\":\"https:\\\/\\\/landvanfluwel.nl\\\/pannenkoekenhuis\\\/#primaryimage\"},\"image\":{\"@id\":\"https:\\\/\\\/landvanfluwel.nl\\\/pannenkoekenhuis\\\/#primaryimage\"},\"thumbnailUrl\":\"https:\\\/\\\/landvanfluwel.nl\\\/wp-content\\\/uploads\\\/2018\\\/03\\\/SON01314-min-scaled.jpg\",\"datePublished\":\"2018-03-13T11:16:01+00:00\",\"dateModified\":\"2026-03-31T08:14:07+00:00\",\"description\":\"We verwennen je graag in ons Pannenkoekenhuis met verschillende OER-pannenkoeken! Zonder kunstmatige toevoegingen en op verzoek gluten- en\\\/of lactosevrij.\",\"breadcrumb\":{\"@id\":\"https:\\\/\\\/landvanfluwel.nl\\\/pannenkoekenhuis\\\/#breadcrumb\"},\"inLanguage\":\"de\",\"potentialAction\":[{\"@type\":\"ReadAction\",\"target\":[\"https:\\\/\\\/landvanfluwel.nl\\\/pannenkoekenhuis\\\/\"]}]},{\"@type\":\"ImageObject\",\"inLanguage\":\"de\",\"@id\":\"https:\\\/\\\/landvanfluwel.nl\\\/pannenkoekenhuis\\\/#primaryimage\",\"url\":\"https:\\\/\\\/landvanfluwel.nl\\\/wp-content\\\/uploads\\\/2018\\\/03\\\/SON01314-min-scaled.jpg\",\"contentUrl\":\"https:\\\/\\\/landvanfluwel.nl\\\/wp-content\\\/uploads\\\/2018\\\/03\\\/SON01314-min-scaled.jpg\",\"width\":2560,\"height\":1707},{\"@type\":\"BreadcrumbList\",\"@id\":\"https:\\\/\\\/landvanfluwel.nl\\\/pannenkoekenhuis\\\/#breadcrumb\",\"itemListElement\":[{\"@type\":\"ListItem\",\"position\":1,\"name\":\"Home\",\"item\":\"https:\\\/\\\/landvanfluwel.nl\\\/\"},{\"@type\":\"ListItem\",\"position\":2,\"name\":\"Pannenkoekenhuis\"}]},{\"@type\":\"WebSite\",\"@id\":\"https:\\\/\\\/landvanfluwel.nl\\\/#website\",\"url\":\"https:\\\/\\\/landvanfluwel.nl\\\/\",\"name\":\"Land van Fluwel\",\"description\":\"Beleef het Avontuur!\",\"publisher\":{\"@id\":\"https:\\\/\\\/landvanfluwel.nl\\\/#organization\"},\"potentialAction\":[{\"@type\":\"SearchAction\",\"target\":{\"@type\":\"EntryPoint\",\"urlTemplate\":\"https:\\\/\\\/landvanfluwel.nl\\\/?s={search_term_string}\"},\"query-input\":{\"@type\":\"PropertyValueSpecification\",\"valueRequired\":true,\"valueName\":\"search_term_string\"}}],\"inLanguage\":\"de\"},{\"@type\":\"Organization\",\"@id\":\"https:\\\/\\\/landvanfluwel.nl\\\/#organization\",\"name\":\"Land van Fluwel\",\"url\":\"https:\\\/\\\/landvanfluwel.nl\\\/\",\"logo\":{\"@type\":\"ImageObject\",\"inLanguage\":\"de\",\"@id\":\"https:\\\/\\\/landvanfluwel.nl\\\/#\\\/schema\\\/logo\\\/image\\\/\",\"url\":\"https:\\\/\\\/landvanfluwel.nl\\\/wp-content\\\/uploads\\\/2018\\\/03\\\/cropped-logo_landvanfluwel-1.png\",\"contentUrl\":\"https:\\\/\\\/landvanfluwel.nl\\\/wp-content\\\/uploads\\\/2018\\\/03\\\/cropped-logo_landvanfluwel-1.png\",\"width\":100,\"height\":119,\"caption\":\"Land van Fluwel\"},\"image\":{\"@id\":\"https:\\\/\\\/landvanfluwel.nl\\\/#\\\/schema\\\/logo\\\/image\\\/\"}}]}<\/script>\n<!-- \/ Yoast SEO plugin. -->","yoast_head_json":{"title":"Pfannkuchenhaus mit echten OER-Pfannkuchen! - Land van Fluwel","description":"Gerne verw\u00f6hnen wir Sie in unserem Pfannkuchenhaus mit verschiedenen OER-Pfannkuchen! Ohne k\u00fcnstliche Zusatzstoffe und auf Wunsch gluten- und\/oder laktosefrei.","robots":{"index":"index","follow":"follow","max-snippet":"max-snippet:-1","max-image-preview":"max-image-preview:large","max-video-preview":"max-video-preview:-1"},"canonical":"https:\/\/landvanfluwel.nl\/de\/pannenkoekenhuis\/","og_locale":"de_DE","og_type":"article","og_title":"Pannenkoekenhuis, met echte OER-pannenkoeken! - Land van Fluwel","og_description":"We verwennen je graag in ons Pannenkoekenhuis met verschillende OER-pannenkoeken! Zonder kunstmatige toevoegingen en op verzoek gluten- en\/of lactosevrij.","og_url":"https:\/\/landvanfluwel.nl\/de\/pannenkoekenhuis\/","og_site_name":"Land van Fluwel","article_modified_time":"2026-03-31T08:14:07+00:00","og_image":[{"width":2560,"height":1707,"url":"https:\/\/landvanfluwel.nl\/wp-content\/uploads\/2018\/03\/SON01314-min-scaled.jpg","type":"image\/jpeg"}],"twitter_card":"summary_large_image","twitter_misc":{"Gesch\u00e4tzte Lesezeit":"1\u00a0Minute"},"schema":{"@context":"https:\/\/schema.org","@graph":[{"@type":"WebPage","@id":"https:\/\/landvanfluwel.nl\/pannenkoekenhuis\/","url":"https:\/\/landvanfluwel.nl\/pannenkoekenhuis\/","name":"Pfannkuchenhaus mit echten OER-Pfannkuchen! - Land van Fluwel","isPartOf":{"@id":"https:\/\/landvanfluwel.nl\/#website"},"primaryImageOfPage":{"@id":"https:\/\/landvanfluwel.nl\/pannenkoekenhuis\/#primaryimage"},"image":{"@id":"https:\/\/landvanfluwel.nl\/pannenkoekenhuis\/#primaryimage"},"thumbnailUrl":"https:\/\/landvanfluwel.nl\/wp-content\/uploads\/2018\/03\/SON01314-min-scaled.jpg","datePublished":"2018-03-13T11:16:01+00:00","dateModified":"2026-03-31T08:14:07+00:00","description":"Gerne verw\u00f6hnen wir Sie in unserem Pfannkuchenhaus mit verschiedenen OER-Pfannkuchen! Ohne k\u00fcnstliche Zusatzstoffe und auf Wunsch gluten- und\/oder laktosefrei.","breadcrumb":{"@id":"https:\/\/landvanfluwel.nl\/pannenkoekenhuis\/#breadcrumb"},"inLanguage":"de","potentialAction":[{"@type":"ReadAction","target":["https:\/\/landvanfluwel.nl\/pannenkoekenhuis\/"]}]},{"@type":"ImageObject","inLanguage":"de","@id":"https:\/\/landvanfluwel.nl\/pannenkoekenhuis\/#primaryimage","url":"https:\/\/landvanfluwel.nl\/wp-content\/uploads\/2018\/03\/SON01314-min-scaled.jpg","contentUrl":"https:\/\/landvanfluwel.nl\/wp-content\/uploads\/2018\/03\/SON01314-min-scaled.jpg","width":2560,"height":1707},{"@type":"BreadcrumbList","@id":"https:\/\/landvanfluwel.nl\/pannenkoekenhuis\/#breadcrumb","itemListElement":[{"@type":"ListItem","position":1,"name":"Home","item":"https:\/\/landvanfluwel.nl\/"},{"@type":"ListItem","position":2,"name":"Pannenkoekenhuis"}]},{"@type":"WebSite","@id":"https:\/\/landvanfluwel.nl\/#website","url":"https:\/\/landvanfluwel.nl\/","name":"Land van Fluwel","description":"Erleben Sie das Abenteuer!","publisher":{"@id":"https:\/\/landvanfluwel.nl\/#organization"},"potentialAction":[{"@type":"SearchAction","target":{"@type":"EntryPoint","urlTemplate":"https:\/\/landvanfluwel.nl\/?s={search_term_string}"},"query-input":{"@type":"PropertyValueSpecification","valueRequired":true,"valueName":"search_term_string"}}],"inLanguage":"de"},{"@type":"Organization","@id":"https:\/\/landvanfluwel.nl\/#organization","name":"Land van Fluwel","url":"https:\/\/landvanfluwel.nl\/","logo":{"@type":"ImageObject","inLanguage":"de","@id":"https:\/\/landvanfluwel.nl\/#\/schema\/logo\/image\/","url":"https:\/\/landvanfluwel.nl\/wp-content\/uploads\/2018\/03\/cropped-logo_landvanfluwel-1.png","contentUrl":"https:\/\/landvanfluwel.nl\/wp-content\/uploads\/2018\/03\/cropped-logo_landvanfluwel-1.png","width":100,"height":119,"caption":"Land van Fluwel"},"image":{"@id":"https:\/\/landvanfluwel.nl\/#\/schema\/logo\/image\/"}}]}},"_links":{"self":[{"href":"https:\/\/landvanfluwel.nl\/de\/wp-json\/wp\/v2\/pages\/225","targetHints":{"allow":["GET"]}}],"collection":[{"href":"https:\/\/landvanfluwel.nl\/de\/wp-json\/wp\/v2\/pages"}],"about":[{"href":"https:\/\/landvanfluwel.nl\/de\/wp-json\/wp\/v2\/types\/page"}],"author":[{"embeddable":true,"href":"https:\/\/landvanfluwel.nl\/de\/wp-json\/wp\/v2\/users\/2"}],"replies":[{"embeddable":true,"href":"https:\/\/landvanfluwel.nl\/de\/wp-json\/wp\/v2\/comments?post=225"}],"version-history":[{"count":1,"href":"https:\/\/landvanfluwel.nl\/de\/wp-json\/wp\/v2\/pages\/225\/revisions"}],"predecessor-version":[{"id":4740,"href":"https:\/\/landvanfluwel.nl\/de\/wp-json\/wp\/v2\/pages\/225\/revisions\/4740"}],"wp:featuredmedia":[{"embeddable":true,"href":"https:\/\/landvanfluwel.nl\/de\/wp-json\/wp\/v2\/media\/2807"}],"wp:attachment":[{"href":"https:\/\/landvanfluwel.nl\/de\/wp-json\/wp\/v2\/media?parent=225"}],"curies":[{"name":"wp","href":"https:\/\/api.w.org\/{rel}","templated":true}]}}