{"id":171,"date":"2018-03-11T15:50:20","date_gmt":"2018-03-11T15:50:20","guid":{"rendered":"https:\/\/landvanfluwel.nl\/?page_id=171"},"modified":"2026-03-24T13:24:44","modified_gmt":"2026-03-24T12:24:44","slug":"openingstijden-entree","status":"publish","type":"page","link":"https:\/\/landvanfluwel.nl\/de\/openingstijden-entree\/","title":{"rendered":"\u00d6ffnungszeiten &amp; Eintritt"},"content":{"rendered":"<div data-elementor-type=\"wp-page\" data-elementor-id=\"171\" class=\"elementor elementor-171\" data-elementor-post-type=\"page\">\n\t\t\t\t<div class=\"elementor-element elementor-element-1e3c1ff0 e-flex e-con-boxed e-con e-parent\" data-id=\"1e3c1ff0\" data-element_type=\"container\" data-e-type=\"container\">\n\t\t\t\t\t<div class=\"e-con-inner\">\n\t\t\t\t<div class=\"elementor-element elementor-element-365f8c1c elementor-widget elementor-widget-text-editor\" data-id=\"365f8c1c\" data-element_type=\"widget\" data-e-type=\"widget\" data-widget_type=\"text-editor.default\">\n\t\t\t\t<div class=\"elementor-widget-container\">\n\t\t\t\t\t\t\t\t\t<p><strong>Eintrittspreise 2026<br \/><\/strong><em>F\u00fcr einen Tag voller Abenteuer!<br \/><\/em><\/p><h6><a class=\"button-ticket\" href=\"https:\/\/tickets.landvanfluwel.nl\/\" target=\"_blank\" rel=\"noopener\">Klicken Sie hier f\u00fcr den Online-Ticketverkauf<\/a><\/h6><table style=\"width: 100%;\"><tbody><tr><td style=\"width: 50%;\">\u00a0<\/td><td style=\"width: 25%;\"><strong>Online<\/strong><\/td><td style=\"width: 25%;\"><strong>An der Kasse<\/strong><\/td><\/tr><tr><td>Kinder 3-13 Jahre<\/td><td>\u20ac 12,50<\/td><td>\u20ac 13,50<\/td><\/tr><tr><td>Kinder 2 Jahre<\/td><td>\u20ac 7,00<\/td><td>\u20ac 8,00<\/td><\/tr><tr><td>Kinder 0-1 Jahre<\/td><td>frei<\/td><td>frei<\/td><\/tr><tr><td>Erwachsene (14+)<\/td><td>\u20ac 11,50<\/td><td>\u20ac 12,50<\/td><\/tr><tr><td>Familienkarte 2 Erwachsene + 2 Kinder<\/td><td>\u20ac 46,00<\/td><td>\u20ac 48,00<\/td><\/tr><\/tbody><\/table><p><strong>Dauerkarten<\/strong>Diese Saisonkarten sind wieder erh\u00e4ltlich! Sie kosten 37,50 \u20ac f\u00fcr Kinder und 33,50 \u20ac f\u00fcr Erwachsene. Mit der Karte haben Sie die gesamte Saison \u00fcber Zutritt zum Park. Ausgenommen sind Sonderveranstaltungen wie Konzerte, Workshops und das Winterdinner. Die Saisonkarte ist im Land van Muziek g\u00fcltig! Sie k\u00f6nnen die Saisonkarte online erwerben. Die Karte ist personengebunden und nicht mit anderen Aktionen kombinierbar. Mit einer Saisonkarte ist keine Voranmeldung mehr n\u00f6tig. F\u00fcr weitere Informationen senden Sie bitte eine E-Mail an info@landvanfluwel.nl.<\/p><p><strong>Kinderfeste<br \/><\/strong>Kinderfeste k\u00f6nnen telefonisch unter 0224-562555 oder per E-Mail an reserviert werden <a href=\"mailto:boeking@landvanfluwel.nl\">boeking@landvanfluwel.nl<\/a>. Weitere Informationen zu Kinderfesten und den M\u00f6glichkeiten finden Sie auf der Sonderseite <span style=\"text-decoration: underline;\"><strong><a href=\"https:\/\/landvanfluwel.nl\/de\/kinderfeestje\/\">Seite f\u00fcr Kinderfeste<\/a><\/strong><\/span>.<\/p><p><strong>\u00d6ffnungszeiten<br \/><\/strong><\/p><p>Montag \u2013 Ge\u00f6ffnet von 10:00 bis 18:00 Uhr<br \/>Dienstag \u2013 Ge\u00f6ffnet von 10:00 bis 18:00 Uhr<br \/>Mittwoch \u2013 Ge\u00f6ffnet von 10:00 bis 18:00 Uhr<br \/>Donnerstag \u2013 Ge\u00f6ffnet von 10:00 bis 18:00 Uhr<br \/>Freitag \u2013 Ge\u00f6ffnet von 10:00 bis 18:00 Uhr<br \/>Samstag \u2013 Ge\u00f6ffnet von 10:00 bis 18:00 Uhr<br \/>Sonntag \u2013 Ge\u00f6ffnet von 10:00 bis 18:00 Uhr<\/p><blockquote><p>So viele Tage ge\u00f6ffnet!<\/p><\/blockquote><table style=\"width: 992px; height: 151px;\"><tbody><tr><td style=\"width: 30%; border: 1px solid black; padding: 5px;\">\u00a0<\/td><td style=\"width: 45%; border: 1px solid black; padding: 5px;\"><strong>\u00d6ffnungstage\u00a0<\/strong><\/td><td style=\"width: 25%; border: 1px solid black; padding: 5px;\"><strong>\u00d6ffnungszeiten\u00a0<\/strong><\/td><\/tr><tr><td style=\"border: 1px solid black; padding: 5px;\">21. M\u00e4rz bis August 2026<\/td><td style=\"border: 1px solid black; padding: 5px;\">T\u00e4glich<\/td><td style=\"border: 1px solid black; padding: 5px;\">10:00 - 18:00 Uhr<\/td><\/tr><tr><td style=\"border: 1px solid black; padding: 5px;\">September und Oktober 2026*<\/td><td style=\"border: 1px solid black; padding: 5px;\">Mittwoch \u2013 Sonntag<\/td><td style=\"border: 1px solid black; padding: 5px;\">10:00 - 18:00 Uhr<\/td><\/tr><\/tbody><\/table><p><em>*In den Herbstferien t\u00e4glich ge\u00f6ffnet.<\/em><\/p><p><strong>Parkplatz und Hunde<\/strong><br \/>Es gibt ausreichend kostenlose Parkpl\u00e4tze vor Ort. Auch Hunde sind im Land van Fluwel an der kurzen Leine willkommen. Nehmen Sie Hundetaschen mit und verlassen Sie den Park aufger\u00e4umt.<\/p><p><strong>Geschenkgutschein<br \/><\/strong>M\u00f6chten Sie ein super originelles Geschenk machen? Dann verschenken Sie einen Land van Fluwel-Gutschein!<br \/>Welche M\u00f6glichkeiten gibt es:<\/p><ul><li>Eigener Betrag Ihrer Wahl<\/li><li>Freikarten f\u00fcr Kinder und\/oder Erwachsene<\/li><li>Saisonkarten f\u00fcr Kinder und\/oder Erwachsene<\/li><\/ul><p>Geschenkgutscheine sind online erh\u00e4ltlich oder k\u00f6nnen am Eingang abgeholt werden.\u00a0<\/p><p class=\"col-md-12 col-xs-12\"><strong>Klicken Sie hier f\u00fcr <a href=\"https:\/\/landvanfluwel.nl\/de\/veelgestelde-vragen\/\">H\u00e4ufig gestellte Fragen<\/a><\/strong><\/p>\t\t\t\t\t\t\t\t<\/div>\n\t\t\t\t<\/div>\n\t\t\t\t\t<\/div>\n\t\t\t\t<\/div>\n\t\t\t\t<\/div>","protected":false},"excerpt":{"rendered":"<p>Toegangsprijzen 2026Voor een dag vol avontuur! Klik hier voor online ticketverkoop \u00a0 Online Aan de kassa Kinderen 3-13 jaar \u20ac 12,50 \u20ac 13,50 Kinderen 2 jaar \u20ac 7,00 \u20ac 8,00 Kinderen 0-1 jaar gratis gratis Volwassenen (14+) \u20ac 11,50 \u20ac 12,50 Gezinsticket 2 volwassenen + 2 kinderen \u20ac 46,00 \u20ac 48,00 Seizoenkaarten: Deze zijn dit [&hellip;]<\/p>\n","protected":false},"author":2,"featured_media":32,"parent":0,"menu_order":0,"comment_status":"closed","ping_status":"closed","template":"","meta":{"footnotes":""},"class_list":["post-171","page","type-page","status-publish","has-post-thumbnail","hentry"],"yoast_head":"<!-- This site is optimized with the Yoast SEO plugin v27.3 - https:\/\/yoast.com\/product\/yoast-seo-wordpress\/ -->\n<title>Openingstijden &amp; Entreeprijs - Land van Fluwel<\/title>\n<meta name=\"description\" content=\"Yeehaaa! Land van Fluwel is weer geopend. Kijk voor meer informatie over openingstijden en verkoop van tickets op onze site.\" \/>\n<meta name=\"robots\" content=\"index, follow, max-snippet:-1, max-image-preview:large, max-video-preview:-1\" \/>\n<link rel=\"canonical\" href=\"https:\/\/landvanfluwel.nl\/de\/openingstijden-entree\/\" \/>\n<meta property=\"og:locale\" content=\"de_DE\" \/>\n<meta property=\"og:type\" content=\"article\" \/>\n<meta property=\"og:title\" content=\"Openingstijden &amp; Entreeprijs - Land van Fluwel\" \/>\n<meta property=\"og:description\" content=\"Yeehaaa! Land van Fluwel is weer geopend. Kijk voor meer informatie over openingstijden en verkoop van tickets op onze site.\" \/>\n<meta property=\"og:url\" content=\"https:\/\/landvanfluwel.nl\/de\/openingstijden-entree\/\" \/>\n<meta property=\"og:site_name\" content=\"Land van Fluwel\" \/>\n<meta property=\"article:modified_time\" content=\"2026-03-24T12:24:44+00:00\" \/>\n<meta property=\"og:image\" content=\"https:\/\/landvanfluwel.nl\/wp-content\/uploads\/2018\/03\/home-img.jpg\" \/>\n\t<meta property=\"og:image:width\" content=\"2381\" \/>\n\t<meta property=\"og:image:height\" content=\"1120\" \/>\n\t<meta property=\"og:image:type\" content=\"image\/jpeg\" \/>\n<meta name=\"twitter:card\" content=\"summary_large_image\" \/>\n<meta name=\"twitter:label1\" content=\"Gesch\u00e4tzte Lesezeit\" \/>\n\t<meta name=\"twitter:data1\" content=\"2\u00a0Minuten\" \/>\n<script type=\"application\/ld+json\" class=\"yoast-schema-graph\">{\"@context\":\"https:\\\/\\\/schema.org\",\"@graph\":[{\"@type\":\"WebPage\",\"@id\":\"https:\\\/\\\/landvanfluwel.nl\\\/openingstijden-entree\\\/\",\"url\":\"https:\\\/\\\/landvanfluwel.nl\\\/openingstijden-entree\\\/\",\"name\":\"Openingstijden & Entreeprijs - Land van Fluwel\",\"isPartOf\":{\"@id\":\"https:\\\/\\\/landvanfluwel.nl\\\/#website\"},\"primaryImageOfPage\":{\"@id\":\"https:\\\/\\\/landvanfluwel.nl\\\/openingstijden-entree\\\/#primaryimage\"},\"image\":{\"@id\":\"https:\\\/\\\/landvanfluwel.nl\\\/openingstijden-entree\\\/#primaryimage\"},\"thumbnailUrl\":\"https:\\\/\\\/landvanfluwel.nl\\\/wp-content\\\/uploads\\\/2018\\\/03\\\/home-img.jpg\",\"datePublished\":\"2018-03-11T15:50:20+00:00\",\"dateModified\":\"2026-03-24T12:24:44+00:00\",\"description\":\"Yeehaaa! Land van Fluwel is weer geopend. Kijk voor meer informatie over openingstijden en verkoop van tickets op onze site.\",\"breadcrumb\":{\"@id\":\"https:\\\/\\\/landvanfluwel.nl\\\/openingstijden-entree\\\/#breadcrumb\"},\"inLanguage\":\"de\",\"potentialAction\":[{\"@type\":\"ReadAction\",\"target\":[\"https:\\\/\\\/landvanfluwel.nl\\\/openingstijden-entree\\\/\"]}]},{\"@type\":\"ImageObject\",\"inLanguage\":\"de\",\"@id\":\"https:\\\/\\\/landvanfluwel.nl\\\/openingstijden-entree\\\/#primaryimage\",\"url\":\"https:\\\/\\\/landvanfluwel.nl\\\/wp-content\\\/uploads\\\/2018\\\/03\\\/home-img.jpg\",\"contentUrl\":\"https:\\\/\\\/landvanfluwel.nl\\\/wp-content\\\/uploads\\\/2018\\\/03\\\/home-img.jpg\",\"width\":2381,\"height\":1120,\"caption\":\"Tekening entree\"},{\"@type\":\"BreadcrumbList\",\"@id\":\"https:\\\/\\\/landvanfluwel.nl\\\/openingstijden-entree\\\/#breadcrumb\",\"itemListElement\":[{\"@type\":\"ListItem\",\"position\":1,\"name\":\"Home\",\"item\":\"https:\\\/\\\/landvanfluwel.nl\\\/\"},{\"@type\":\"ListItem\",\"position\":2,\"name\":\"Openingstijden &#038; Entree\"}]},{\"@type\":\"WebSite\",\"@id\":\"https:\\\/\\\/landvanfluwel.nl\\\/#website\",\"url\":\"https:\\\/\\\/landvanfluwel.nl\\\/\",\"name\":\"Land van Fluwel\",\"description\":\"Beleef het Avontuur!\",\"publisher\":{\"@id\":\"https:\\\/\\\/landvanfluwel.nl\\\/#organization\"},\"potentialAction\":[{\"@type\":\"SearchAction\",\"target\":{\"@type\":\"EntryPoint\",\"urlTemplate\":\"https:\\\/\\\/landvanfluwel.nl\\\/?s={search_term_string}\"},\"query-input\":{\"@type\":\"PropertyValueSpecification\",\"valueRequired\":true,\"valueName\":\"search_term_string\"}}],\"inLanguage\":\"de\"},{\"@type\":\"Organization\",\"@id\":\"https:\\\/\\\/landvanfluwel.nl\\\/#organization\",\"name\":\"Land van Fluwel\",\"url\":\"https:\\\/\\\/landvanfluwel.nl\\\/\",\"logo\":{\"@type\":\"ImageObject\",\"inLanguage\":\"de\",\"@id\":\"https:\\\/\\\/landvanfluwel.nl\\\/#\\\/schema\\\/logo\\\/image\\\/\",\"url\":\"https:\\\/\\\/landvanfluwel.nl\\\/wp-content\\\/uploads\\\/2018\\\/03\\\/cropped-logo_landvanfluwel-1.png\",\"contentUrl\":\"https:\\\/\\\/landvanfluwel.nl\\\/wp-content\\\/uploads\\\/2018\\\/03\\\/cropped-logo_landvanfluwel-1.png\",\"width\":100,\"height\":119,\"caption\":\"Land van Fluwel\"},\"image\":{\"@id\":\"https:\\\/\\\/landvanfluwel.nl\\\/#\\\/schema\\\/logo\\\/image\\\/\"}}]}<\/script>\n<!-- \/ Yoast SEO plugin. -->","yoast_head_json":{"title":"\u00d6ffnungszeiten und Eintrittspreis: Land van Fluwel","description":"Yeehaaa! Land van Fluwel ist wieder ge\u00f6ffnet. Weitere Informationen zu \u00d6ffnungszeiten und Ticketverkauf finden Sie auf unserer Website.","robots":{"index":"index","follow":"follow","max-snippet":"max-snippet:-1","max-image-preview":"max-image-preview:large","max-video-preview":"max-video-preview:-1"},"canonical":"https:\/\/landvanfluwel.nl\/de\/openingstijden-entree\/","og_locale":"de_DE","og_type":"article","og_title":"Openingstijden & Entreeprijs - Land van Fluwel","og_description":"Yeehaaa! Land van Fluwel is weer geopend. Kijk voor meer informatie over openingstijden en verkoop van tickets op onze site.","og_url":"https:\/\/landvanfluwel.nl\/de\/openingstijden-entree\/","og_site_name":"Land van Fluwel","article_modified_time":"2026-03-24T12:24:44+00:00","og_image":[{"width":2381,"height":1120,"url":"https:\/\/landvanfluwel.nl\/wp-content\/uploads\/2018\/03\/home-img.jpg","type":"image\/jpeg"}],"twitter_card":"summary_large_image","twitter_misc":{"Gesch\u00e4tzte Lesezeit":"2\u00a0Minuten"},"schema":{"@context":"https:\/\/schema.org","@graph":[{"@type":"WebPage","@id":"https:\/\/landvanfluwel.nl\/openingstijden-entree\/","url":"https:\/\/landvanfluwel.nl\/openingstijden-entree\/","name":"\u00d6ffnungszeiten und Eintrittspreis: Land van Fluwel","isPartOf":{"@id":"https:\/\/landvanfluwel.nl\/#website"},"primaryImageOfPage":{"@id":"https:\/\/landvanfluwel.nl\/openingstijden-entree\/#primaryimage"},"image":{"@id":"https:\/\/landvanfluwel.nl\/openingstijden-entree\/#primaryimage"},"thumbnailUrl":"https:\/\/landvanfluwel.nl\/wp-content\/uploads\/2018\/03\/home-img.jpg","datePublished":"2018-03-11T15:50:20+00:00","dateModified":"2026-03-24T12:24:44+00:00","description":"Yeehaaa! Land van Fluwel ist wieder ge\u00f6ffnet. Weitere Informationen zu \u00d6ffnungszeiten und Ticketverkauf finden Sie auf unserer Website.","breadcrumb":{"@id":"https:\/\/landvanfluwel.nl\/openingstijden-entree\/#breadcrumb"},"inLanguage":"de","potentialAction":[{"@type":"ReadAction","target":["https:\/\/landvanfluwel.nl\/openingstijden-entree\/"]}]},{"@type":"ImageObject","inLanguage":"de","@id":"https:\/\/landvanfluwel.nl\/openingstijden-entree\/#primaryimage","url":"https:\/\/landvanfluwel.nl\/wp-content\/uploads\/2018\/03\/home-img.jpg","contentUrl":"https:\/\/landvanfluwel.nl\/wp-content\/uploads\/2018\/03\/home-img.jpg","width":2381,"height":1120,"caption":"Tekening entree"},{"@type":"BreadcrumbList","@id":"https:\/\/landvanfluwel.nl\/openingstijden-entree\/#breadcrumb","itemListElement":[{"@type":"ListItem","position":1,"name":"Home","item":"https:\/\/landvanfluwel.nl\/"},{"@type":"ListItem","position":2,"name":"Openingstijden &#038; Entree"}]},{"@type":"WebSite","@id":"https:\/\/landvanfluwel.nl\/#website","url":"https:\/\/landvanfluwel.nl\/","name":"Land van Fluwel","description":"Erleben Sie das Abenteuer!","publisher":{"@id":"https:\/\/landvanfluwel.nl\/#organization"},"potentialAction":[{"@type":"SearchAction","target":{"@type":"EntryPoint","urlTemplate":"https:\/\/landvanfluwel.nl\/?s={search_term_string}"},"query-input":{"@type":"PropertyValueSpecification","valueRequired":true,"valueName":"search_term_string"}}],"inLanguage":"de"},{"@type":"Organization","@id":"https:\/\/landvanfluwel.nl\/#organization","name":"Land van Fluwel","url":"https:\/\/landvanfluwel.nl\/","logo":{"@type":"ImageObject","inLanguage":"de","@id":"https:\/\/landvanfluwel.nl\/#\/schema\/logo\/image\/","url":"https:\/\/landvanfluwel.nl\/wp-content\/uploads\/2018\/03\/cropped-logo_landvanfluwel-1.png","contentUrl":"https:\/\/landvanfluwel.nl\/wp-content\/uploads\/2018\/03\/cropped-logo_landvanfluwel-1.png","width":100,"height":119,"caption":"Land van Fluwel"},"image":{"@id":"https:\/\/landvanfluwel.nl\/#\/schema\/logo\/image\/"}}]}},"_links":{"self":[{"href":"https:\/\/landvanfluwel.nl\/de\/wp-json\/wp\/v2\/pages\/171","targetHints":{"allow":["GET"]}}],"collection":[{"href":"https:\/\/landvanfluwel.nl\/de\/wp-json\/wp\/v2\/pages"}],"about":[{"href":"https:\/\/landvanfluwel.nl\/de\/wp-json\/wp\/v2\/types\/page"}],"author":[{"embeddable":true,"href":"https:\/\/landvanfluwel.nl\/de\/wp-json\/wp\/v2\/users\/2"}],"replies":[{"embeddable":true,"href":"https:\/\/landvanfluwel.nl\/de\/wp-json\/wp\/v2\/comments?post=171"}],"version-history":[{"count":9,"href":"https:\/\/landvanfluwel.nl\/de\/wp-json\/wp\/v2\/pages\/171\/revisions"}],"predecessor-version":[{"id":4727,"href":"https:\/\/landvanfluwel.nl\/de\/wp-json\/wp\/v2\/pages\/171\/revisions\/4727"}],"wp:featuredmedia":[{"embeddable":true,"href":"https:\/\/landvanfluwel.nl\/de\/wp-json\/wp\/v2\/media\/32"}],"wp:attachment":[{"href":"https:\/\/landvanfluwel.nl\/de\/wp-json\/wp\/v2\/media?parent=171"}],"curies":[{"name":"wp","href":"https:\/\/api.w.org\/{rel}","templated":true}]}}